{"id":3,"date":"2021-01-08T14:39:10","date_gmt":"2021-01-08T13:39:10","guid":{"rendered":"https:\/\/www.mounting-systems.com\/?page_id=3"},"modified":"2026-03-24T14:55:50","modified_gmt":"2026-03-24T13:55:50","slug":"vyhlasenie-o-ochrane-udajov","status":"publish","type":"page","link":"https:\/\/www.mounting-systems.com\/sk\/datenschutzerklaerung\/","title":{"rendered":"Z\u00e1sady ochrany osobn\u00fdch \u00fadajov"},"content":{"rendered":"<div class=\"wp-block-group cols-1-small\"><div class=\"wp-block-group__inner-container is-layout-flow wp-block-group-is-layout-flow\">\n<div class=\"wp-block-columns is-layout-flex wp-container-core-columns-is-layout-9d6595d7 wp-block-columns-is-layout-flex\">\n<div class=\"wp-block-column is-layout-flow wp-block-column-is-layout-flow\">\n<h2 class=\"wp-block-heading\">Z\u00e1sady ochrany osobn\u00fdch \u00fadajov<\/h2>\n\n\n\n<p>Prev\u00e1dzkovatelia t\u00fdchto str\u00e1nok ber\u00fa ochranu va\u0161ich osobn\u00fdch \u00fadajov ve\u013emi v\u00e1\u017ene. S va\u0161imi osobn\u00fdmi \u00fadajmi zaobch\u00e1dzame d\u00f4verne a v s\u00falade so z\u00e1konn\u00fdmi predpismi o ochrane osobn\u00fdch \u00fadajov a t\u00fdmito z\u00e1sadami ochrany osobn\u00fdch \u00fadajov. Vo v\u0161eobecnosti je mo\u017en\u00e9 pou\u017e\u00edva\u0165 na\u0161e webov\u00e9 str\u00e1nky bez poskytnutia osobn\u00fdch \u00fadajov. Ak sa na na\u0161ich webov\u00fdch str\u00e1nkach zhroma\u017e\u010fuj\u00fa osobn\u00e9 \u00fadaje (napr. meno, adresa alebo e-mailov\u00e1 adresa), v\u017edy sa tak deje v r\u00e1mci mo\u017enost\u00ed na dobrovo\u013enej b\u00e1ze. Tieto \u00fadaje nebud\u00fa bez v\u00e1\u0161ho v\u00fdslovn\u00e9ho s\u00fahlasu poskytnut\u00e9 tret\u00edm stran\u00e1m. Radi by sme upozornili, \u017ee prenos \u00fadajov cez internet (napr. pri komunik\u00e1cii prostredn\u00edctvom e-mailu) m\u00f4\u017ee by\u0165 vystaven\u00fd bezpe\u010dnostn\u00fdm zranite\u013enostiam. \u00dapln\u00e1 ochrana \u00fadajov pred pr\u00edstupom tret\u00edch str\u00e1n nie je mo\u017en\u00e1.<\/p>\n\n\n\n<p><strong>A) \u00daradn\u00edk pre ochranu osobn\u00fdch \u00fadajov spolo\u010dnosti<\/strong><br>N\u00e1zov firmy &amp; Kontaktn\u00e1 osoba<\/p>\n\n\n\n<p><strong>B) Pr\u00e1vo poda\u0165 s\u0165a\u017enos\u0165 dozorn\u00e9mu org\u00e1nu<br><\/strong>V s\u00falade s \u010dl\u00e1nkom 77 GDPR m\u00e1te pr\u00e1vo poda\u0165 s\u0165a\u017enos\u0165 dozorn\u00e9mu org\u00e1nu, ak sa domnievate, \u017ee va\u0161e osobn\u00e9 \u00fadaje sa sprac\u00favaj\u00fa nez\u00e1konne. Kontaktn\u00e9 \u00fadaje dozorn\u00e9ho org\u00e1nu na ochranu osobn\u00fdch \u00fadajov, ktor\u00fd je zodpovedn\u00fd za na\u0161u spolo\u010dnos\u0165, n\u00e1jdete v t\u00fdchto z\u00e1sad\u00e1ch ochrany osobn\u00fdch \u00fadajov.<br><br><strong>C) Cookies<\/strong><br>Niektor\u00e9 internetov\u00e9 str\u00e1nky pou\u017e\u00edvaj\u00fa tzv. cookies. Cookies nepo\u0161kodzuj\u00fa v\u00e1\u0161 po\u010d\u00edta\u010d a neobsahuj\u00fa v\u00edrusy. S\u00fabory cookie sa pou\u017e\u00edvaj\u00fa na to, aby boli na\u0161e webov\u00e9 str\u00e1nky u\u017e\u00edvate\u013esky pr\u00edvetivej\u0161ie, efekt\u00edvnej\u0161ie a bezpe\u010dnej\u0161ie. S\u00fabory cookie s\u00fa mal\u00e9 textov\u00e9 s\u00fabory, ktor\u00e9 sa ukladaj\u00fa do v\u00e1\u0161ho po\u010d\u00edta\u010da a uklad\u00e1 ich v\u00e1\u0161 prehliada\u010d. V\u00e4\u010d\u0161ina s\u00faborov cookie, ktor\u00e9 pou\u017e\u00edvame, s\u00fa tzv. s\u00fabory cookie rel\u00e1cie. Po skon\u010den\u00ed va\u0161ej n\u00e1v\u0161tevy sa automaticky vyma\u017e\u00fa. Ostatn\u00e9 s\u00fabory cookie zost\u00e1vaj\u00fa ulo\u017een\u00e9 vo va\u0161om koncovom zariaden\u00ed, k\u00fdm ich neodstr\u00e1nite. Tieto s\u00fabory cookie n\u00e1m umo\u017e\u0148uj\u00fa rozpozna\u0165 v\u00e1\u0161 prehliada\u010d pri va\u0161ej \u010fal\u0161ej n\u00e1v\u0161teve. Svoj prehliada\u010d m\u00f4\u017eete nastavi\u0165 tak, aby ste boli informovan\u00ed o nastaven\u00ed s\u00faborov cookie a povolili s\u00fabory cookie len v jednotliv\u00fdch pr\u00edpadoch, vyl\u00fa\u010dili prij\u00edmanie s\u00faborov cookie pre ur\u010dit\u00e9 pr\u00edpady alebo v\u0161eobecne a aktivovali automatick\u00e9 vymazanie s\u00faborov cookie pri zatvoren\u00ed prehliada\u010da. Ak s\u00fa s\u00fabory cookie deaktivovan\u00e9, funk\u010dnos\u0165 tejto webovej str\u00e1nky m\u00f4\u017ee by\u0165 obmedzen\u00e1.<\/p>\n\n\n\n<p><strong>D) Kontaktn\u00fd formul\u00e1r<\/strong><br>Ak n\u00e1m po\u0161lete ot\u00e1zky prostredn\u00edctvom kontaktn\u00e9ho formul\u00e1ra, va\u0161e \u00fadaje z formul\u00e1ra vr\u00e1tane kontaktn\u00fdch \u00fadajov, ktor\u00e9 ste v \u0148om uviedli, ulo\u017e\u00edme na \u00fa\u010dely spracovania ot\u00e1zky a v pr\u00edpade \u010fal\u0161\u00edch ot\u00e1zok. Bez v\u00e1\u0161ho s\u00fahlasu tieto \u00fadaje neposkytneme \u010falej.<\/p>\n\n\n\n<p><strong>E) Inform\u00e1cie, vymazanie, blokovanie<br><\/strong>M\u00e1te pr\u00e1vo na bezplatn\u00e9 inform\u00e1cie o svojich ulo\u017een\u00fdch osobn\u00fdch \u00fadajoch, ich p\u00f4vode a pr\u00edjemcovi a \u00fa\u010dele spracovania \u00fadajov, ako aj pr\u00e1vo na opravu, zablokovanie alebo vymazanie t\u00fdchto \u00fadajov kedyko\u013evek. V pr\u00edpade \u010fal\u0161\u00edch ot\u00e1zok t\u00fdkaj\u00facich sa osobn\u00fdch \u00fadajov n\u00e1s m\u00f4\u017eete kedyko\u013evek kontaktova\u0165 na adrese uvedenej v pr\u00e1vnom ozn\u00e1men\u00ed.<br><br><strong>F) \u0160ifrovanie SSL<\/strong><br>T\u00e1to str\u00e1nka pou\u017e\u00edva \u0161ifrovanie SSL z bezpe\u010dnostn\u00fdch d\u00f4vodov a na ochranu prenosu d\u00f4vern\u00e9ho obsahu, ako s\u00fa napr\u00edklad ot\u00e1zky, ktor\u00e9 n\u00e1m posielate ako prev\u00e1dzkovate\u013eovi str\u00e1nky. \u0160ifrovan\u00e9 spojenie spozn\u00e1te pod\u013ea toho, \u017ee adresn\u00fd riadok prehliada\u010da sa zmen\u00ed z \"http:\/\/\" na \"https:\/\/\" a pod\u013ea symbolu z\u00e1mku v riadku prehliada\u010da. Ak je aktivovan\u00e9 \u0161ifrovanie SSL, \u00fadaje, ktor\u00e9 n\u00e1m posielate, nem\u00f4\u017eu \u010d\u00edta\u0165 tretie strany.<br><br><strong>G) Autorsk\u00e9 pr\u00e1va<\/strong><br>Obsah a diela vytvoren\u00e9 prev\u00e1dzkovate\u013emi str\u00e1nok na t\u00fdchto str\u00e1nkach podliehaj\u00fa nemeck\u00e9mu autorsk\u00e9mu pr\u00e1vu. Rozmno\u017eovanie, spracovanie, \u0161\u00edrenie a ak\u00fdko\u013evek druh vyu\u017eitia nad r\u00e1mec autorsk\u00e9ho z\u00e1kona si vy\u017eaduje p\u00edsomn\u00fd s\u00fahlas pr\u00edslu\u0161n\u00e9ho autora alebo tvorcu. S\u0165ahovanie a kop\u00edrovanie t\u00fdchto str\u00e1nok je povolen\u00e9 len na s\u00fakromn\u00e9, nekomer\u010dn\u00e9 pou\u017eitie. Pokia\u013e obsah na tejto str\u00e1nke nevytvoril prev\u00e1dzkovate\u013e, re\u0161pektuj\u00fa sa autorsk\u00e9 pr\u00e1va tret\u00edch str\u00e1n. Najm\u00e4 obsah tret\u00edch str\u00e1n je takto ozna\u010den\u00fd. Ak sa napriek tomu dozviete o poru\u0161en\u00ed autorsk\u00fdch pr\u00e1v, informujte n\u00e1s o tom. Ak sa o poru\u0161en\u00ed dozvieme, tak\u00fdto obsah okam\u017eite odstr\u00e1nime.<br><br><strong>H) Google Analytics<\/strong><br>Ak ste udelili s\u00fahlas, na tejto webovej lokalite sa pou\u017e\u00edva slu\u017eba Google Analytics, ktor\u00fa poskytuje spolo\u010dnos\u0165 Google LLC. Zodpovedn\u00fdm poskytovate\u013eom slu\u017eieb v E\u00da je spolo\u010dnos\u0165 Google Ireland Limited, Gordon House, Barrow Street, Dublin 4, \u00cdrsko (\"Google\").<\/p>\n\n\n\n<p><strong><em>Rozsah spracovania<\/em><\/strong><br>Slu\u017eba Google Analytics pou\u017e\u00edva s\u00fabory cookie, ktor\u00e9 n\u00e1m umo\u017e\u0148uj\u00fa analyzova\u0165 va\u0161e pou\u017e\u00edvanie na\u0161ej webovej str\u00e1nky. Inform\u00e1cie zozbieran\u00e9 pomocou s\u00faborov cookie o va\u0161om pou\u017e\u00edvan\u00ed tejto webovej str\u00e1nky sa zvy\u010dajne pren\u00e1\u0161aj\u00fa na server spolo\u010dnosti Google v USA a tam sa ukladaj\u00fa.<\/p>\n\n\n\n<p><strong><em>Anonymiz\u00e1cia IP<\/em><br><\/strong>Pou\u017e\u00edvame funkciu \"anonymiseIP\" (tzv. maskovanie IP): V\u010faka aktiv\u00e1cii anonymiz\u00e1cie IP na tejto webovej str\u00e1nke bude va\u0161a IP adresa skr\u00e1ten\u00e1 spolo\u010dnos\u0165ou Google v \u010dlensk\u00fdch \u0161t\u00e1toch Eur\u00f3pskej \u00fanie alebo v in\u00fdch zmluvn\u00fdch \u0161t\u00e1toch Dohody o Eur\u00f3pskom hospod\u00e1rskom priestore. Iba vo v\u00fdnimo\u010dn\u00fdch pr\u00edpadoch bude cel\u00e1 IP adresa odoslan\u00e1 na server spolo\u010dnosti Google v USA a tam skr\u00e1ten\u00e1. IP adresa pren\u00e1\u0161an\u00e1 va\u0161\u00edm prehliada\u010dom v r\u00e1mci slu\u017eby Google Analytics sa nebude sp\u00e1ja\u0165 s in\u00fdmi \u00fadajmi spolo\u010dnosti Google. Po\u010das va\u0161ej n\u00e1v\u0161tevy webovej lokality sa zhroma\u017e\u010fuj\u00fa nasleduj\u00face \u00fadaje:<\/p>\n\n\n\n<ul class=\"wp-block-list\">\n<li>vyvolan\u00e9 str\u00e1nky, va\u0161a \"cesta kliknutia\".<\/li>\n\n\n\n<li>Dosahovanie \"cie\u013eov webovej str\u00e1nky\" (konverzie, napr. registr\u00e1cie do newslettera, stiahnutia, n\u00e1kupy)<\/li>\n\n\n\n<li>spr\u00e1vanie pou\u017e\u00edvate\u013eov (napr. kliknutia, \u010das str\u00e1ven\u00fd na str\u00e1nke, miera odmietnutia)<\/li>\n\n\n\n<li>Va\u0161a pribli\u017en\u00e1 poloha (regi\u00f3n)<\/li>\n\n\n\n<li>Va\u0161a IP adresa (v skr\u00e1tenej podobe)<\/li>\n\n\n\n<li>technick\u00e9 inform\u00e1cie o va\u0161om prehliada\u010di a koncov\u00fdch zariadeniach, ktor\u00e9 pou\u017e\u00edvate (napr. nastavenie jazyka, rozl\u00ed\u0161enie obrazovky).<\/li>\n\n\n\n<li>V\u00e1\u0161 poskytovate\u013e internetu<\/li>\n\n\n\n<li>URL odkazu (cez ktor\u00fa webov\u00fa str\u00e1nku\/reklamn\u00e9 m\u00e9dium ste sa dostali na t\u00fato webov\u00fa str\u00e1nku).<\/li>\n<\/ul>\n\n\n\n<p><strong><em>\u00da\u010dely spracovania<\/em><\/strong><br>V mene prev\u00e1dzkovate\u013ea tejto webovej lokality bude spolo\u010dnos\u0165 Google pou\u017e\u00edva\u0165 tieto inform\u00e1cie na anal\u00fdzu toho, ako pou\u017e\u00edvate t\u00fato webov\u00fa lokalitu. Spr\u00e1vanie pou\u017e\u00edvate\u013eov sa anonymne uklad\u00e1 do spr\u00e1v. Spr\u00e1vy poskytovan\u00e9 slu\u017ebou Google Analytics pou\u017e\u00edvame na zlep\u0161enie pou\u017eite\u013enosti a poskytovanie spr\u00e1vneho obsahu.<\/p>\n\n\n\n<p><strong><em>Prij\u00edma\u010d<\/em><\/strong><br>Pr\u00edjemcom \u00fadajov je spolo\u010dnos\u0165 \"Google Ireland Limited, Gordon House, Barrow Street, Dublin 4, \u00cdrsko\" ako spracovate\u013e. So spolo\u010dnos\u0165ou Google sme na tento \u00fa\u010del uzavreli zmluvu o spracovan\u00ed objedn\u00e1vok. Pr\u00edstup k \u00fadajom ulo\u017een\u00fdm spolo\u010dnos\u0165ou Google m\u00e1 spolo\u010dnos\u0165 Google LLC so s\u00eddlom v Kalifornii, USA, a v pr\u00edpade potreby aj org\u00e1ny USA.<\/p>\n\n\n\n<p><strong><em>Transfer do tret\u00edch kraj\u00edn<\/em><\/strong><br>Prenos \u00fadajov do USA nemo\u017eno vyl\u00fa\u010di\u0165.<\/p>\n\n\n\n<p><strong><em>Trvanie skladovania<\/em><\/strong><br>Nami odoslan\u00e9 \u00fadaje spojen\u00e9 so s\u00fabormi cookie sa automaticky vyma\u017e\u00fa po 14 mesiacoch. \u00dadaje, ktor\u00e9 dosiahli koniec obdobia uchov\u00e1vania, sa automaticky vyma\u017e\u00fa raz za mesiac.<\/p>\n\n\n\n<p>Spolo\u010dnosti Google m\u00f4\u017eete tie\u017e zabr\u00e1ni\u0165 v zhroma\u017e\u010fovan\u00ed \u00fadajov generovan\u00fdch s\u00faborom cookie a s\u00favisiacich s va\u0161\u00edm pou\u017e\u00edvan\u00edm webovej str\u00e1nky (vr\u00e1tane va\u0161ej IP adresy) a v spracovan\u00ed t\u00fdchto \u00fadajov spolo\u010dnos\u0165ou Google kliknut\u00edm na toto prepojenie<br>a. ned\u00e1te s\u00fahlas s nastaven\u00edm s\u00faboru cookie alebo<br>b. doplnok prehliada\u010da na deaktiv\u00e1ciu slu\u017eby Google Analytics&nbsp;<a rel=\"noreferrer noopener\" href=\"https:\/\/tools.google.com\/dlpage\/gaoptout?hl=de\" target=\"_blank\">tu<\/a>&nbsp;stiahnu\u0165 a nain\u0161talova\u0165.<\/p>\n\n\n\n<p>Ukladaniu s\u00faborov cookie m\u00f4\u017eete zabr\u00e1ni\u0165 aj pr\u00edslu\u0161n\u00fdm nastaven\u00edm softv\u00e9ru prehliada\u010da. Ak v\u0161ak svoj prehliada\u010d nakonfigurujete tak, aby odmietal v\u0161etky s\u00fabory cookie, m\u00f4\u017ee to obmedzi\u0165 funk\u010dnos\u0165 tejto a in\u00fdch webov\u00fdch str\u00e1nok.<\/p>\n\n\n\n<p><em><strong>Pr\u00e1vny z\u00e1klad a mo\u017enos\u0165 zru\u0161enia <\/strong><\/em>pre toto spracovanie \u00fadajov je v\u00e1\u0161 s\u00fahlas,&nbsp;<a rel=\"noreferrer noopener\" href=\"https:\/\/dsgvo-gesetz.de\/art-6-dsgvo\/\" target=\"_blank\">\u010cl. 6 ods. 1 veta 1 p\u00edsm. a GDPR<\/a>. Svoj s\u00fahlas m\u00f4\u017eete kedyko\u013evek odvola\u0165 s \u00fa\u010dinnos\u0165ou do bud\u00facnosti, a to tak, \u017ee v n\u00e1stroji na ude\u013eovanie s\u00fahlasu z\u00edskate pr\u00edstup k nastaveniam s\u00faborov cookie a zmen\u00edte tam svoj v\u00fdber.<\/p>\n<\/div>\n<\/div>\n<\/div><\/div>","protected":false},"excerpt":{"rendered":"<p>Datenschutzerkl\u00e4rung Die Betreiber dieser Seiten nehmen den Schutz Ihrer pers\u00f6nlichen Daten sehr ernst. Wir behandeln Ihre personenbezogenen Daten vertraulich und entsprechend den gesetzlichen Datenschutzvorschriften sowie dieser Datenschutzerkl\u00e4rung. Die Nutzung unserer Website ist in der Regel ohne Angabe personenbezogener Daten m\u00f6glich. Soweit auf unseren Seiten personenbezogene Daten (beispielsweise Name, Anschrift oder E-Mail-Adressen) erhoben werden, erfolgt dies, [&hellip;]<\/p>\n","protected":false},"author":9,"featured_media":0,"parent":0,"menu_order":30,"comment_status":"closed","ping_status":"closed","template":"page-textpage.php","meta":{"_acf_changed":false,"footnotes":""},"categories":[1,56],"tags":[],"class_list":["post-3","page","type-page","status-publish","hentry","category-allgemein","category-unternehmen"],"acf":[],"yoast_head":"<!-- This site is optimized with the Yoast SEO plugin v27.5 - https:\/\/yoast.com\/product\/yoast-seo-wordpress\/ -->\n<title>Datenschutzerkl\u00e4rung - Mounting Systems<\/title>\n<meta name=\"description\" content=\"Die Betreiber dieser Seiten nehmen den Schutz Ihrer pers\u00f6nlichen Daten sehr ernst. Wir behandeln Ihre personenbezogenen Daten vertraulich...\" \/>\n<meta name=\"robots\" content=\"index, follow, max-snippet:-1, max-image-preview:large, max-video-preview:-1\" \/>\n<link rel=\"canonical\" href=\"https:\/\/www.mounting-systems.com\/sk\/vyhlasenie-o-ochrane-udajov\/\" \/>\n<meta property=\"og:locale\" content=\"sk_SK\" \/>\n<meta property=\"og:type\" content=\"article\" \/>\n<meta property=\"og:title\" content=\"Datenschutzerkl\u00e4rung - Mounting Systems\" \/>\n<meta property=\"og:description\" content=\"Die Betreiber dieser Seiten nehmen den Schutz Ihrer pers\u00f6nlichen Daten sehr ernst. Wir behandeln Ihre personenbezogenen Daten vertraulich...\" \/>\n<meta property=\"og:url\" content=\"https:\/\/www.mounting-systems.com\/sk\/vyhlasenie-o-ochrane-udajov\/\" \/>\n<meta property=\"og:site_name\" content=\"Mounting Systems\" \/>\n<meta property=\"article:modified_time\" content=\"2026-03-24T13:55:50+00:00\" \/>\n<meta name=\"twitter:card\" content=\"summary_large_image\" \/>\n<meta name=\"twitter:label1\" content=\"Predpokladan\u00fd \u010das \u010d\u00edtania\" \/>\n\t<meta name=\"twitter:data1\" content=\"6 min\u00fat\" \/>\n<script type=\"application\/ld+json\" class=\"yoast-schema-graph\">{\"@context\":\"https:\\\/\\\/schema.org\",\"@graph\":[{\"@type\":\"WebPage\",\"@id\":\"https:\\\/\\\/www.mounting-systems.com\\\/datenschutzerklaerung\\\/\",\"url\":\"https:\\\/\\\/www.mounting-systems.com\\\/datenschutzerklaerung\\\/\",\"name\":\"Datenschutzerkl\u00e4rung - Mounting Systems\",\"isPartOf\":{\"@id\":\"https:\\\/\\\/www.mounting-systems.com\\\/de\\\/#website\"},\"datePublished\":\"2021-01-08T13:39:10+00:00\",\"dateModified\":\"2026-03-24T13:55:50+00:00\",\"description\":\"Die Betreiber dieser Seiten nehmen den Schutz Ihrer pers\u00f6nlichen Daten sehr ernst. Wir behandeln Ihre personenbezogenen Daten vertraulich...\",\"breadcrumb\":{\"@id\":\"https:\\\/\\\/www.mounting-systems.com\\\/datenschutzerklaerung\\\/#breadcrumb\"},\"inLanguage\":\"sk-SK\",\"potentialAction\":[{\"@type\":\"ReadAction\",\"target\":[\"https:\\\/\\\/www.mounting-systems.com\\\/datenschutzerklaerung\\\/\"]}]},{\"@type\":\"BreadcrumbList\",\"@id\":\"https:\\\/\\\/www.mounting-systems.com\\\/datenschutzerklaerung\\\/#breadcrumb\",\"itemListElement\":[{\"@type\":\"ListItem\",\"position\":1,\"name\":\"Startseite\",\"item\":\"https:\\\/\\\/www.mounting-systems.com\\\/\"},{\"@type\":\"ListItem\",\"position\":2,\"name\":\"Datenschutzerkl\u00e4rung\"}]},{\"@type\":\"WebSite\",\"@id\":\"https:\\\/\\\/www.mounting-systems.com\\\/de\\\/#website\",\"url\":\"https:\\\/\\\/www.mounting-systems.com\\\/de\\\/\",\"name\":\"Mounting Systems\",\"description\":\"\",\"publisher\":{\"@id\":\"https:\\\/\\\/www.mounting-systems.com\\\/de\\\/#organization\"},\"potentialAction\":[{\"@type\":\"SearchAction\",\"target\":{\"@type\":\"EntryPoint\",\"urlTemplate\":\"https:\\\/\\\/www.mounting-systems.com\\\/de\\\/?s={search_term_string}\"},\"query-input\":{\"@type\":\"PropertyValueSpecification\",\"valueRequired\":true,\"valueName\":\"search_term_string\"}}],\"inLanguage\":\"sk-SK\"},{\"@type\":\"Organization\",\"@id\":\"https:\\\/\\\/www.mounting-systems.com\\\/de\\\/#organization\",\"name\":\"Mounting Systems\",\"url\":\"https:\\\/\\\/www.mounting-systems.com\\\/de\\\/\",\"logo\":{\"@type\":\"ImageObject\",\"inLanguage\":\"sk-SK\",\"@id\":\"https:\\\/\\\/www.mounting-systems.com\\\/de\\\/#\\\/schema\\\/logo\\\/image\\\/\",\"url\":\"https:\\\/\\\/www.mounting-systems.com\\\/wp-content\\\/uploads\\\/2021\\\/01\\\/MSG-Signet-white.png\",\"contentUrl\":\"https:\\\/\\\/www.mounting-systems.com\\\/wp-content\\\/uploads\\\/2021\\\/01\\\/MSG-Signet-white.png\",\"width\":432,\"height\":552,\"caption\":\"Mounting Systems\"},\"image\":{\"@id\":\"https:\\\/\\\/www.mounting-systems.com\\\/de\\\/#\\\/schema\\\/logo\\\/image\\\/\"}}]}<\/script>\n<!-- \/ Yoast SEO plugin. -->","yoast_head_json":{"title":"Z\u00e1sady ochrany osobn\u00fdch \u00fadajov - Mont\u00e1\u017ene syst\u00e9my","description":"Prev\u00e1dzkovatelia t\u00fdchto str\u00e1nok ber\u00fa ochranu va\u0161ich osobn\u00fdch \u00fadajov ve\u013emi v\u00e1\u017ene. S va\u0161imi osobn\u00fdmi \u00fadajmi zaobch\u00e1dzame d\u00f4verne...","robots":{"index":"index","follow":"follow","max-snippet":"max-snippet:-1","max-image-preview":"max-image-preview:large","max-video-preview":"max-video-preview:-1"},"canonical":"https:\/\/www.mounting-systems.com\/sk\/vyhlasenie-o-ochrane-udajov\/","og_locale":"sk_SK","og_type":"article","og_title":"Datenschutzerkl\u00e4rung - Mounting Systems","og_description":"Die Betreiber dieser Seiten nehmen den Schutz Ihrer pers\u00f6nlichen Daten sehr ernst. Wir behandeln Ihre personenbezogenen Daten vertraulich...","og_url":"https:\/\/www.mounting-systems.com\/sk\/vyhlasenie-o-ochrane-udajov\/","og_site_name":"Mounting Systems","article_modified_time":"2026-03-24T13:55:50+00:00","twitter_card":"summary_large_image","twitter_misc":{"Predpokladan\u00fd \u010das \u010d\u00edtania":"6 min\u00fat"},"schema":{"@context":"https:\/\/schema.org","@graph":[{"@type":"WebPage","@id":"https:\/\/www.mounting-systems.com\/datenschutzerklaerung\/","url":"https:\/\/www.mounting-systems.com\/datenschutzerklaerung\/","name":"Z\u00e1sady ochrany osobn\u00fdch \u00fadajov - Mont\u00e1\u017ene syst\u00e9my","isPartOf":{"@id":"https:\/\/www.mounting-systems.com\/de\/#website"},"datePublished":"2021-01-08T13:39:10+00:00","dateModified":"2026-03-24T13:55:50+00:00","description":"Prev\u00e1dzkovatelia t\u00fdchto str\u00e1nok ber\u00fa ochranu va\u0161ich osobn\u00fdch \u00fadajov ve\u013emi v\u00e1\u017ene. S va\u0161imi osobn\u00fdmi \u00fadajmi zaobch\u00e1dzame d\u00f4verne...","breadcrumb":{"@id":"https:\/\/www.mounting-systems.com\/datenschutzerklaerung\/#breadcrumb"},"inLanguage":"sk-SK","potentialAction":[{"@type":"ReadAction","target":["https:\/\/www.mounting-systems.com\/datenschutzerklaerung\/"]}]},{"@type":"BreadcrumbList","@id":"https:\/\/www.mounting-systems.com\/datenschutzerklaerung\/#breadcrumb","itemListElement":[{"@type":"ListItem","position":1,"name":"Startseite","item":"https:\/\/www.mounting-systems.com\/"},{"@type":"ListItem","position":2,"name":"Datenschutzerkl\u00e4rung"}]},{"@type":"WebSite","@id":"https:\/\/www.mounting-systems.com\/de\/#website","url":"https:\/\/www.mounting-systems.com\/de\/","name":"mont\u00e1\u017enych syst\u00e9mov","description":"","publisher":{"@id":"https:\/\/www.mounting-systems.com\/de\/#organization"},"potentialAction":[{"@type":"SearchAction","target":{"@type":"EntryPoint","urlTemplate":"https:\/\/www.mounting-systems.com\/de\/?s={search_term_string}"},"query-input":{"@type":"PropertyValueSpecification","valueRequired":true,"valueName":"search_term_string"}}],"inLanguage":"sk-SK"},{"@type":"Organization","@id":"https:\/\/www.mounting-systems.com\/de\/#organization","name":"mont\u00e1\u017enych syst\u00e9mov","url":"https:\/\/www.mounting-systems.com\/de\/","logo":{"@type":"ImageObject","inLanguage":"sk-SK","@id":"https:\/\/www.mounting-systems.com\/de\/#\/schema\/logo\/image\/","url":"https:\/\/www.mounting-systems.com\/wp-content\/uploads\/2021\/01\/MSG-Signet-white.png","contentUrl":"https:\/\/www.mounting-systems.com\/wp-content\/uploads\/2021\/01\/MSG-Signet-white.png","width":432,"height":552,"caption":"Mounting Systems"},"image":{"@id":"https:\/\/www.mounting-systems.com\/de\/#\/schema\/logo\/image\/"}}]}},"_links":{"self":[{"href":"https:\/\/www.mounting-systems.com\/sk\/wp-json\/wp\/v2\/pages\/3","targetHints":{"allow":["GET"]}}],"collection":[{"href":"https:\/\/www.mounting-systems.com\/sk\/wp-json\/wp\/v2\/pages"}],"about":[{"href":"https:\/\/www.mounting-systems.com\/sk\/wp-json\/wp\/v2\/types\/page"}],"author":[{"embeddable":true,"href":"https:\/\/www.mounting-systems.com\/sk\/wp-json\/wp\/v2\/users\/9"}],"replies":[{"embeddable":true,"href":"https:\/\/www.mounting-systems.com\/sk\/wp-json\/wp\/v2\/comments?post=3"}],"version-history":[{"count":1,"href":"https:\/\/www.mounting-systems.com\/sk\/wp-json\/wp\/v2\/pages\/3\/revisions"}],"predecessor-version":[{"id":25608,"href":"https:\/\/www.mounting-systems.com\/sk\/wp-json\/wp\/v2\/pages\/3\/revisions\/25608"}],"wp:attachment":[{"href":"https:\/\/www.mounting-systems.com\/sk\/wp-json\/wp\/v2\/media?parent=3"}],"wp:term":[{"taxonomy":"category","embeddable":true,"href":"https:\/\/www.mounting-systems.com\/sk\/wp-json\/wp\/v2\/categories?post=3"},{"taxonomy":"post_tag","embeddable":true,"href":"https:\/\/www.mounting-systems.com\/sk\/wp-json\/wp\/v2\/tags?post=3"}],"curies":[{"name":"wp","href":"https:\/\/api.w.org\/{rel}","templated":true}]}}