{"id":24700,"date":"2025-05-06T17:58:12","date_gmt":"2025-05-06T15:58:12","guid":{"rendered":"https:\/\/www.mounting-systems.com\/?page_id=24700"},"modified":"2026-04-01T15:32:27","modified_gmt":"2026-04-01T13:32:27","slug":"lightx","status":"publish","type":"page","link":"https:\/\/www.mounting-systems.com\/pl\/dach-gewerbe\/pv-systeme\/flachdachsysteme\/lightx\/","title":{"rendered":"LightX"},"content":{"rendered":"<div class=\"wp-block-cover has-custom-content-position is-position-bottom-center a-innerblock\">\n    <img loading=\"lazy\" decoding=\"async\" width=\"1920\" height=\"1080\" src=\"https:\/\/www.mounting-systems.com\/wp-content\/uploads\/LightX-S-Hero.png\" class=\"hero-image-bg\" alt=\"Obraz produktu LightX-S, rendering 3D\" style=\"filter: brightness(1)\" srcset=\"https:\/\/www.mounting-systems.com\/wp-content\/uploads\/LightX-S-Hero.png 1920w, https:\/\/www.mounting-systems.com\/wp-content\/uploads\/LightX-S-Hero-800x450.png 800w, https:\/\/www.mounting-systems.com\/wp-content\/uploads\/LightX-S-Hero-768x432.png 768w, https:\/\/www.mounting-systems.com\/wp-content\/uploads\/LightX-S-Hero-1536x864.png 1536w, https:\/\/www.mounting-systems.com\/wp-content\/uploads\/LightX-S-Hero-18x10.png 18w\" sizes=\"auto, (max-width: 1920px) 100vw, 1920px\" \/>    <div class=\"wp-block-cover__inner-container\">\n                   <h1 class=\"has-text-align-center arrow-animation\" style=\"color: #ffffff;\">Nowy system dach\u00f3w p\u0142askich LightX<\/h1>\n                <div class=\"arrow-down hero-arrow\"><img decoding=\"async\" src=\"https:\/\/www.mounting-systems.com\/wp-content\/themes\/mosys\/images\/hero-arrow.svg\" alt=\"Ikona przewijania w d\u00f3\u0142\"><\/div>\n    <\/div>\n<\/div>\n<div class=\"print-only p-hero-image\">\n    <img loading=\"lazy\" decoding=\"async\" width=\"1920\" height=\"1080\" src=\"https:\/\/www.mounting-systems.com\/wp-content\/uploads\/LightX-S-Hero.png\" class=\"attachment-full size-full\" alt=\"Obraz produktu LightX-S, rendering 3D\" style=\"filter: brightness(1)\" srcset=\"https:\/\/www.mounting-systems.com\/wp-content\/uploads\/LightX-S-Hero.png 1920w, https:\/\/www.mounting-systems.com\/wp-content\/uploads\/LightX-S-Hero-800x450.png 800w, https:\/\/www.mounting-systems.com\/wp-content\/uploads\/LightX-S-Hero-768x432.png 768w, https:\/\/www.mounting-systems.com\/wp-content\/uploads\/LightX-S-Hero-1536x864.png 1536w, https:\/\/www.mounting-systems.com\/wp-content\/uploads\/LightX-S-Hero-18x10.png 18w\" sizes=\"auto, (max-width: 1920px) 100vw, 1920px\" \/><\/div>\n\n\n<div class=\"wp-block-group section fullsize\"><div class=\"wp-block-group__inner-container is-layout-constrained wp-block-group-is-layout-constrained\">\n<div class=\"wp-block-group cols-2\"><div class=\"wp-block-group__inner-container is-layout-constrained wp-block-group-is-layout-constrained\">\n<div class=\"wp-block-columns is-layout-flex wp-container-core-columns-is-layout-9d6595d7 wp-block-columns-is-layout-flex\">\n<div class=\"wp-block-column is-layout-flow wp-block-column-is-layout-flow\">\n\n<div class=\"a-innerblock accordion-list accordion-reg-list block-accordion-wrapper\">\n    <div class=\"a-innerblock block-newsheader-wrapper\">\n        <div class=\"block-newsheader-inner\">\n            <div class=\"text-wrapper\">\n                                        <div class=\"section-title\">\n                            <span>LightX<\/span>\n                        <\/div>\n                                                                                                            <h2>Lekko\u015b\u0107. Wydajno\u015b\u0107. Przysz\u0142o\u015bciowy<\/h2>\n                                                                                                                                        <div class=\"teaser-text\"><p><!--ScriptorStartFragment--><span style=\"color: #1d1d22;\">Nasze najnowsze systemy dach\u00f3w p\u0142askich wyznaczaj\u0105 standardy w technologii monta\u017cu fotowoltaicznego. Dzi\u0119ki zastosowaniu lekko balastowanych elewacji znacznie zmniejszamy obci\u0105\u017cenie dachu i umo\u017cliwiamy elastyczn\u0105 adaptacj\u0119 do r\u00f3\u017cnych typ\u00f3w dach\u00f3w.<\/span><\/p>\n<p><span style=\"color: #1d1d22;\"><span style=\"color: #5a595f;\">Dzi\u0119ki optymalizacji aerodynamicznej i modu\u0142owej konstrukcji nasze systemy oferuj\u0105 szybk\u0105 instalacj\u0119 i maksymaln\u0105 wydajno\u015b\u0107 energetyczn\u0105. Ponadto wysokiej jako\u015bci materia\u0142y, takie jak aluminium i stal nierdzewna, zapewniaj\u0105 d\u0142ug\u0105 \u017cywotno\u015b\u0107 i wysok\u0105 odporno\u015b\u0107 na korozj\u0119.\u00a0<\/span> <!--ScriptorEndFragment--><\/span><br \/>\n<!--ScriptorEndFragment--><\/p>\n<\/div>\n                                                <\/div>\n        <\/div>\n    <\/div>\n        <div class=\"block-accordion-wrapper-inner\">\n                    <ul class=\"level-1\">\n                                    <li class=\"accordion-wrapper border-b\">\n                                                    <h3 class=\"c-title accordion-btn font-l\">LightX<\/h3>\n                                                <div class=\"accordion-txt\">\n                            <p><!--ScriptorStartFragment--><\/p>\n<div><\/div>\n<p><img loading=\"lazy\" decoding=\"async\" class=\"alignnone size-full wp-image-24746\" src=\"https:\/\/www.mounting-systems.com\/wp-content\/uploads\/Stuetzen.png\" alt=\"\" width=\"500\" height=\"300\" srcset=\"https:\/\/www.mounting-systems.com\/wp-content\/uploads\/Stuetzen.png 500w, https:\/\/www.mounting-systems.com\/wp-content\/uploads\/Stuetzen-18x12.png 18w\" sizes=\"auto, (max-width: 500px) 100vw, 500px\" \/><\/p>\n<div><\/div>\n<div><\/div>\n<div><\/div>\n<div class=\"scriptor-paragraph\"><span style=\"color: #00b0a1;\"><span style=\"color: #1d1d22;\">Dwie nowe podpory zosta\u0142y opracowane specjalnie dla <\/span>\u00a0LightX<\/span>oszcz\u0119dno\u015b\u0107 materia\u0142u. Te innowacyjne wsporniki nie tylko zapewniaj\u0105 stabilne i bezpieczne mocowanie modu\u0142\u00f3w fotowoltaicznych, ale tak\u017ce zmniejszaj\u0105 zu\u017cycie materia\u0142u, co prowadzi do dalszych oszcz\u0119dno\u015bci koszt\u00f3w. To sprawia, \u017ce nasz system jest jeszcze bardziej atrakcyjny dla projekt\u00f3w zorientowanych ekonomicznie.<!--ScriptorEndFragment--><\/div>\n                        <\/div>\n                    <\/li>\n                                    <li class=\"accordion-wrapper border-b\">\n                                                    <h3 class=\"c-title accordion-btn font-l\">Pr\u0119dko\u015b\u0107<\/h3>\n                                                <div class=\"accordion-txt\">\n                            <p><!--ScriptorStartFragment--><\/p>\n<div class=\"scriptor-paragraph\"><span style=\"color: #00b0a1;\">LightX Speed<\/span> to najbardziej wydajny system w rodzinie LightX - opracowany z my\u015bl\u0105 o szczeg\u00f3lnie szybkich instalacjach na p\u0142askich dachach.<\/div>\n<div><\/div>\n<ul>\n<li class=\"scriptor-paragraph\">Wst\u0119pnie zmontowane komponenty<\/li>\n<li class=\"scriptor-paragraph\">Wst\u0119pnie ustawiony zacisk<\/li>\n<li class=\"scriptor-paragraph\">Nowo opracowane maty ochronne<\/li>\n<\/ul>\n<p>Redukcja czasu instalacji i koszt\u00f3w pracy przy jednoczesnej ochronie dachu i systemu. Opcjonalna zintegrowana ochrona odgromowa sprawia, \u017ce LightX Speed jest przysz\u0142o\u015bciowym rozwi\u0105zaniem dla profesjonalnych projekt\u00f3w.<!--ScriptorEndFragment--><\/p>\n                        <\/div>\n                    <\/li>\n                            <\/ul>\n            <\/div>\n<\/div><\/div>\n\n\n\n<div class=\"wp-block-column is-vertically-aligned-center is-layout-flow wp-block-column-is-layout-flow\">\n<figure class=\"wp-block-image size-full\"><img loading=\"lazy\" decoding=\"async\" width=\"1920\" height=\"1080\" src=\"https:\/\/www.mounting-systems.com\/wp-content\/uploads\/LightX-Speed_RGB_8K.png\" alt=\"\" class=\"wp-image-24717\" srcset=\"https:\/\/www.mounting-systems.com\/wp-content\/uploads\/LightX-Speed_RGB_8K.png 1920w, https:\/\/www.mounting-systems.com\/wp-content\/uploads\/LightX-Speed_RGB_8K-800x450.png 800w, https:\/\/www.mounting-systems.com\/wp-content\/uploads\/LightX-Speed_RGB_8K-768x432.png 768w, https:\/\/www.mounting-systems.com\/wp-content\/uploads\/LightX-Speed_RGB_8K-1536x864.png 1536w, https:\/\/www.mounting-systems.com\/wp-content\/uploads\/LightX-Speed_RGB_8K-18x10.png 18w\" sizes=\"auto, (max-width: 1920px) 100vw, 1920px\" \/><figcaption class=\"wp-element-caption\">LightX Speed<\/figcaption><\/figure>\n<\/div>\n<\/div>\n<\/div><\/div>\n<\/div><\/div>\n\n\n\n<div id=\"speed\" class=\"wp-block-group section fullsize has-black-color has-very-light-gray-background-color has-text-color has-background has-link-color wp-elements-f82d880572286600cf5b1242900c2d76\"><div class=\"wp-block-group__inner-container is-layout-constrained wp-block-group-is-layout-constrained\">\n\n<div class=\"a-innerblock block-newsheader-wrapper green\">\n    <div class=\"block-newsheader-inner\">\n        <div class=\"text-wrapper\">\n                                <div class=\"section-title\">\n                        <span>Wst\u0119pnie zmontowany<\/span>\n                    <\/div>\n                                                <h2>LightX Speed<\/h2>\n                                    <\/div>\n    <\/div>\n<\/div>\n\n\n<div class=\"wp-block-group cols-2\"><div class=\"wp-block-group__inner-container is-layout-constrained wp-block-group-is-layout-constrained\">\n<div class=\"wp-block-columns is-layout-flex wp-container-core-columns-is-layout-9d6595d7 wp-block-columns-is-layout-flex\">\n<div class=\"wp-block-column is-layout-flow wp-block-column-is-layout-flow\">\n\n<div class=\"a-innerblock accordion-list accordion-reg-list block-accordion-wrapper\">\n    <div class=\"a-innerblock block-newsheader-wrapper\">\n        <div class=\"block-newsheader-inner\">\n            <div class=\"text-wrapper\">\n                                                                            <\/div>\n        <\/div>\n    <\/div>\n        <div class=\"block-accordion-wrapper-inner first-opened\">\n                    <ul class=\"level-1\">\n                                    <li class=\"accordion-wrapper border-b\">\n                                                    <h4 class=\"c-title accordion-btn font-l\">W skr\u00f3cie<\/h4>\n                                                <div class=\"accordion-txt\">\n                            <ul>\n<li>Wst\u0119pnie zmontowane szyny - szybszy monta\u017c<\/li>\n<li>Trzy \u015bruby, brak po\u0142\u0105cze\u0144 - szybki i \u0142atwy monta\u017c<\/li>\n<li>Uniwersalne maty ochronne - zast\u0119puj\u0105 potrzeb\u0119 stosowania tacek balastowych<\/li>\n<li>Narz\u0119dzie instalacyjne do\u0142\u0105czone bezp\u0142atnie<\/li>\n<li>Zacisk na d\u0142u\u017cszym boku dla wszechstronnych opcji instalacji<\/li>\n<\/ul>\n<ul class=\"icon-list\">\n<li><img loading=\"lazy\" decoding=\"async\" class=\"alignnone size-full wp-image-2847\" src=\"https:\/\/www.mounting-systems.com\/wp-content\/uploads\/2021\/03\/0_Flachdach_DISTR.png\" alt=\"\" width=\"48\" height=\"48\" \/> Dach P\u0142aski<\/li>\n<li><img loading=\"lazy\" decoding=\"async\" class=\"alignnone size-full wp-image-2859\" src=\"https:\/\/www.mounting-systems.com\/wp-content\/uploads\/2021\/03\/Gerahmtesmodul.png\" alt=\"\" width=\"48\" height=\"48\" \/> Modu\u0142 ramowy<\/li>\n<li><img loading=\"lazy\" decoding=\"async\" class=\"alignnone size-full wp-image-2862\" src=\"https:\/\/www.mounting-systems.com\/wp-content\/uploads\/2021\/03\/Quermontage.png\" alt=\"\" width=\"48\" height=\"48\" \/> Monta\u017c poprzeczny<\/li>\n<li><img loading=\"lazy\" decoding=\"async\" class=\"alignnone wp-image-2861 size-full\" src=\"https:\/\/www.mounting-systems.com\/wp-content\/uploads\/2021\/03\/Ost-West-Ausrichtung.png\" alt=\"\" width=\"48\" height=\"48\" \/> Orientacja wsch\u00f3d-zach\u00f3d<\/li>\n<li><\/li>\n<\/ul>\n                        <\/div>\n                    <\/li>\n                                    <li class=\"accordion-wrapper border-b\">\n                                                    <h4 class=\"c-title accordion-btn font-l\">Gwarancja<\/h4>\n                                                <div class=\"accordion-txt\">\n                            <p>Wszystkie komponenty s\u0105 wykonane z aluminium i stali nierdzewnej i mog\u0105 by\u0107 w pe\u0142ni poddane recyklingowi. Wysoka odporno\u015b\u0107 na korozj\u0119 gwarantuje maksymaln\u0105 \u017cywotno\u015b\u0107. Na nasze systemy monta\u017cowe udzielamy 10-letniej gwarancji.<\/p>\n                        <\/div>\n                    <\/li>\n                            <\/ul>\n            <\/div>\n<\/div><\/div>\n\n\n\n<div class=\"wp-block-column is-layout-flow wp-block-column-is-layout-flow\">\n\n<div class=\"swiper-container-wrapper a-innerblock\">\n    <div class=\"swiper-container gallery-top\">\n        <div class=\"swiper-wrapper\">\n                                                <div class=\"swiper-slide\">\n                                                    <figure class=\"scale-img swiper-slide-img\">\n                                <img loading=\"lazy\" decoding=\"async\" class=\"slide-img\" src=\"https:\/\/www.mounting-systems.com\/wp-content\/uploads\/710-0315_Schiene-800x800.png\" alt=\"Wst\u0119pnie zmontowany tor LightX Speed, renderowanie 3D\" width=\"800\" height=\"800\">\n                                <figcaption>Wst\u0119pnie zmontowana szyna<\/figcaption>\n                            <\/figure>\n                                            <\/div>\n                                <div class=\"swiper-slide\">\n                                                    <figure class=\"scale-img swiper-slide-img\">\n                                <img loading=\"lazy\" decoding=\"async\" class=\"slide-img\" src=\"https:\/\/www.mounting-systems.com\/wp-content\/uploads\/711-0261-LightX-Speed-Stuetze_grey-800x800.png\" alt=\"Wst\u0119pnie zmontowana centralna obs\u0142uga LightX Speed, renderowanie 3D\" width=\"800\" height=\"800\">\n                                <figcaption>Wst\u0119pnie zmontowany wspornik \u015brodkowy<\/figcaption>\n                            <\/figure>\n                                            <\/div>\n                                <div class=\"swiper-slide\">\n                                                    <figure class=\"scale-img swiper-slide-img\">\n                                <img loading=\"lazy\" decoding=\"async\" class=\"slide-img\" src=\"https:\/\/www.mounting-systems.com\/wp-content\/uploads\/814-0791_Bautenschutzmatte-800x800.png\" alt=\"Mata ochronna budynku, renderowanie 3D\" width=\"800\" height=\"800\">\n                                <figcaption>Mata ochronna budynku<\/figcaption>\n                            <\/figure>\n                                            <\/div>\n                    <\/div>\n    <\/div>\n    <div class=\"swiper-container gallery-thumbs\">\n        <div class=\"swiper-wrapper\">\n                                                    <figure class=\"swiper-slide-img swiper-slide swiper-thumb\">\n                            <img decoding=\"async\" class=\"slide-img\" src=\"https:\/\/www.mounting-systems.com\/wp-content\/uploads\/710-0315_Schiene-150x150.png\" alt=\"Wst\u0119pnie zmontowany tor LightX Speed, renderowanie 3D\">\n                        <\/figure>\n                                                        <figure class=\"swiper-slide-img swiper-slide swiper-thumb\">\n                            <img decoding=\"async\" class=\"slide-img\" src=\"https:\/\/www.mounting-systems.com\/wp-content\/uploads\/711-0261-LightX-Speed-Stuetze_grey-150x150.png\" alt=\"Wst\u0119pnie zmontowana centralna obs\u0142uga LightX Speed, renderowanie 3D\">\n                        <\/figure>\n                                                        <figure class=\"swiper-slide-img swiper-slide swiper-thumb\">\n                            <img decoding=\"async\" class=\"slide-img\" src=\"https:\/\/www.mounting-systems.com\/wp-content\/uploads\/814-0791_Bautenschutzmatte-150x150.png\" alt=\"Mata ochronna budynku, renderowanie 3D\">\n                        <\/figure>\n                                        <\/div>\n    <\/div>\n<\/div><\/div>\n<\/div>\n<\/div><\/div>\n<\/div><\/div>","protected":false},"excerpt":{"rendered":"","protected":false},"author":9,"featured_media":0,"parent":605,"menu_order":0,"comment_status":"closed","ping_status":"closed","template":"","meta":{"_acf_changed":false,"footnotes":""},"categories":[18],"tags":[],"class_list":["post-24700","page","type-page","status-publish","hentry","category-dach-gewerbe"],"acf":[],"yoast_head":"<!-- This site is optimized with the Yoast SEO plugin v27.5 - https:\/\/yoast.com\/product\/yoast-seo-wordpress\/ -->\n<title>LightX - Mounting Systems<\/title>\n<meta name=\"robots\" content=\"index, follow, max-snippet:-1, max-image-preview:large, max-video-preview:-1\" \/>\n<link rel=\"canonical\" href=\"https:\/\/www.mounting-systems.com\/pl\/handel-dachami\/systemy-fotowoltaiczne\/systemy-dachow-plaskich\/lightx\/\" \/>\n<meta property=\"og:locale\" content=\"pl_PL\" \/>\n<meta property=\"og:type\" content=\"article\" \/>\n<meta property=\"og:title\" content=\"LightX - Mounting Systems\" \/>\n<meta property=\"og:url\" content=\"https:\/\/www.mounting-systems.com\/pl\/handel-dachami\/systemy-fotowoltaiczne\/systemy-dachow-plaskich\/lightx\/\" \/>\n<meta property=\"og:site_name\" content=\"Mounting Systems\" \/>\n<meta property=\"article:modified_time\" content=\"2026-04-01T13:32:27+00:00\" \/>\n<meta property=\"og:image\" content=\"https:\/\/www.mounting-systems.com\/wp-content\/uploads\/LightX-Speed_RGB_8K.png\" \/>\n<meta name=\"twitter:card\" content=\"summary_large_image\" \/>\n<meta name=\"twitter:label1\" content=\"Szacowany czas czytania\" \/>\n\t<meta name=\"twitter:data1\" content=\"1 minuta\" \/>\n<script type=\"application\/ld+json\" class=\"yoast-schema-graph\">{\"@context\":\"https:\\\/\\\/schema.org\",\"@graph\":[{\"@type\":\"WebPage\",\"@id\":\"https:\\\/\\\/www.mounting-systems.com\\\/dach-gewerbe\\\/pv-systeme\\\/flachdachsysteme\\\/lightx\\\/\",\"url\":\"https:\\\/\\\/www.mounting-systems.com\\\/dach-gewerbe\\\/pv-systeme\\\/flachdachsysteme\\\/lightx\\\/\",\"name\":\"LightX - Mounting Systems\",\"isPartOf\":{\"@id\":\"https:\\\/\\\/www.mounting-systems.com\\\/de\\\/#website\"},\"primaryImageOfPage\":{\"@id\":\"https:\\\/\\\/www.mounting-systems.com\\\/dach-gewerbe\\\/pv-systeme\\\/flachdachsysteme\\\/lightx\\\/#primaryimage\"},\"image\":{\"@id\":\"https:\\\/\\\/www.mounting-systems.com\\\/dach-gewerbe\\\/pv-systeme\\\/flachdachsysteme\\\/lightx\\\/#primaryimage\"},\"thumbnailUrl\":\"https:\\\/\\\/www.mounting-systems.com\\\/wp-content\\\/uploads\\\/LightX-Speed_RGB_8K.png\",\"datePublished\":\"2025-05-06T15:58:12+00:00\",\"dateModified\":\"2026-04-01T13:32:27+00:00\",\"breadcrumb\":{\"@id\":\"https:\\\/\\\/www.mounting-systems.com\\\/dach-gewerbe\\\/pv-systeme\\\/flachdachsysteme\\\/lightx\\\/#breadcrumb\"},\"inLanguage\":\"pl-PL\",\"potentialAction\":[{\"@type\":\"ReadAction\",\"target\":[\"https:\\\/\\\/www.mounting-systems.com\\\/dach-gewerbe\\\/pv-systeme\\\/flachdachsysteme\\\/lightx\\\/\"]}]},{\"@type\":\"ImageObject\",\"inLanguage\":\"pl-PL\",\"@id\":\"https:\\\/\\\/www.mounting-systems.com\\\/dach-gewerbe\\\/pv-systeme\\\/flachdachsysteme\\\/lightx\\\/#primaryimage\",\"url\":\"https:\\\/\\\/www.mounting-systems.com\\\/wp-content\\\/uploads\\\/LightX-Speed_RGB_8K.png\",\"contentUrl\":\"https:\\\/\\\/www.mounting-systems.com\\\/wp-content\\\/uploads\\\/LightX-Speed_RGB_8K.png\"},{\"@type\":\"BreadcrumbList\",\"@id\":\"https:\\\/\\\/www.mounting-systems.com\\\/dach-gewerbe\\\/pv-systeme\\\/flachdachsysteme\\\/lightx\\\/#breadcrumb\",\"itemListElement\":[{\"@type\":\"ListItem\",\"position\":1,\"name\":\"Startseite\",\"item\":\"https:\\\/\\\/www.mounting-systems.com\\\/\"},{\"@type\":\"ListItem\",\"position\":2,\"name\":\"Dach &#038; Gewerbe\",\"item\":\"https:\\\/\\\/www.mounting-systems.com\\\/dach-gewerbe\\\/\"},{\"@type\":\"ListItem\",\"position\":3,\"name\":\"PV-Systeme\",\"item\":\"https:\\\/\\\/www.mounting-systems.com\\\/dach-gewerbe\\\/pv-systeme\\\/\"},{\"@type\":\"ListItem\",\"position\":4,\"name\":\"Flachdach\",\"item\":\"https:\\\/\\\/www.mounting-systems.com\\\/dach-gewerbe\\\/pv-systeme\\\/flachdachsysteme\\\/\"},{\"@type\":\"ListItem\",\"position\":5,\"name\":\"LightX\"}]},{\"@type\":\"WebSite\",\"@id\":\"https:\\\/\\\/www.mounting-systems.com\\\/de\\\/#website\",\"url\":\"https:\\\/\\\/www.mounting-systems.com\\\/de\\\/\",\"name\":\"Mounting Systems\",\"description\":\"\",\"publisher\":{\"@id\":\"https:\\\/\\\/www.mounting-systems.com\\\/de\\\/#organization\"},\"potentialAction\":[{\"@type\":\"SearchAction\",\"target\":{\"@type\":\"EntryPoint\",\"urlTemplate\":\"https:\\\/\\\/www.mounting-systems.com\\\/de\\\/?s={search_term_string}\"},\"query-input\":{\"@type\":\"PropertyValueSpecification\",\"valueRequired\":true,\"valueName\":\"search_term_string\"}}],\"inLanguage\":\"pl-PL\"},{\"@type\":\"Organization\",\"@id\":\"https:\\\/\\\/www.mounting-systems.com\\\/de\\\/#organization\",\"name\":\"Mounting Systems\",\"url\":\"https:\\\/\\\/www.mounting-systems.com\\\/de\\\/\",\"logo\":{\"@type\":\"ImageObject\",\"inLanguage\":\"pl-PL\",\"@id\":\"https:\\\/\\\/www.mounting-systems.com\\\/de\\\/#\\\/schema\\\/logo\\\/image\\\/\",\"url\":\"https:\\\/\\\/www.mounting-systems.com\\\/wp-content\\\/uploads\\\/2021\\\/01\\\/MSG-Signet-white.png\",\"contentUrl\":\"https:\\\/\\\/www.mounting-systems.com\\\/wp-content\\\/uploads\\\/2021\\\/01\\\/MSG-Signet-white.png\",\"width\":432,\"height\":552,\"caption\":\"Mounting Systems\"},\"image\":{\"@id\":\"https:\\\/\\\/www.mounting-systems.com\\\/de\\\/#\\\/schema\\\/logo\\\/image\\\/\"}}]}<\/script>\n<!-- \/ Yoast SEO plugin. -->","yoast_head_json":{"title":"LightX - Systemy monta\u017cowe","robots":{"index":"index","follow":"follow","max-snippet":"max-snippet:-1","max-image-preview":"max-image-preview:large","max-video-preview":"max-video-preview:-1"},"canonical":"https:\/\/www.mounting-systems.com\/pl\/handel-dachami\/systemy-fotowoltaiczne\/systemy-dachow-plaskich\/lightx\/","og_locale":"pl_PL","og_type":"article","og_title":"LightX - Mounting Systems","og_url":"https:\/\/www.mounting-systems.com\/pl\/handel-dachami\/systemy-fotowoltaiczne\/systemy-dachow-plaskich\/lightx\/","og_site_name":"Mounting Systems","article_modified_time":"2026-04-01T13:32:27+00:00","og_image":[{"url":"https:\/\/www.mounting-systems.com\/wp-content\/uploads\/LightX-Speed_RGB_8K.png","type":"","width":"","height":""}],"twitter_card":"summary_large_image","twitter_misc":{"Szacowany czas czytania":"1 minuta"},"schema":{"@context":"https:\/\/schema.org","@graph":[{"@type":"WebPage","@id":"https:\/\/www.mounting-systems.com\/dach-gewerbe\/pv-systeme\/flachdachsysteme\/lightx\/","url":"https:\/\/www.mounting-systems.com\/dach-gewerbe\/pv-systeme\/flachdachsysteme\/lightx\/","name":"LightX - Systemy monta\u017cowe","isPartOf":{"@id":"https:\/\/www.mounting-systems.com\/de\/#website"},"primaryImageOfPage":{"@id":"https:\/\/www.mounting-systems.com\/dach-gewerbe\/pv-systeme\/flachdachsysteme\/lightx\/#primaryimage"},"image":{"@id":"https:\/\/www.mounting-systems.com\/dach-gewerbe\/pv-systeme\/flachdachsysteme\/lightx\/#primaryimage"},"thumbnailUrl":"https:\/\/www.mounting-systems.com\/wp-content\/uploads\/LightX-Speed_RGB_8K.png","datePublished":"2025-05-06T15:58:12+00:00","dateModified":"2026-04-01T13:32:27+00:00","breadcrumb":{"@id":"https:\/\/www.mounting-systems.com\/dach-gewerbe\/pv-systeme\/flachdachsysteme\/lightx\/#breadcrumb"},"inLanguage":"pl-PL","potentialAction":[{"@type":"ReadAction","target":["https:\/\/www.mounting-systems.com\/dach-gewerbe\/pv-systeme\/flachdachsysteme\/lightx\/"]}]},{"@type":"ImageObject","inLanguage":"pl-PL","@id":"https:\/\/www.mounting-systems.com\/dach-gewerbe\/pv-systeme\/flachdachsysteme\/lightx\/#primaryimage","url":"https:\/\/www.mounting-systems.com\/wp-content\/uploads\/LightX-Speed_RGB_8K.png","contentUrl":"https:\/\/www.mounting-systems.com\/wp-content\/uploads\/LightX-Speed_RGB_8K.png"},{"@type":"BreadcrumbList","@id":"https:\/\/www.mounting-systems.com\/dach-gewerbe\/pv-systeme\/flachdachsysteme\/lightx\/#breadcrumb","itemListElement":[{"@type":"ListItem","position":1,"name":"Startseite","item":"https:\/\/www.mounting-systems.com\/"},{"@type":"ListItem","position":2,"name":"Dach &#038; Gewerbe","item":"https:\/\/www.mounting-systems.com\/dach-gewerbe\/"},{"@type":"ListItem","position":3,"name":"PV-Systeme","item":"https:\/\/www.mounting-systems.com\/dach-gewerbe\/pv-systeme\/"},{"@type":"ListItem","position":4,"name":"Flachdach","item":"https:\/\/www.mounting-systems.com\/dach-gewerbe\/pv-systeme\/flachdachsysteme\/"},{"@type":"ListItem","position":5,"name":"LightX"}]},{"@type":"WebSite","@id":"https:\/\/www.mounting-systems.com\/de\/#website","url":"https:\/\/www.mounting-systems.com\/de\/","name":"system\u00f3w monta\u017cowych","description":"","publisher":{"@id":"https:\/\/www.mounting-systems.com\/de\/#organization"},"potentialAction":[{"@type":"SearchAction","target":{"@type":"EntryPoint","urlTemplate":"https:\/\/www.mounting-systems.com\/de\/?s={search_term_string}"},"query-input":{"@type":"PropertyValueSpecification","valueRequired":true,"valueName":"search_term_string"}}],"inLanguage":"pl-PL"},{"@type":"Organization","@id":"https:\/\/www.mounting-systems.com\/de\/#organization","name":"system\u00f3w monta\u017cowych","url":"https:\/\/www.mounting-systems.com\/de\/","logo":{"@type":"ImageObject","inLanguage":"pl-PL","@id":"https:\/\/www.mounting-systems.com\/de\/#\/schema\/logo\/image\/","url":"https:\/\/www.mounting-systems.com\/wp-content\/uploads\/2021\/01\/MSG-Signet-white.png","contentUrl":"https:\/\/www.mounting-systems.com\/wp-content\/uploads\/2021\/01\/MSG-Signet-white.png","width":432,"height":552,"caption":"Mounting Systems"},"image":{"@id":"https:\/\/www.mounting-systems.com\/de\/#\/schema\/logo\/image\/"}}]}},"_links":{"self":[{"href":"https:\/\/www.mounting-systems.com\/pl\/wp-json\/wp\/v2\/pages\/24700","targetHints":{"allow":["GET"]}}],"collection":[{"href":"https:\/\/www.mounting-systems.com\/pl\/wp-json\/wp\/v2\/pages"}],"about":[{"href":"https:\/\/www.mounting-systems.com\/pl\/wp-json\/wp\/v2\/types\/page"}],"author":[{"embeddable":true,"href":"https:\/\/www.mounting-systems.com\/pl\/wp-json\/wp\/v2\/users\/9"}],"replies":[{"embeddable":true,"href":"https:\/\/www.mounting-systems.com\/pl\/wp-json\/wp\/v2\/comments?post=24700"}],"version-history":[{"count":2,"href":"https:\/\/www.mounting-systems.com\/pl\/wp-json\/wp\/v2\/pages\/24700\/revisions"}],"predecessor-version":[{"id":25631,"href":"https:\/\/www.mounting-systems.com\/pl\/wp-json\/wp\/v2\/pages\/24700\/revisions\/25631"}],"up":[{"embeddable":true,"href":"https:\/\/www.mounting-systems.com\/pl\/wp-json\/wp\/v2\/pages\/605"}],"wp:attachment":[{"href":"https:\/\/www.mounting-systems.com\/pl\/wp-json\/wp\/v2\/media?parent=24700"}],"wp:term":[{"taxonomy":"category","embeddable":true,"href":"https:\/\/www.mounting-systems.com\/pl\/wp-json\/wp\/v2\/categories?post=24700"},{"taxonomy":"post_tag","embeddable":true,"href":"https:\/\/www.mounting-systems.com\/pl\/wp-json\/wp\/v2\/tags?post=24700"}],"curies":[{"name":"wp","href":"https:\/\/api.w.org\/{rel}","templated":true}]}}