{"id":9568,"date":"2021-06-04T16:20:09","date_gmt":"2021-06-04T14:20:09","guid":{"rendered":"https:\/\/www.mounting-systems.com\/?page_id=9568"},"modified":"2026-04-01T15:39:36","modified_gmt":"2026-04-01T13:39:36","slug":"systemes-pv","status":"publish","type":"page","link":"https:\/\/www.mounting-systems.com\/fr\/dach-gewerbe\/pv-systeme\/","title":{"rendered":"Syst\u00e8mes PV"},"content":{"rendered":"<div class=\"wp-block-columns fullsize-cols-2 is-layout-flex wp-container-core-columns-is-layout-9d6595d7 wp-block-columns-is-layout-flex\" id=\"lightx\">\n<div class=\"wp-block-column is-layout-flow wp-block-column-is-layout-flow\" style=\"flex-basis:100%\" id=\"speed\">\n\n<div class=\"a-innerblock block-tile-wrapper block-tilevariant-wrapper has-white-color\">\n    <div class=\"hero-image-bg\" style=\"filter: brightness(0.9);\">\n        <img loading=\"lazy\" decoding=\"async\" width=\"2560\" height=\"1280\" src=\"https:\/\/www.mounting-systems.com\/wp-content\/uploads\/2022\/05\/MSY-Neues-Flachdach_black_2-scaled.jpg\" class=\"attachment-full size-full\" alt=\"FD3 Image de produit, rendu 3D\" srcset=\"https:\/\/www.mounting-systems.com\/wp-content\/uploads\/2022\/05\/MSY-Neues-Flachdach_black_2-scaled.jpg 2560w, https:\/\/www.mounting-systems.com\/wp-content\/uploads\/2022\/05\/MSY-Neues-Flachdach_black_2-800x400.jpg 800w, https:\/\/www.mounting-systems.com\/wp-content\/uploads\/2022\/05\/MSY-Neues-Flachdach_black_2-1920x960.jpg 1920w, https:\/\/www.mounting-systems.com\/wp-content\/uploads\/2022\/05\/MSY-Neues-Flachdach_black_2-768x384.jpg 768w, https:\/\/www.mounting-systems.com\/wp-content\/uploads\/2022\/05\/MSY-Neues-Flachdach_black_2-1536x768.jpg 1536w, https:\/\/www.mounting-systems.com\/wp-content\/uploads\/2022\/05\/MSY-Neues-Flachdach_black_2-2048x1024.jpg 2048w\" sizes=\"auto, (max-width: 2560px) 100vw, 2560px\" \/>    <\/div>\n    <div class=\"block-tile-inner\">\n                    <a href=\"#\" class=\"touch-disable\">\n                <div class=\"overlay img-multiply\"><\/div>\n                <span class=\"sr-only\"> - <\/span>\n            <\/a>\n                    <\/div>\n<\/div><\/div>\n<\/div>\n\n\n\n<div class=\"wp-block-group fullsize cols-3\"><div class=\"wp-block-group__inner-container is-layout-constrained wp-block-group-is-layout-constrained\">\n<div class=\"wp-block-columns fullsize-cols-2 is-layout-flex wp-container-core-columns-is-layout-9d6595d7 wp-block-columns-is-layout-flex\" id=\"lightx\">\n<div class=\"wp-block-column is-layout-flow wp-block-column-is-layout-flow\" style=\"flex-basis:50%\" id=\"speed\">\n\n<div class=\"a-innerblock block-tile-wrapper block-tilevariant-wrapper has-white-color\">\n    <div class=\"hero-image-bg\" style=\"filter: brightness(0.9);\">\n        <img loading=\"lazy\" decoding=\"async\" width=\"3840\" height=\"2160\" src=\"https:\/\/www.mounting-systems.com\/wp-content\/uploads\/lightx-speed-hero-draft.png\" class=\"attachment-full size-full\" alt=\"LightX Speed image \u00e9clat\u00e9e, rendu 3D\" srcset=\"https:\/\/www.mounting-systems.com\/wp-content\/uploads\/lightx-speed-hero-draft.png 3840w, https:\/\/www.mounting-systems.com\/wp-content\/uploads\/lightx-speed-hero-draft-800x450.png 800w, https:\/\/www.mounting-systems.com\/wp-content\/uploads\/lightx-speed-hero-draft-1920x1080.png 1920w, https:\/\/www.mounting-systems.com\/wp-content\/uploads\/lightx-speed-hero-draft-768x432.png 768w, https:\/\/www.mounting-systems.com\/wp-content\/uploads\/lightx-speed-hero-draft-1536x864.png 1536w, https:\/\/www.mounting-systems.com\/wp-content\/uploads\/lightx-speed-hero-draft-2048x1152.png 2048w, https:\/\/www.mounting-systems.com\/wp-content\/uploads\/lightx-speed-hero-draft-18x10.png 18w\" sizes=\"auto, (max-width: 3840px) 100vw, 3840px\" \/>    <\/div>\n    <div class=\"block-tile-inner\">\n                    <a href=\"https:\/\/www.mounting-systems.com\/fr\/industrie-de-la-toiture\/systemes-pv\/systemes-de-toitures-plates\/lightx\/#speed\" class=\"touch-disable\">\n                <div class=\"overlay img-multiply\"><\/div>\n                <span class=\"sr-only\">Pr\u00e9-assembl\u00e9 - En savoir plus<\/span>\n            <\/a>\n                            <div class=\"text-wrapper\">\n                                    <div class=\"section-title\">\n                        <a href=\"https:\/\/www.mounting-systems.com\/fr\/industrie-de-la-toiture\/systemes-pv\/systemes-de-toitures-plates\/lightx\/#speed\">\n                            <span>Pr\u00e9-assembl\u00e9<\/span>\n                        <\/a>\n                    <\/div>\n                                <div class=\"headline-wrapper\">\n                    <div class=\"font-xl\">\n                        <a href=\"https:\/\/www.mounting-systems.com\/fr\/industrie-de-la-toiture\/systemes-pv\/systemes-de-toitures-plates\/lightx\/#speed\">LightX Speed<\/a>\n                    <\/div>\n                <\/div>\n                                    <div class=\"more-btn\"><a href=\"https:\/\/www.mounting-systems.com\/fr\/industrie-de-la-toiture\/systemes-pv\/systemes-de-toitures-plates\/lightx\/#speed\">En savoir plus<\/a><\/div>\n                            <\/div>\n            <\/div>\n<\/div><\/div>\n\n\n\n<div class=\"wp-block-column mobile-order-1 is-layout-flow wp-block-column-is-layout-flow\" style=\"flex-basis:50%\">\n\n<div class=\"a-innerblock block-tile-wrapper block-tilevariant-wrapper has-black-color\">\n    <div class=\"hero-image-bg\" style=\"filter: brightness(1);\">\n        <img loading=\"lazy\" decoding=\"async\" width=\"450\" height=\"720\" src=\"https:\/\/www.mounting-systems.com\/wp-content\/uploads\/2022\/07\/Flachdach_Kachel.png\" class=\"attachment-full size-full\" alt=\"FD3-S Image du produit, rendu 3D\" \/>    <\/div>\n    <div class=\"block-tile-inner\">\n                    <a href=\"https:\/\/www.mounting-systems.com\/fr\/industrie-de-la-toiture\/systemes-pv\/fd3-premium-line\/\" class=\"touch-disable\">\n                <div class=\"overlay img-multiply\"><\/div>\n                <span class=\"sr-only\">Toiture plate - En savoir plus<\/span>\n            <\/a>\n                            <div class=\"text-wrapper\">\n                                    <div class=\"section-title\">\n                        <a href=\"https:\/\/www.mounting-systems.com\/fr\/industrie-de-la-toiture\/systemes-pv\/fd3-premium-line\/\">\n                            <span>Toit plat<\/span>\n                        <\/a>\n                    <\/div>\n                                <div class=\"headline-wrapper\">\n                    <div class=\"font-xl\">\n                        <a href=\"https:\/\/www.mounting-systems.com\/fr\/industrie-de-la-toiture\/systemes-pv\/fd3-premium-line\/\">FD3 <font color =\"00b0a1\"><sup>nouveau<\/sup><\/font><\/a>\n                    <\/div>\n                <\/div>\n                                    <div class=\"more-btn\"><a href=\"https:\/\/www.mounting-systems.com\/fr\/industrie-de-la-toiture\/systemes-pv\/fd3-premium-line\/\">En savoir plus<\/a><\/div>\n                            <\/div>\n            <\/div>\n<\/div><\/div>\n<\/div>\n<\/div><\/div>\n\n\n\n<div class=\"wp-block-group fullsize cols-2\"><div class=\"wp-block-group__inner-container is-layout-flow wp-block-group-is-layout-flow\">\n<div class=\"wp-block-columns is-layout-flex wp-container-core-columns-is-layout-9d6595d7 wp-block-columns-is-layout-flex\">\n<div class=\"wp-block-column mobile-order-2 is-layout-flow wp-block-column-is-layout-flow\">\n\n<div class=\"a-innerblock block-tile-wrapper block-tilevariant-wrapper has-black-color\">\n    <div class=\"hero-image-bg\" style=\"filter: brightness(0.95);\">\n            <\/div>\n    <div class=\"block-tile-inner\">\n                    <a href=\"#\" class=\"touch-disable\">\n                <div class=\"overlay\"><\/div>\n                <span class=\"sr-only\">En savoir plus<\/span>\n            <\/a>\n                            <div class=\"text-wrapper\">\n                                    <div class=\"section-title\">\n                        <a href=\"#\">\n                            <span>Texte<\/span>\n                        <\/a>\n                    <\/div>\n                                <div class=\"headline-wrapper\">\n                    <div class=\"font-xl\">\n                        <a href=\"#\">Texte<\/a>\n                    <\/div>\n                <\/div>\n                                    <div class=\"more-btn\"><a href=\"#\">En savoir plus<\/a><\/div>\n                            <\/div>\n            <\/div>\n<\/div><\/div>\n\n\n\n<div class=\"wp-block-column is-layout-flow wp-block-column-is-layout-flow\">\n\n<div class=\"a-innerblock block-tile-wrapper block-tilevariant-wrapper has-black-color\">\n    <div class=\"hero-image-bg\" style=\"filter: brightness(0.94);\">\n            <\/div>\n    <div class=\"block-tile-inner no-hover\">\n                            <div class=\"text-wrapper\">\n                                    <div class=\"section-title\">\n                        <a href=\"\">\n                            <span>Texte<\/span>\n                        <\/a>\n                    <\/div>\n                                <div class=\"headline-wrapper\">\n                    <div class=\"font-xl\">\n                        <a href=\"\">Texte<\/a>\n                    <\/div>\n                <\/div>\n                                    <div class=\"more-btn\"><a href=\"\">En savoir plus<\/a><\/div>\n                            <\/div>\n            <\/div>\n<\/div><\/div>\n<\/div>\n<\/div><\/div>","protected":false},"excerpt":{"rendered":"","protected":false},"author":9,"featured_media":0,"parent":557,"menu_order":1,"comment_status":"closed","ping_status":"closed","template":"","meta":{"_acf_changed":false,"footnotes":""},"categories":[18],"tags":[],"class_list":["post-9568","page","type-page","status-publish","hentry","category-dach-gewerbe"],"acf":[],"yoast_head":"<!-- This site is optimized with the Yoast SEO plugin v27.5 - https:\/\/yoast.com\/product\/yoast-seo-wordpress\/ -->\n<title>PV-Systeme - Mounting Systems<\/title>\n<meta name=\"description\" content=\"\u00dcberzeugen Sie sich von unseren Photovoltaik-Systemen f\u00fcr Aufdach-, Flachdachsysteme, Freiland-Kits und Solarcarports.\" \/>\n<meta name=\"robots\" content=\"index, follow, max-snippet:-1, max-image-preview:large, max-video-preview:-1\" \/>\n<link rel=\"canonical\" href=\"https:\/\/www.mounting-systems.com\/fr\/industrie-de-la-toiture\/systemes-pv\/\" \/>\n<meta property=\"og:locale\" content=\"fr_FR\" \/>\n<meta property=\"og:type\" content=\"article\" \/>\n<meta property=\"og:title\" content=\"PV-Systeme - Mounting Systems\" \/>\n<meta property=\"og:description\" content=\"\u00dcberzeugen Sie sich von unseren Photovoltaik-Systemen f\u00fcr Aufdach-, Flachdachsysteme, Freiland-Kits und Solarcarports.\" \/>\n<meta property=\"og:url\" content=\"https:\/\/www.mounting-systems.com\/fr\/industrie-de-la-toiture\/systemes-pv\/\" \/>\n<meta property=\"og:site_name\" content=\"Mounting Systems\" \/>\n<meta property=\"article:modified_time\" content=\"2026-04-01T13:39:36+00:00\" \/>\n<meta name=\"twitter:card\" content=\"summary_large_image\" \/>\n<script type=\"application\/ld+json\" class=\"yoast-schema-graph\">{\"@context\":\"https:\\\/\\\/schema.org\",\"@graph\":[{\"@type\":\"WebPage\",\"@id\":\"https:\\\/\\\/www.mounting-systems.com\\\/dach-gewerbe\\\/pv-systeme\\\/\",\"url\":\"https:\\\/\\\/www.mounting-systems.com\\\/dach-gewerbe\\\/pv-systeme\\\/\",\"name\":\"PV-Systeme - Mounting Systems\",\"isPartOf\":{\"@id\":\"https:\\\/\\\/www.mounting-systems.com\\\/de\\\/#website\"},\"datePublished\":\"2021-06-04T14:20:09+00:00\",\"dateModified\":\"2026-04-01T13:39:36+00:00\",\"description\":\"\u00dcberzeugen Sie sich von unseren Photovoltaik-Systemen f\u00fcr Aufdach-, Flachdachsysteme, Freiland-Kits und Solarcarports.\",\"breadcrumb\":{\"@id\":\"https:\\\/\\\/www.mounting-systems.com\\\/dach-gewerbe\\\/pv-systeme\\\/#breadcrumb\"},\"inLanguage\":\"fr-FR\",\"potentialAction\":[{\"@type\":\"ReadAction\",\"target\":[\"https:\\\/\\\/www.mounting-systems.com\\\/dach-gewerbe\\\/pv-systeme\\\/\"]}]},{\"@type\":\"BreadcrumbList\",\"@id\":\"https:\\\/\\\/www.mounting-systems.com\\\/dach-gewerbe\\\/pv-systeme\\\/#breadcrumb\",\"itemListElement\":[{\"@type\":\"ListItem\",\"position\":1,\"name\":\"Startseite\",\"item\":\"https:\\\/\\\/www.mounting-systems.com\\\/\"},{\"@type\":\"ListItem\",\"position\":2,\"name\":\"Dach &#038; Gewerbe\",\"item\":\"https:\\\/\\\/www.mounting-systems.com\\\/dach-gewerbe\\\/\"},{\"@type\":\"ListItem\",\"position\":3,\"name\":\"PV-Systeme\"}]},{\"@type\":\"WebSite\",\"@id\":\"https:\\\/\\\/www.mounting-systems.com\\\/de\\\/#website\",\"url\":\"https:\\\/\\\/www.mounting-systems.com\\\/de\\\/\",\"name\":\"Mounting Systems\",\"description\":\"\",\"publisher\":{\"@id\":\"https:\\\/\\\/www.mounting-systems.com\\\/de\\\/#organization\"},\"potentialAction\":[{\"@type\":\"SearchAction\",\"target\":{\"@type\":\"EntryPoint\",\"urlTemplate\":\"https:\\\/\\\/www.mounting-systems.com\\\/de\\\/?s={search_term_string}\"},\"query-input\":{\"@type\":\"PropertyValueSpecification\",\"valueRequired\":true,\"valueName\":\"search_term_string\"}}],\"inLanguage\":\"fr-FR\"},{\"@type\":\"Organization\",\"@id\":\"https:\\\/\\\/www.mounting-systems.com\\\/de\\\/#organization\",\"name\":\"Mounting Systems\",\"url\":\"https:\\\/\\\/www.mounting-systems.com\\\/de\\\/\",\"logo\":{\"@type\":\"ImageObject\",\"inLanguage\":\"fr-FR\",\"@id\":\"https:\\\/\\\/www.mounting-systems.com\\\/de\\\/#\\\/schema\\\/logo\\\/image\\\/\",\"url\":\"https:\\\/\\\/www.mounting-systems.com\\\/wp-content\\\/uploads\\\/2021\\\/01\\\/MSG-Signet-white.png\",\"contentUrl\":\"https:\\\/\\\/www.mounting-systems.com\\\/wp-content\\\/uploads\\\/2021\\\/01\\\/MSG-Signet-white.png\",\"width\":432,\"height\":552,\"caption\":\"Mounting Systems\"},\"image\":{\"@id\":\"https:\\\/\\\/www.mounting-systems.com\\\/de\\\/#\\\/schema\\\/logo\\\/image\\\/\"}}]}<\/script>\n<!-- \/ Yoast SEO plugin. -->","yoast_head_json":{"title":"Syst\u00e8mes PV - Mounting Systems","description":"Laissez-vous convaincre par nos syst\u00e8mes photovolta\u00efques pour toitures, toitures plates, kits de plein air et carports solaires.","robots":{"index":"index","follow":"follow","max-snippet":"max-snippet:-1","max-image-preview":"max-image-preview:large","max-video-preview":"max-video-preview:-1"},"canonical":"https:\/\/www.mounting-systems.com\/fr\/industrie-de-la-toiture\/systemes-pv\/","og_locale":"fr_FR","og_type":"article","og_title":"PV-Systeme - Mounting Systems","og_description":"\u00dcberzeugen Sie sich von unseren Photovoltaik-Systemen f\u00fcr Aufdach-, Flachdachsysteme, Freiland-Kits und Solarcarports.","og_url":"https:\/\/www.mounting-systems.com\/fr\/industrie-de-la-toiture\/systemes-pv\/","og_site_name":"Mounting Systems","article_modified_time":"2026-04-01T13:39:36+00:00","twitter_card":"summary_large_image","schema":{"@context":"https:\/\/schema.org","@graph":[{"@type":"WebPage","@id":"https:\/\/www.mounting-systems.com\/dach-gewerbe\/pv-systeme\/","url":"https:\/\/www.mounting-systems.com\/dach-gewerbe\/pv-systeme\/","name":"Syst\u00e8mes PV - Mounting Systems","isPartOf":{"@id":"https:\/\/www.mounting-systems.com\/de\/#website"},"datePublished":"2021-06-04T14:20:09+00:00","dateModified":"2026-04-01T13:39:36+00:00","description":"Laissez-vous convaincre par nos syst\u00e8mes photovolta\u00efques pour toitures, toitures plates, kits de plein air et carports solaires.","breadcrumb":{"@id":"https:\/\/www.mounting-systems.com\/dach-gewerbe\/pv-systeme\/#breadcrumb"},"inLanguage":"fr-FR","potentialAction":[{"@type":"ReadAction","target":["https:\/\/www.mounting-systems.com\/dach-gewerbe\/pv-systeme\/"]}]},{"@type":"BreadcrumbList","@id":"https:\/\/www.mounting-systems.com\/dach-gewerbe\/pv-systeme\/#breadcrumb","itemListElement":[{"@type":"ListItem","position":1,"name":"Startseite","item":"https:\/\/www.mounting-systems.com\/"},{"@type":"ListItem","position":2,"name":"Dach &#038; Gewerbe","item":"https:\/\/www.mounting-systems.com\/dach-gewerbe\/"},{"@type":"ListItem","position":3,"name":"PV-Systeme"}]},{"@type":"WebSite","@id":"https:\/\/www.mounting-systems.com\/de\/#website","url":"https:\/\/www.mounting-systems.com\/de\/","name":"syst\u00e8mes de montage","description":"","publisher":{"@id":"https:\/\/www.mounting-systems.com\/de\/#organization"},"potentialAction":[{"@type":"SearchAction","target":{"@type":"EntryPoint","urlTemplate":"https:\/\/www.mounting-systems.com\/de\/?s={search_term_string}"},"query-input":{"@type":"PropertyValueSpecification","valueRequired":true,"valueName":"search_term_string"}}],"inLanguage":"fr-FR"},{"@type":"Organization","@id":"https:\/\/www.mounting-systems.com\/de\/#organization","name":"syst\u00e8mes de montage","url":"https:\/\/www.mounting-systems.com\/de\/","logo":{"@type":"ImageObject","inLanguage":"fr-FR","@id":"https:\/\/www.mounting-systems.com\/de\/#\/schema\/logo\/image\/","url":"https:\/\/www.mounting-systems.com\/wp-content\/uploads\/2021\/01\/MSG-Signet-white.png","contentUrl":"https:\/\/www.mounting-systems.com\/wp-content\/uploads\/2021\/01\/MSG-Signet-white.png","width":432,"height":552,"caption":"Mounting Systems"},"image":{"@id":"https:\/\/www.mounting-systems.com\/de\/#\/schema\/logo\/image\/"}}]}},"_links":{"self":[{"href":"https:\/\/www.mounting-systems.com\/fr\/wp-json\/wp\/v2\/pages\/9568","targetHints":{"allow":["GET"]}}],"collection":[{"href":"https:\/\/www.mounting-systems.com\/fr\/wp-json\/wp\/v2\/pages"}],"about":[{"href":"https:\/\/www.mounting-systems.com\/fr\/wp-json\/wp\/v2\/types\/page"}],"author":[{"embeddable":true,"href":"https:\/\/www.mounting-systems.com\/fr\/wp-json\/wp\/v2\/users\/9"}],"replies":[{"embeddable":true,"href":"https:\/\/www.mounting-systems.com\/fr\/wp-json\/wp\/v2\/comments?post=9568"}],"version-history":[{"count":5,"href":"https:\/\/www.mounting-systems.com\/fr\/wp-json\/wp\/v2\/pages\/9568\/revisions"}],"predecessor-version":[{"id":25636,"href":"https:\/\/www.mounting-systems.com\/fr\/wp-json\/wp\/v2\/pages\/9568\/revisions\/25636"}],"up":[{"embeddable":true,"href":"https:\/\/www.mounting-systems.com\/fr\/wp-json\/wp\/v2\/pages\/557"}],"wp:attachment":[{"href":"https:\/\/www.mounting-systems.com\/fr\/wp-json\/wp\/v2\/media?parent=9568"}],"wp:term":[{"taxonomy":"category","embeddable":true,"href":"https:\/\/www.mounting-systems.com\/fr\/wp-json\/wp\/v2\/categories?post=9568"},{"taxonomy":"post_tag","embeddable":true,"href":"https:\/\/www.mounting-systems.com\/fr\/wp-json\/wp\/v2\/tags?post=9568"}],"curies":[{"name":"wp","href":"https:\/\/api.w.org\/{rel}","templated":true}]}}