{"id":605,"date":"2021-01-22T21:08:30","date_gmt":"2021-01-22T20:08:30","guid":{"rendered":"https:\/\/www.mounting-systems.com\/?page_id=605"},"modified":"2026-04-01T15:31:31","modified_gmt":"2026-04-01T13:31:31","slug":"systemes-de-toitures-plates","status":"publish","type":"page","link":"https:\/\/www.mounting-systems.com\/fr\/dach-gewerbe\/pv-systeme\/flachdachsysteme\/","title":{"rendered":"Toit plat"},"content":{"rendered":"<div class=\"wp-block-cover has-custom-content-position is-position-bottom-center a-innerblock\">\n    <img loading=\"lazy\" decoding=\"async\" width=\"1920\" height=\"1080\" src=\"https:\/\/www.mounting-systems.com\/wp-content\/uploads\/LightX-S-Hero.png\" class=\"hero-image-bg\" alt=\"Image du produit LightX-S, rendu 3D\" style=\"filter: brightness(0.85)\" srcset=\"https:\/\/www.mounting-systems.com\/wp-content\/uploads\/LightX-S-Hero.png 1920w, https:\/\/www.mounting-systems.com\/wp-content\/uploads\/LightX-S-Hero-800x450.png 800w, https:\/\/www.mounting-systems.com\/wp-content\/uploads\/LightX-S-Hero-768x432.png 768w, https:\/\/www.mounting-systems.com\/wp-content\/uploads\/LightX-S-Hero-1536x864.png 1536w, https:\/\/www.mounting-systems.com\/wp-content\/uploads\/LightX-S-Hero-18x10.png 18w\" sizes=\"auto, (max-width: 1920px) 100vw, 1920px\" \/>    <div class=\"wp-block-cover__inner-container\">\n                   <h1 class=\"has-text-align-center arrow-animation\" style=\"color: #ffffff;\">Nos syst\u00e8mes pour toitures plates pour toutes les situations de montage imaginables <\/h1>\n                <div class=\"arrow-down hero-arrow\"><img decoding=\"async\" src=\"https:\/\/www.mounting-systems.com\/wp-content\/themes\/mosys\/images\/hero-arrow.svg\" alt=\"Ic\u00f4ne de d\u00e9filement vers le bas\"><\/div>\n    <\/div>\n<\/div>\n<div class=\"print-only p-hero-image\">\n    <img loading=\"lazy\" decoding=\"async\" width=\"1920\" height=\"1080\" src=\"https:\/\/www.mounting-systems.com\/wp-content\/uploads\/LightX-S-Hero.png\" class=\"attachment-full size-full\" alt=\"Image du produit LightX-S, rendu 3D\" style=\"filter: brightness(0.85)\" srcset=\"https:\/\/www.mounting-systems.com\/wp-content\/uploads\/LightX-S-Hero.png 1920w, https:\/\/www.mounting-systems.com\/wp-content\/uploads\/LightX-S-Hero-800x450.png 800w, https:\/\/www.mounting-systems.com\/wp-content\/uploads\/LightX-S-Hero-768x432.png 768w, https:\/\/www.mounting-systems.com\/wp-content\/uploads\/LightX-S-Hero-1536x864.png 1536w, https:\/\/www.mounting-systems.com\/wp-content\/uploads\/LightX-S-Hero-18x10.png 18w\" sizes=\"auto, (max-width: 1920px) 100vw, 1920px\" \/><\/div>\n\n\n<div class=\"wp-block-columns fullsize-cols-2 is-layout-flex wp-container-core-columns-is-layout-9d6595d7 wp-block-columns-is-layout-flex\" id=\"lightx\">\n<div class=\"wp-block-column is-layout-flow wp-block-column-is-layout-flow\" style=\"flex-basis:100%\" id=\"speed\">\n\n<div class=\"a-innerblock block-tile-wrapper block-tilevariant-wrapper has-black-color\">\n    <div class=\"hero-image-bg\" style=\"filter: brightness(0.95);\">\n        <img loading=\"lazy\" decoding=\"async\" width=\"1200\" height=\"1800\" src=\"https:\/\/www.mounting-systems.com\/wp-content\/uploads\/LightX-Speed_kachel.png\" class=\"attachment-full size-full\" alt=\"Rendu 3D du LightX-Speed\" srcset=\"https:\/\/www.mounting-systems.com\/wp-content\/uploads\/LightX-Speed_kachel.png 1200w, https:\/\/www.mounting-systems.com\/wp-content\/uploads\/LightX-Speed_kachel-533x800.png 533w, https:\/\/www.mounting-systems.com\/wp-content\/uploads\/LightX-Speed_kachel-720x1080.png 720w, https:\/\/www.mounting-systems.com\/wp-content\/uploads\/LightX-Speed_kachel-768x1152.png 768w, https:\/\/www.mounting-systems.com\/wp-content\/uploads\/LightX-Speed_kachel-1024x1536.png 1024w, https:\/\/www.mounting-systems.com\/wp-content\/uploads\/LightX-Speed_kachel-8x12.png 8w\" sizes=\"auto, (max-width: 1200px) 100vw, 1200px\" \/>    <\/div>\n    <div class=\"block-tile-inner\">\n                    <a href=\"https:\/\/www.mounting-systems.com\/fr\/industrie-de-la-toiture\/systemes-pv\/systemes-de-toitures-plates\/lightx\/#speed\" class=\"touch-disable\">\n                <div class=\"overlay img-multiply\"><\/div>\n                <span class=\"sr-only\">Pr\u00e9-assembl\u00e9 - En savoir plus<\/span>\n            <\/a>\n                            <div class=\"text-wrapper\">\n                                    <div class=\"section-title\">\n                        <a href=\"https:\/\/www.mounting-systems.com\/fr\/industrie-de-la-toiture\/systemes-pv\/systemes-de-toitures-plates\/lightx\/#speed\">\n                            <span>Pr\u00e9-assembl\u00e9<\/span>\n                        <\/a>\n                    <\/div>\n                                <div class=\"headline-wrapper\">\n                    <div class=\"font-xl\">\n                        <a href=\"https:\/\/www.mounting-systems.com\/fr\/industrie-de-la-toiture\/systemes-pv\/systemes-de-toitures-plates\/lightx\/#speed\">LightX Speed<\/a>\n                    <\/div>\n                <\/div>\n                                    <div class=\"more-btn\"><a href=\"https:\/\/www.mounting-systems.com\/fr\/industrie-de-la-toiture\/systemes-pv\/systemes-de-toitures-plates\/lightx\/#speed\">En savoir plus<\/a><\/div>\n                            <\/div>\n            <\/div>\n<\/div><\/div>\n<\/div>\n\n\n\n<div class=\"wp-block-columns is-layout-flex wp-container-core-columns-is-layout-9d6595d7 wp-block-columns-is-layout-flex\" id=\"fd3\">\n<div class=\"wp-block-column is-layout-flow wp-block-column-is-layout-flow\" id=\"solarfix\">\n\n<div class=\"a-innerblock block-tile-wrapper block-tilevariant-wrapper has-black-color\">\n    <div class=\"hero-image-bg\" style=\"filter: brightness(1);\">\n        <img loading=\"lazy\" decoding=\"async\" width=\"1920\" height=\"1080\" src=\"https:\/\/www.mounting-systems.com\/wp-content\/uploads\/SolarFix.jpg\" class=\"attachment-full size-full\" alt=\"Connexion SolarFix \u00e0 FD3 PremiumLine, rendu 3D\" srcset=\"https:\/\/www.mounting-systems.com\/wp-content\/uploads\/SolarFix.jpg 1920w, https:\/\/www.mounting-systems.com\/wp-content\/uploads\/SolarFix-800x450.jpg 800w, https:\/\/www.mounting-systems.com\/wp-content\/uploads\/SolarFix-768x432.jpg 768w, https:\/\/www.mounting-systems.com\/wp-content\/uploads\/SolarFix-1536x864.jpg 1536w, https:\/\/www.mounting-systems.com\/wp-content\/uploads\/SolarFix-18x10.jpg 18w\" sizes=\"auto, (max-width: 1920px) 100vw, 1920px\" \/>    <\/div>\n    <div class=\"block-tile-inner\">\n                    <a href=\"https:\/\/www.mounting-systems.com\/fr\/industrie-de-la-toiture\/systemes-pv\/fd3-premium-line\/#solarfix\" class=\"touch-disable\">\n                <div class=\"overlay img-multiply\"><\/div>\n                <span class=\"sr-only\">Fixation sans lestage - En savoir plus<\/span>\n            <\/a>\n                            <div class=\"text-wrapper\">\n                                    <div class=\"section-title\">\n                        <a href=\"https:\/\/www.mounting-systems.com\/fr\/industrie-de-la-toiture\/systemes-pv\/fd3-premium-line\/#solarfix\">\n                            <span>Fixation sans lestage<\/span>\n                        <\/a>\n                    <\/div>\n                                <div class=\"headline-wrapper\">\n                    <div class=\"font-xl\">\n                        <a href=\"https:\/\/www.mounting-systems.com\/fr\/industrie-de-la-toiture\/systemes-pv\/fd3-premium-line\/#solarfix\">SolarFix<br \/>\r\nNon-fixe<\/a>\n                    <\/div>\n                <\/div>\n                                    <div class=\"more-btn\"><a href=\"https:\/\/www.mounting-systems.com\/fr\/industrie-de-la-toiture\/systemes-pv\/fd3-premium-line\/#solarfix\">En savoir plus<\/a><\/div>\n                            <\/div>\n            <\/div>\n<\/div><\/div>\n\n\n\n<div class=\"wp-block-column is-layout-flow wp-block-column-is-layout-flow\">\n\n<div class=\"a-innerblock block-tile-wrapper block-tilevariant-wrapper has-black-color\">\n    <div class=\"hero-image-bg\" style=\"filter: brightness(0.95);\">\n        <img loading=\"lazy\" decoding=\"async\" width=\"1537\" height=\"2560\" src=\"https:\/\/www.mounting-systems.com\/wp-content\/uploads\/FD3-S_Kachel-scaled.jpg\" class=\"attachment-full size-full\" alt=\"FD3-S Image du produit, rendu 3D\" srcset=\"https:\/\/www.mounting-systems.com\/wp-content\/uploads\/FD3-S_Kachel-scaled.jpg 1537w, https:\/\/www.mounting-systems.com\/wp-content\/uploads\/FD3-S_Kachel-480x800.jpg 480w, https:\/\/www.mounting-systems.com\/wp-content\/uploads\/FD3-S_Kachel-648x1080.jpg 648w, https:\/\/www.mounting-systems.com\/wp-content\/uploads\/FD3-S_Kachel-768x1279.jpg 768w, https:\/\/www.mounting-systems.com\/wp-content\/uploads\/FD3-S_Kachel-922x1536.jpg 922w, https:\/\/www.mounting-systems.com\/wp-content\/uploads\/FD3-S_Kachel-1229x2048.jpg 1229w, https:\/\/www.mounting-systems.com\/wp-content\/uploads\/FD3-S_Kachel-7x12.jpg 7w\" sizes=\"auto, (max-width: 1537px) 100vw, 1537px\" \/>    <\/div>\n    <div class=\"block-tile-inner\">\n                    <a href=\"https:\/\/www.mounting-systems.com\/fr\/industrie-de-la-toiture\/systemes-pv\/fd3-premium-line\/#fd3s\" class=\"touch-disable\">\n                <div class=\"overlay img-multiply\"><\/div>\n                <span class=\"sr-only\">Orientation sud - En savoir plus<\/span>\n            <\/a>\n                            <div class=\"text-wrapper\">\n                                    <div class=\"section-title\">\n                        <a href=\"https:\/\/www.mounting-systems.com\/fr\/industrie-de-la-toiture\/systemes-pv\/fd3-premium-line\/#fd3s\">\n                            <span>Orientation sud<\/span>\n                        <\/a>\n                    <\/div>\n                                <div class=\"headline-wrapper\">\n                    <div class=\"font-xl\">\n                        <a href=\"https:\/\/www.mounting-systems.com\/fr\/industrie-de-la-toiture\/systemes-pv\/fd3-premium-line\/#fd3s\">FD3-S <br \/>\r\nLigne Premium<\/a>\n                    <\/div>\n                <\/div>\n                                    <div class=\"more-btn\"><a href=\"https:\/\/www.mounting-systems.com\/fr\/industrie-de-la-toiture\/systemes-pv\/fd3-premium-line\/#fd3s\">En savoir plus<\/a><\/div>\n                            <\/div>\n            <\/div>\n<\/div><\/div>\n\n\n\n<div class=\"wp-block-column is-layout-flow wp-block-column-is-layout-flow\">\n\n<div class=\"a-innerblock block-tile-wrapper block-tilevariant-wrapper has-black-color\">\n    <div class=\"hero-image-bg\" style=\"filter: brightness(0.9);\">\n        <img loading=\"lazy\" decoding=\"async\" width=\"1537\" height=\"2560\" src=\"https:\/\/www.mounting-systems.com\/wp-content\/uploads\/FD3-EW_Kachel-scaled.jpg\" class=\"attachment-full size-full\" alt=\"FD3-EW Image du produit, rendu 3D\" srcset=\"https:\/\/www.mounting-systems.com\/wp-content\/uploads\/FD3-EW_Kachel-scaled.jpg 1537w, https:\/\/www.mounting-systems.com\/wp-content\/uploads\/FD3-EW_Kachel-480x800.jpg 480w, https:\/\/www.mounting-systems.com\/wp-content\/uploads\/FD3-EW_Kachel-648x1080.jpg 648w, https:\/\/www.mounting-systems.com\/wp-content\/uploads\/FD3-EW_Kachel-768x1279.jpg 768w, https:\/\/www.mounting-systems.com\/wp-content\/uploads\/FD3-EW_Kachel-922x1536.jpg 922w, https:\/\/www.mounting-systems.com\/wp-content\/uploads\/FD3-EW_Kachel-1229x2048.jpg 1229w, https:\/\/www.mounting-systems.com\/wp-content\/uploads\/FD3-EW_Kachel-7x12.jpg 7w\" sizes=\"auto, (max-width: 1537px) 100vw, 1537px\" \/>    <\/div>\n    <div class=\"block-tile-inner\">\n                    <a href=\"https:\/\/www.mounting-systems.com\/fr\/industrie-de-la-toiture\/systemes-pv\/fd3-premium-line\/#fd3ew\" class=\"touch-disable\">\n                <div class=\"overlay img-multiply\"><\/div>\n                <span class=\"sr-only\">Orientation est-ouest - En savoir plus<\/span>\n            <\/a>\n                            <div class=\"text-wrapper\">\n                                    <div class=\"section-title\">\n                        <a href=\"https:\/\/www.mounting-systems.com\/fr\/industrie-de-la-toiture\/systemes-pv\/fd3-premium-line\/#fd3ew\">\n                            <span>Orientation est-ouest<\/span>\n                        <\/a>\n                    <\/div>\n                                <div class=\"headline-wrapper\">\n                    <div class=\"font-xl\">\n                        <a href=\"https:\/\/www.mounting-systems.com\/fr\/industrie-de-la-toiture\/systemes-pv\/fd3-premium-line\/#fd3ew\">FD3-EW<br \/>\r\nLigne Premium<\/a>\n                    <\/div>\n                <\/div>\n                                    <div class=\"more-btn\"><a href=\"https:\/\/www.mounting-systems.com\/fr\/industrie-de-la-toiture\/systemes-pv\/fd3-premium-line\/#fd3ew\">En savoir plus<\/a><\/div>\n                            <\/div>\n            <\/div>\n<\/div><\/div>\n<\/div>","protected":false},"excerpt":{"rendered":"","protected":false},"author":9,"featured_media":0,"parent":9568,"menu_order":2,"comment_status":"closed","ping_status":"closed","template":"","meta":{"_acf_changed":false,"footnotes":""},"categories":[18],"tags":[],"class_list":["post-605","page","type-page","status-publish","hentry","category-dach-gewerbe"],"acf":[],"yoast_head":"<!-- This site is optimized with the Yoast SEO plugin v27.5 - https:\/\/yoast.com\/product\/yoast-seo-wordpress\/ -->\n<title>Flachdach - Mounting Systems<\/title>\n<meta name=\"description\" content=\"Unsere PV-Flachdachsysteme f\u00fcr jede erdenkliche Montagesituation. Flexibles Baukastensystem - einfach konfiguriert.\" \/>\n<meta name=\"robots\" content=\"index, follow, max-snippet:-1, max-image-preview:large, max-video-preview:-1\" \/>\n<link rel=\"canonical\" href=\"https:\/\/www.mounting-systems.com\/fr\/industrie-de-la-toiture\/systemes-pv\/systemes-de-toitures-plates\/\" \/>\n<meta property=\"og:locale\" content=\"fr_FR\" \/>\n<meta property=\"og:type\" content=\"article\" \/>\n<meta property=\"og:title\" content=\"Flachdach - Mounting Systems\" \/>\n<meta property=\"og:description\" content=\"Unsere PV-Flachdachsysteme f\u00fcr jede erdenkliche Montagesituation. Flexibles Baukastensystem - einfach konfiguriert.\" \/>\n<meta property=\"og:url\" content=\"https:\/\/www.mounting-systems.com\/fr\/industrie-de-la-toiture\/systemes-pv\/systemes-de-toitures-plates\/\" \/>\n<meta property=\"og:site_name\" content=\"Mounting Systems\" \/>\n<meta property=\"article:modified_time\" content=\"2026-04-01T13:31:31+00:00\" \/>\n<meta name=\"twitter:card\" content=\"summary_large_image\" \/>\n<script type=\"application\/ld+json\" class=\"yoast-schema-graph\">{\"@context\":\"https:\\\/\\\/schema.org\",\"@graph\":[{\"@type\":\"WebPage\",\"@id\":\"https:\\\/\\\/www.mounting-systems.com\\\/dach-gewerbe\\\/pv-systeme\\\/flachdachsysteme\\\/\",\"url\":\"https:\\\/\\\/www.mounting-systems.com\\\/dach-gewerbe\\\/pv-systeme\\\/flachdachsysteme\\\/\",\"name\":\"Flachdach - Mounting Systems\",\"isPartOf\":{\"@id\":\"https:\\\/\\\/www.mounting-systems.com\\\/de\\\/#website\"},\"datePublished\":\"2021-01-22T20:08:30+00:00\",\"dateModified\":\"2026-04-01T13:31:31+00:00\",\"description\":\"Unsere PV-Flachdachsysteme f\u00fcr jede erdenkliche Montagesituation. Flexibles Baukastensystem - einfach konfiguriert.\",\"breadcrumb\":{\"@id\":\"https:\\\/\\\/www.mounting-systems.com\\\/dach-gewerbe\\\/pv-systeme\\\/flachdachsysteme\\\/#breadcrumb\"},\"inLanguage\":\"fr-FR\",\"potentialAction\":[{\"@type\":\"ReadAction\",\"target\":[\"https:\\\/\\\/www.mounting-systems.com\\\/dach-gewerbe\\\/pv-systeme\\\/flachdachsysteme\\\/\"]}]},{\"@type\":\"BreadcrumbList\",\"@id\":\"https:\\\/\\\/www.mounting-systems.com\\\/dach-gewerbe\\\/pv-systeme\\\/flachdachsysteme\\\/#breadcrumb\",\"itemListElement\":[{\"@type\":\"ListItem\",\"position\":1,\"name\":\"Startseite\",\"item\":\"https:\\\/\\\/www.mounting-systems.com\\\/\"},{\"@type\":\"ListItem\",\"position\":2,\"name\":\"Dach &#038; Gewerbe\",\"item\":\"https:\\\/\\\/www.mounting-systems.com\\\/dach-gewerbe\\\/\"},{\"@type\":\"ListItem\",\"position\":3,\"name\":\"PV-Systeme\",\"item\":\"https:\\\/\\\/www.mounting-systems.com\\\/dach-gewerbe\\\/pv-systeme\\\/\"},{\"@type\":\"ListItem\",\"position\":4,\"name\":\"Flachdach\"}]},{\"@type\":\"WebSite\",\"@id\":\"https:\\\/\\\/www.mounting-systems.com\\\/de\\\/#website\",\"url\":\"https:\\\/\\\/www.mounting-systems.com\\\/de\\\/\",\"name\":\"Mounting Systems\",\"description\":\"\",\"publisher\":{\"@id\":\"https:\\\/\\\/www.mounting-systems.com\\\/de\\\/#organization\"},\"potentialAction\":[{\"@type\":\"SearchAction\",\"target\":{\"@type\":\"EntryPoint\",\"urlTemplate\":\"https:\\\/\\\/www.mounting-systems.com\\\/de\\\/?s={search_term_string}\"},\"query-input\":{\"@type\":\"PropertyValueSpecification\",\"valueRequired\":true,\"valueName\":\"search_term_string\"}}],\"inLanguage\":\"fr-FR\"},{\"@type\":\"Organization\",\"@id\":\"https:\\\/\\\/www.mounting-systems.com\\\/de\\\/#organization\",\"name\":\"Mounting Systems\",\"url\":\"https:\\\/\\\/www.mounting-systems.com\\\/de\\\/\",\"logo\":{\"@type\":\"ImageObject\",\"inLanguage\":\"fr-FR\",\"@id\":\"https:\\\/\\\/www.mounting-systems.com\\\/de\\\/#\\\/schema\\\/logo\\\/image\\\/\",\"url\":\"https:\\\/\\\/www.mounting-systems.com\\\/wp-content\\\/uploads\\\/2021\\\/01\\\/MSG-Signet-white.png\",\"contentUrl\":\"https:\\\/\\\/www.mounting-systems.com\\\/wp-content\\\/uploads\\\/2021\\\/01\\\/MSG-Signet-white.png\",\"width\":432,\"height\":552,\"caption\":\"Mounting Systems\"},\"image\":{\"@id\":\"https:\\\/\\\/www.mounting-systems.com\\\/de\\\/#\\\/schema\\\/logo\\\/image\\\/\"}}]}<\/script>\n<!-- \/ Yoast SEO plugin. -->","yoast_head_json":{"title":"Toiture plate - Mounting Systems","description":"Nos syst\u00e8mes PV pour toitures plates pour toutes les situations de montage imaginables. Un syst\u00e8me modulaire flexible - facile \u00e0 configurer.","robots":{"index":"index","follow":"follow","max-snippet":"max-snippet:-1","max-image-preview":"max-image-preview:large","max-video-preview":"max-video-preview:-1"},"canonical":"https:\/\/www.mounting-systems.com\/fr\/industrie-de-la-toiture\/systemes-pv\/systemes-de-toitures-plates\/","og_locale":"fr_FR","og_type":"article","og_title":"Flachdach - Mounting Systems","og_description":"Unsere PV-Flachdachsysteme f\u00fcr jede erdenkliche Montagesituation. Flexibles Baukastensystem - einfach konfiguriert.","og_url":"https:\/\/www.mounting-systems.com\/fr\/industrie-de-la-toiture\/systemes-pv\/systemes-de-toitures-plates\/","og_site_name":"Mounting Systems","article_modified_time":"2026-04-01T13:31:31+00:00","twitter_card":"summary_large_image","schema":{"@context":"https:\/\/schema.org","@graph":[{"@type":"WebPage","@id":"https:\/\/www.mounting-systems.com\/dach-gewerbe\/pv-systeme\/flachdachsysteme\/","url":"https:\/\/www.mounting-systems.com\/dach-gewerbe\/pv-systeme\/flachdachsysteme\/","name":"Toiture plate - Mounting Systems","isPartOf":{"@id":"https:\/\/www.mounting-systems.com\/de\/#website"},"datePublished":"2021-01-22T20:08:30+00:00","dateModified":"2026-04-01T13:31:31+00:00","description":"Nos syst\u00e8mes PV pour toitures plates pour toutes les situations de montage imaginables. Un syst\u00e8me modulaire flexible - facile \u00e0 configurer.","breadcrumb":{"@id":"https:\/\/www.mounting-systems.com\/dach-gewerbe\/pv-systeme\/flachdachsysteme\/#breadcrumb"},"inLanguage":"fr-FR","potentialAction":[{"@type":"ReadAction","target":["https:\/\/www.mounting-systems.com\/dach-gewerbe\/pv-systeme\/flachdachsysteme\/"]}]},{"@type":"BreadcrumbList","@id":"https:\/\/www.mounting-systems.com\/dach-gewerbe\/pv-systeme\/flachdachsysteme\/#breadcrumb","itemListElement":[{"@type":"ListItem","position":1,"name":"Startseite","item":"https:\/\/www.mounting-systems.com\/"},{"@type":"ListItem","position":2,"name":"Dach &#038; Gewerbe","item":"https:\/\/www.mounting-systems.com\/dach-gewerbe\/"},{"@type":"ListItem","position":3,"name":"PV-Systeme","item":"https:\/\/www.mounting-systems.com\/dach-gewerbe\/pv-systeme\/"},{"@type":"ListItem","position":4,"name":"Flachdach"}]},{"@type":"WebSite","@id":"https:\/\/www.mounting-systems.com\/de\/#website","url":"https:\/\/www.mounting-systems.com\/de\/","name":"syst\u00e8mes de montage","description":"","publisher":{"@id":"https:\/\/www.mounting-systems.com\/de\/#organization"},"potentialAction":[{"@type":"SearchAction","target":{"@type":"EntryPoint","urlTemplate":"https:\/\/www.mounting-systems.com\/de\/?s={search_term_string}"},"query-input":{"@type":"PropertyValueSpecification","valueRequired":true,"valueName":"search_term_string"}}],"inLanguage":"fr-FR"},{"@type":"Organization","@id":"https:\/\/www.mounting-systems.com\/de\/#organization","name":"syst\u00e8mes de montage","url":"https:\/\/www.mounting-systems.com\/de\/","logo":{"@type":"ImageObject","inLanguage":"fr-FR","@id":"https:\/\/www.mounting-systems.com\/de\/#\/schema\/logo\/image\/","url":"https:\/\/www.mounting-systems.com\/wp-content\/uploads\/2021\/01\/MSG-Signet-white.png","contentUrl":"https:\/\/www.mounting-systems.com\/wp-content\/uploads\/2021\/01\/MSG-Signet-white.png","width":432,"height":552,"caption":"Mounting Systems"},"image":{"@id":"https:\/\/www.mounting-systems.com\/de\/#\/schema\/logo\/image\/"}}]}},"_links":{"self":[{"href":"https:\/\/www.mounting-systems.com\/fr\/wp-json\/wp\/v2\/pages\/605","targetHints":{"allow":["GET"]}}],"collection":[{"href":"https:\/\/www.mounting-systems.com\/fr\/wp-json\/wp\/v2\/pages"}],"about":[{"href":"https:\/\/www.mounting-systems.com\/fr\/wp-json\/wp\/v2\/types\/page"}],"author":[{"embeddable":true,"href":"https:\/\/www.mounting-systems.com\/fr\/wp-json\/wp\/v2\/users\/9"}],"replies":[{"embeddable":true,"href":"https:\/\/www.mounting-systems.com\/fr\/wp-json\/wp\/v2\/comments?post=605"}],"version-history":[{"count":3,"href":"https:\/\/www.mounting-systems.com\/fr\/wp-json\/wp\/v2\/pages\/605\/revisions"}],"predecessor-version":[{"id":25668,"href":"https:\/\/www.mounting-systems.com\/fr\/wp-json\/wp\/v2\/pages\/605\/revisions\/25668"}],"up":[{"embeddable":true,"href":"https:\/\/www.mounting-systems.com\/fr\/wp-json\/wp\/v2\/pages\/9568"}],"wp:attachment":[{"href":"https:\/\/www.mounting-systems.com\/fr\/wp-json\/wp\/v2\/media?parent=605"}],"wp:term":[{"taxonomy":"category","embeddable":true,"href":"https:\/\/www.mounting-systems.com\/fr\/wp-json\/wp\/v2\/categories?post=605"},{"taxonomy":"post_tag","embeddable":true,"href":"https:\/\/www.mounting-systems.com\/fr\/wp-json\/wp\/v2\/tags?post=605"}],"curies":[{"name":"wp","href":"https:\/\/api.w.org\/{rel}","templated":true}]}}