{"id":24700,"date":"2025-05-06T17:58:12","date_gmt":"2025-05-06T15:58:12","guid":{"rendered":"https:\/\/www.mounting-systems.com\/?page_id=24700"},"modified":"2026-05-05T12:06:08","modified_gmt":"2026-05-05T10:06:08","slug":"lightx","status":"publish","type":"page","link":"https:\/\/www.mounting-systems.com\/fr\/dach-gewerbe\/pv-systeme\/flachdachsysteme\/lightx\/","title":{"rendered":"LightX"},"content":{"rendered":"<div class=\"wp-block-cover has-custom-content-position is-position-bottom-center a-innerblock\">\n    <img loading=\"lazy\" decoding=\"async\" width=\"1920\" height=\"1080\" src=\"https:\/\/www.mounting-systems.com\/wp-content\/uploads\/LightX-S-Hero.png\" class=\"hero-image-bg\" alt=\"Image du produit LightX-S, rendu 3D\" style=\"filter: brightness(1)\" srcset=\"https:\/\/www.mounting-systems.com\/wp-content\/uploads\/LightX-S-Hero.png 1920w, https:\/\/www.mounting-systems.com\/wp-content\/uploads\/LightX-S-Hero-800x450.png 800w, https:\/\/www.mounting-systems.com\/wp-content\/uploads\/LightX-S-Hero-768x432.png 768w, https:\/\/www.mounting-systems.com\/wp-content\/uploads\/LightX-S-Hero-1536x864.png 1536w, https:\/\/www.mounting-systems.com\/wp-content\/uploads\/LightX-S-Hero-18x10.png 18w\" sizes=\"auto, (max-width: 1920px) 100vw, 1920px\" \/>    <div class=\"wp-block-cover__inner-container\">\n                   <h1 class=\"has-text-align-center arrow-animation\" style=\"color: #ffffff;\">Le nouveau syst\u00e8me LightX pour toitures plates<\/h1>\n                <div class=\"arrow-down hero-arrow\"><img decoding=\"async\" src=\"https:\/\/www.mounting-systems.com\/wp-content\/themes\/mosys\/images\/hero-arrow.svg\" alt=\"Ic\u00f4ne de d\u00e9filement vers le bas\"><\/div>\n    <\/div>\n<\/div>\n<div class=\"print-only p-hero-image\">\n    <img loading=\"lazy\" decoding=\"async\" width=\"1920\" height=\"1080\" src=\"https:\/\/www.mounting-systems.com\/wp-content\/uploads\/LightX-S-Hero.png\" class=\"attachment-full size-full\" alt=\"Image du produit LightX-S, rendu 3D\" style=\"filter: brightness(1)\" srcset=\"https:\/\/www.mounting-systems.com\/wp-content\/uploads\/LightX-S-Hero.png 1920w, https:\/\/www.mounting-systems.com\/wp-content\/uploads\/LightX-S-Hero-800x450.png 800w, https:\/\/www.mounting-systems.com\/wp-content\/uploads\/LightX-S-Hero-768x432.png 768w, https:\/\/www.mounting-systems.com\/wp-content\/uploads\/LightX-S-Hero-1536x864.png 1536w, https:\/\/www.mounting-systems.com\/wp-content\/uploads\/LightX-S-Hero-18x10.png 18w\" sizes=\"auto, (max-width: 1920px) 100vw, 1920px\" \/><\/div>\n\n\n<div class=\"wp-block-group section fullsize\"><div class=\"wp-block-group__inner-container is-layout-constrained wp-block-group-is-layout-constrained\">\n<div class=\"wp-block-group cols-2\"><div class=\"wp-block-group__inner-container is-layout-constrained wp-block-group-is-layout-constrained\">\n<div class=\"wp-block-columns is-layout-flex wp-container-core-columns-is-layout-9d6595d7 wp-block-columns-is-layout-flex\">\n<div class=\"wp-block-column is-layout-flow wp-block-column-is-layout-flow\">\n\n<div class=\"a-innerblock accordion-list accordion-reg-list block-accordion-wrapper\">\n    <div class=\"a-innerblock block-newsheader-wrapper\">\n        <div class=\"block-newsheader-inner\">\n            <div class=\"text-wrapper\">\n                                        <div class=\"section-title\">\n                            <span>LightX<\/span>\n                        <\/div>\n                                                                                                            <h2>L\u00e9ger et facile \u00e0 utiliser. Efficace et performant. \u00c0 l'\u00e9preuve du temps<\/h2>\n                                                                                                                                        <div class=\"teaser-text\"><p><!--ScriptorStartFragment--><span style=\"color: #1d1d22;\">Nos derniers syst\u00e8mes pour toitures plates constituent une r\u00e9f\u00e9rence en mati\u00e8re de technique de montage photovolta\u00efque. Gr\u00e2ce \u00e0 l'utilisation de supports l\u00e9g\u00e8rement lest\u00e9s, nous r\u00e9duisons consid\u00e9rablement la charge sur le toit et permettons une adaptation flexible aux diff\u00e9rents types de toitures.<\/span><\/p>\n<p><span style=\"color: #1d1d22;\"><span style=\"color: #5a595f;\">Gr\u00e2ce \u00e0 l'optimisation a\u00e9rodynamique et \u00e0 la construction modulaire, nos syst\u00e8mes offrent une installation rapide et un rendement \u00e9nerg\u00e9tique maximal. De plus, des mat\u00e9riaux de haute qualit\u00e9 comme l'aluminium et l'acier inoxydable garantissent une longue dur\u00e9e de vie et une grande r\u00e9sistance \u00e0 la corrosion.\u00a0<\/span> <!--ScriptorEndFragment--><\/span><br \/>\n<!--ScriptorEndFragment--><\/p>\n<\/div>\n                                                <\/div>\n        <\/div>\n    <\/div>\n        <div class=\"block-accordion-wrapper-inner\">\n                    <ul class=\"level-1\">\n                                    <li class=\"accordion-wrapper border-b\">\n                                                    <h3 class=\"c-title accordion-btn font-l\">LightX<\/h3>\n                                                <div class=\"accordion-txt\">\n                            <p><!--ScriptorStartFragment--><\/p>\n<div><\/div>\n<p><img loading=\"lazy\" decoding=\"async\" class=\"alignnone size-full wp-image-24746\" src=\"https:\/\/www.mounting-systems.com\/wp-content\/uploads\/Stuetzen.png\" alt=\"\" width=\"500\" height=\"300\" srcset=\"https:\/\/www.mounting-systems.com\/wp-content\/uploads\/Stuetzen.png 500w, https:\/\/www.mounting-systems.com\/wp-content\/uploads\/Stuetzen-18x12.png 18w\" sizes=\"auto, (max-width: 500px) 100vw, 500px\" \/><\/p>\n<div><\/div>\n<div><\/div>\n<div><\/div>\n<div class=\"scriptor-paragraph\"><span style=\"color: #00b0a1;\"><span style=\"color: #1d1d22;\">Deux nouveaux supports ont \u00e9t\u00e9 sp\u00e9cialement con\u00e7us pour le <\/span>\u00a0LightX<\/span>pour \u00e9conomiser des mat\u00e9riaux. Ces supports innovants offrent non seulement une fixation stable et s\u00fbre des modules PV, mais r\u00e9duisent \u00e9galement la consommation de mat\u00e9riaux, ce qui permet de r\u00e9aliser des \u00e9conomies suppl\u00e9mentaires. Cela rend notre syst\u00e8me encore plus attractif pour les projets \u00e0 vocation \u00e9conomique.<!--ScriptorEndFragment--><\/div>\n                        <\/div>\n                    <\/li>\n                                    <li class=\"accordion-wrapper border-b\">\n                                                    <h3 class=\"c-title accordion-btn font-l\">Vitesse<\/h3>\n                                                <div class=\"accordion-txt\">\n                            <p><!--ScriptorStartFragment--><\/p>\n<div class=\"scriptor-paragraph\"><span style=\"color: #00b0a1;\">LightX Speed<\/span> est le syst\u00e8me le plus efficace de la famille LightX - con\u00e7u pour des installations particuli\u00e8rement rapides sur des toits plats.<\/div>\n<div><\/div>\n<ul>\n<li class=\"scriptor-paragraph\">Composants pr\u00e9-assembl\u00e9s<\/li>\n<li class=\"scriptor-paragraph\">Serrage pr\u00e9-positionn\u00e9<\/li>\n<li class=\"scriptor-paragraph\">Nouveaux tapis de protection<\/li>\n<\/ul>\n<p>R\u00e9duit le temps de montage et les co\u00fbts de main-d'\u0153uvre tout en prot\u00e9geant le toit et l'installation. La protection contre la foudre int\u00e9gr\u00e9e en option fait de LightX Speed une solution \u00e0 l'\u00e9preuve du temps pour les projets professionnels.<!--ScriptorEndFragment--><\/p>\n                        <\/div>\n                    <\/li>\n                            <\/ul>\n            <\/div>\n<\/div><\/div>\n\n\n\n<div class=\"wp-block-column is-vertically-aligned-center is-layout-flow wp-block-column-is-layout-flow\">\n<figure class=\"wp-block-image size-full\"><img loading=\"lazy\" decoding=\"async\" width=\"1920\" height=\"1080\" src=\"https:\/\/www.mounting-systems.com\/wp-content\/uploads\/LightX-Speed_RGB_8K.png\" alt=\"\" class=\"wp-image-24717\" srcset=\"https:\/\/www.mounting-systems.com\/wp-content\/uploads\/LightX-Speed_RGB_8K.png 1920w, https:\/\/www.mounting-systems.com\/wp-content\/uploads\/LightX-Speed_RGB_8K-800x450.png 800w, https:\/\/www.mounting-systems.com\/wp-content\/uploads\/LightX-Speed_RGB_8K-768x432.png 768w, https:\/\/www.mounting-systems.com\/wp-content\/uploads\/LightX-Speed_RGB_8K-1536x864.png 1536w, https:\/\/www.mounting-systems.com\/wp-content\/uploads\/LightX-Speed_RGB_8K-18x10.png 18w\" sizes=\"auto, (max-width: 1920px) 100vw, 1920px\" \/><figcaption class=\"wp-element-caption\">LightX Speed<\/figcaption><\/figure>\n<\/div>\n<\/div>\n<\/div><\/div>\n<\/div><\/div>\n\n\n\n<div id=\"speed\" class=\"wp-block-group section fullsize has-very-light-gray-background-color has-background\"><div class=\"wp-block-group__inner-container is-layout-constrained wp-block-group-is-layout-constrained\">\n\n<div class=\"a-innerblock block-newsheader-wrapper green\">\n    <div class=\"block-newsheader-inner\">\n        <div class=\"text-wrapper\">\n                                <div class=\"section-title\">\n                        <span>Pr\u00e9-assembl\u00e9<\/span>\n                    <\/div>\n                                                <h2>LightX Speed<\/h2>\n                                    <\/div>\n    <\/div>\n<\/div>\n\n\n<div class=\"wp-block-group cols-2\"><div class=\"wp-block-group__inner-container is-layout-constrained wp-block-group-is-layout-constrained\">\n<div class=\"wp-block-columns is-layout-flex wp-container-core-columns-is-layout-9d6595d7 wp-block-columns-is-layout-flex\">\n<div class=\"wp-block-column is-layout-flow wp-block-column-is-layout-flow\">\n\n<div class=\"a-innerblock accordion-list accordion-reg-list block-accordion-wrapper\">\n    <div class=\"a-innerblock block-newsheader-wrapper\">\n        <div class=\"block-newsheader-inner\">\n            <div class=\"text-wrapper\">\n                                                                            <\/div>\n        <\/div>\n    <\/div>\n        <div class=\"block-accordion-wrapper-inner first-opened\">\n                    <ul class=\"level-1\">\n                                    <li class=\"accordion-wrapper border-b\">\n                                                    <h4 class=\"c-title accordion-btn font-l\">En un coup d'\u0153il<\/h4>\n                                                <div class=\"accordion-txt\">\n                            <ul>\n<li>Rails pr\u00e9mont\u00e9s - installation plus rapide<\/li>\n<li>Trois vis, pas de raccords - montage simple et rapide<\/li>\n<li>Tapis de protection universels - remplacent le besoin de bacs \u00e0 ballast<\/li>\n<li>Outils d'installation inclus gratuitement<\/li>\n<li>Serrage longitudinal pour de multiples possibilit\u00e9s d'installation<\/li>\n<\/ul>\n<ul class=\"icon-list\">\n<li><img loading=\"lazy\" decoding=\"async\" class=\"alignnone size-full wp-image-2847\" src=\"https:\/\/www.mounting-systems.com\/wp-content\/uploads\/2021\/03\/0_Flachdach_DISTR.png\" alt=\"\" width=\"48\" height=\"48\" \/> Toit plat<\/li>\n<li><img loading=\"lazy\" decoding=\"async\" class=\"alignnone size-full wp-image-2859\" src=\"https:\/\/www.mounting-systems.com\/wp-content\/uploads\/2021\/03\/Gerahmtesmodul.png\" alt=\"\" width=\"48\" height=\"48\" \/> Module encadr\u00e9<\/li>\n<li><img loading=\"lazy\" decoding=\"async\" class=\"alignnone size-full wp-image-2862\" src=\"https:\/\/www.mounting-systems.com\/wp-content\/uploads\/2021\/03\/Quermontage.png\" alt=\"\" width=\"48\" height=\"48\" \/> Montage horizontal<\/li>\n<li><img loading=\"lazy\" decoding=\"async\" class=\"alignnone wp-image-2861 size-full\" src=\"https:\/\/www.mounting-systems.com\/wp-content\/uploads\/2021\/03\/Ost-West-Ausrichtung.png\" alt=\"\" width=\"48\" height=\"48\" \/> Orientation est-ouest<\/li>\n<li><\/li>\n<\/ul>\n                        <\/div>\n                    <\/li>\n                                    <li class=\"accordion-wrapper border-b\">\n                                                    <h4 class=\"c-title accordion-btn font-l\">Garantie<\/h4>\n                                                <div class=\"accordion-txt\">\n                            <p>Tous les composants sont fabriqu\u00e9s en aluminium, en zamak et en acier inoxydable et peuvent \u00eatre enti\u00e8rement recycl\u00e9s. Leur grande r\u00e9sistance \u00e0 la corrosion garantit une dur\u00e9e de vie maximale. Nous offrons une garantie de 10 ans sur nos syst\u00e8mes de montage.<\/p>\n                        <\/div>\n                    <\/li>\n                            <\/ul>\n            <\/div>\n<\/div><\/div>\n\n\n\n<div class=\"wp-block-column is-layout-flow wp-block-column-is-layout-flow\">\n\n<div class=\"swiper-container-wrapper a-innerblock\">\n    <div class=\"swiper-container gallery-top\">\n        <div class=\"swiper-wrapper\">\n                                                <div class=\"swiper-slide\">\n                                                    <figure class=\"scale-img swiper-slide-img\">\n                                <img loading=\"lazy\" decoding=\"async\" class=\"slide-img\" src=\"https:\/\/www.mounting-systems.com\/wp-content\/uploads\/710-0315_Schiene-800x800.png\" alt=\"Rail pr\u00e9-assembl\u00e9 LightX Speed, rendu 3D\" width=\"800\" height=\"800\">\n                                <figcaption>Rail pr\u00e9-assembl\u00e9<\/figcaption>\n                            <\/figure>\n                                            <\/div>\n                                <div class=\"swiper-slide\">\n                                                    <figure class=\"scale-img swiper-slide-img\">\n                                <img loading=\"lazy\" decoding=\"async\" class=\"slide-img\" src=\"https:\/\/www.mounting-systems.com\/wp-content\/uploads\/711-0261-LightX-Speed-Stuetze_grey-800x800.png\" alt=\"Support central pr\u00e9-assembl\u00e9 pour LightX Speed, rendu 3D\" width=\"800\" height=\"800\">\n                                <figcaption>Support central pr\u00e9-assembl\u00e9<\/figcaption>\n                            <\/figure>\n                                            <\/div>\n                                <div class=\"swiper-slide\">\n                                                    <figure class=\"scale-img swiper-slide-img\">\n                                <img loading=\"lazy\" decoding=\"async\" class=\"slide-img\" src=\"https:\/\/www.mounting-systems.com\/wp-content\/uploads\/814-0791_Bautenschutzmatte-800x800.png\" alt=\"Tapis de protection des constructions, rendu 3D\" width=\"800\" height=\"800\">\n                                <figcaption>Tapis de protection des constructions<\/figcaption>\n                            <\/figure>\n                                            <\/div>\n                    <\/div>\n    <\/div>\n    <div class=\"swiper-container gallery-thumbs\">\n        <div class=\"swiper-wrapper\">\n                                                    <figure class=\"swiper-slide-img swiper-slide swiper-thumb\">\n                            <img decoding=\"async\" class=\"slide-img\" src=\"https:\/\/www.mounting-systems.com\/wp-content\/uploads\/710-0315_Schiene-150x150.png\" alt=\"Rail pr\u00e9-assembl\u00e9 LightX Speed, rendu 3D\">\n                        <\/figure>\n                                                        <figure class=\"swiper-slide-img swiper-slide swiper-thumb\">\n                            <img decoding=\"async\" class=\"slide-img\" src=\"https:\/\/www.mounting-systems.com\/wp-content\/uploads\/711-0261-LightX-Speed-Stuetze_grey-150x150.png\" alt=\"Support central pr\u00e9-assembl\u00e9 pour LightX Speed, rendu 3D\">\n                        <\/figure>\n                                                        <figure class=\"swiper-slide-img swiper-slide swiper-thumb\">\n                            <img decoding=\"async\" class=\"slide-img\" src=\"https:\/\/www.mounting-systems.com\/wp-content\/uploads\/814-0791_Bautenschutzmatte-150x150.png\" alt=\"Tapis de protection des constructions, rendu 3D\">\n                        <\/figure>\n                                        <\/div>\n    <\/div>\n<\/div><\/div>\n<\/div>\n<\/div><\/div>\n<\/div><\/div>","protected":false},"excerpt":{"rendered":"","protected":false},"author":9,"featured_media":0,"parent":605,"menu_order":0,"comment_status":"closed","ping_status":"closed","template":"","meta":{"_acf_changed":false,"footnotes":""},"categories":[18],"tags":[],"class_list":["post-24700","page","type-page","status-publish","hentry","category-dach-gewerbe"],"acf":[],"yoast_head":"<!-- This site is optimized with the Yoast SEO plugin v27.5 - https:\/\/yoast.com\/product\/yoast-seo-wordpress\/ -->\n<title>LightX | Mounting Systems<\/title>\n<meta name=\"robots\" content=\"index, follow, max-snippet:-1, max-image-preview:large, max-video-preview:-1\" \/>\n<link rel=\"canonical\" href=\"https:\/\/www.mounting-systems.com\/fr\/industrie-de-la-toiture\/systemes-pv\/toitures-terrasses\/lightx\/\" \/>\n<meta property=\"og:locale\" content=\"fr_FR\" \/>\n<meta property=\"og:type\" content=\"article\" \/>\n<meta property=\"og:title\" content=\"LightX | Mounting Systems\" \/>\n<meta property=\"og:url\" content=\"https:\/\/www.mounting-systems.com\/fr\/industrie-de-la-toiture\/systemes-pv\/toitures-terrasses\/lightx\/\" \/>\n<meta property=\"og:site_name\" content=\"Mounting Systems\" \/>\n<meta property=\"article:modified_time\" content=\"2026-05-05T10:06:08+00:00\" \/>\n<meta property=\"og:image\" content=\"https:\/\/www.mounting-systems.com\/wp-content\/uploads\/LightX-Speed_RGB_8K.png\" \/>\n<meta name=\"twitter:card\" content=\"summary_large_image\" \/>\n<meta name=\"twitter:label1\" content=\"Dur\u00e9e de lecture estim\u00e9e\" \/>\n\t<meta name=\"twitter:data1\" content=\"1 minute\" \/>\n<script type=\"application\/ld+json\" class=\"yoast-schema-graph\">{\"@context\":\"https:\\\/\\\/schema.org\",\"@graph\":[{\"@type\":\"WebPage\",\"@id\":\"https:\\\/\\\/www.mounting-systems.com\\\/dach-gewerbe\\\/pv-systeme\\\/flachdachsysteme\\\/lightx\\\/\",\"url\":\"https:\\\/\\\/www.mounting-systems.com\\\/dach-gewerbe\\\/pv-systeme\\\/flachdachsysteme\\\/lightx\\\/\",\"name\":\"LightX | Mounting Systems\",\"isPartOf\":{\"@id\":\"https:\\\/\\\/www.mounting-systems.com\\\/de\\\/#website\"},\"primaryImageOfPage\":{\"@id\":\"https:\\\/\\\/www.mounting-systems.com\\\/dach-gewerbe\\\/pv-systeme\\\/flachdachsysteme\\\/lightx\\\/#primaryimage\"},\"image\":{\"@id\":\"https:\\\/\\\/www.mounting-systems.com\\\/dach-gewerbe\\\/pv-systeme\\\/flachdachsysteme\\\/lightx\\\/#primaryimage\"},\"thumbnailUrl\":\"https:\\\/\\\/www.mounting-systems.com\\\/wp-content\\\/uploads\\\/LightX-Speed_RGB_8K.png\",\"datePublished\":\"2025-05-06T15:58:12+00:00\",\"dateModified\":\"2026-05-05T10:06:08+00:00\",\"breadcrumb\":{\"@id\":\"https:\\\/\\\/www.mounting-systems.com\\\/dach-gewerbe\\\/pv-systeme\\\/flachdachsysteme\\\/lightx\\\/#breadcrumb\"},\"inLanguage\":\"fr-FR\",\"potentialAction\":[{\"@type\":\"ReadAction\",\"target\":[\"https:\\\/\\\/www.mounting-systems.com\\\/dach-gewerbe\\\/pv-systeme\\\/flachdachsysteme\\\/lightx\\\/\"]}]},{\"@type\":\"ImageObject\",\"inLanguage\":\"fr-FR\",\"@id\":\"https:\\\/\\\/www.mounting-systems.com\\\/dach-gewerbe\\\/pv-systeme\\\/flachdachsysteme\\\/lightx\\\/#primaryimage\",\"url\":\"https:\\\/\\\/www.mounting-systems.com\\\/wp-content\\\/uploads\\\/LightX-Speed_RGB_8K.png\",\"contentUrl\":\"https:\\\/\\\/www.mounting-systems.com\\\/wp-content\\\/uploads\\\/LightX-Speed_RGB_8K.png\"},{\"@type\":\"BreadcrumbList\",\"@id\":\"https:\\\/\\\/www.mounting-systems.com\\\/dach-gewerbe\\\/pv-systeme\\\/flachdachsysteme\\\/lightx\\\/#breadcrumb\",\"itemListElement\":[{\"@type\":\"ListItem\",\"position\":1,\"name\":\"Startseite\",\"item\":\"https:\\\/\\\/www.mounting-systems.com\\\/\"},{\"@type\":\"ListItem\",\"position\":2,\"name\":\"Dach &#038; Gewerbe\",\"item\":\"https:\\\/\\\/www.mounting-systems.com\\\/dach-gewerbe\\\/\"},{\"@type\":\"ListItem\",\"position\":3,\"name\":\"PV-Systeme\",\"item\":\"https:\\\/\\\/www.mounting-systems.com\\\/dach-gewerbe\\\/pv-systeme\\\/\"},{\"@type\":\"ListItem\",\"position\":4,\"name\":\"Flachdach\",\"item\":\"https:\\\/\\\/www.mounting-systems.com\\\/dach-gewerbe\\\/pv-systeme\\\/flachdachsysteme\\\/\"},{\"@type\":\"ListItem\",\"position\":5,\"name\":\"LightX\"}]},{\"@type\":\"WebSite\",\"@id\":\"https:\\\/\\\/www.mounting-systems.com\\\/de\\\/#website\",\"url\":\"https:\\\/\\\/www.mounting-systems.com\\\/de\\\/\",\"name\":\"Mounting Systems\",\"description\":\"\",\"publisher\":{\"@id\":\"https:\\\/\\\/www.mounting-systems.com\\\/de\\\/#organization\"},\"potentialAction\":[{\"@type\":\"SearchAction\",\"target\":{\"@type\":\"EntryPoint\",\"urlTemplate\":\"https:\\\/\\\/www.mounting-systems.com\\\/de\\\/?s={search_term_string}\"},\"query-input\":{\"@type\":\"PropertyValueSpecification\",\"valueRequired\":true,\"valueName\":\"search_term_string\"}}],\"inLanguage\":\"fr-FR\"},{\"@type\":\"Organization\",\"@id\":\"https:\\\/\\\/www.mounting-systems.com\\\/de\\\/#organization\",\"name\":\"Mounting Systems\",\"url\":\"https:\\\/\\\/www.mounting-systems.com\\\/de\\\/\",\"logo\":{\"@type\":\"ImageObject\",\"inLanguage\":\"fr-FR\",\"@id\":\"https:\\\/\\\/www.mounting-systems.com\\\/de\\\/#\\\/schema\\\/logo\\\/image\\\/\",\"url\":\"https:\\\/\\\/www.mounting-systems.com\\\/wp-content\\\/uploads\\\/2021\\\/01\\\/MSG-Signet-white.png\",\"contentUrl\":\"https:\\\/\\\/www.mounting-systems.com\\\/wp-content\\\/uploads\\\/2021\\\/01\\\/MSG-Signet-white.png\",\"width\":432,\"height\":552,\"caption\":\"Mounting Systems\"},\"image\":{\"@id\":\"https:\\\/\\\/www.mounting-systems.com\\\/de\\\/#\\\/schema\\\/logo\\\/image\\\/\"}}]}<\/script>\n<!-- \/ Yoast SEO plugin. -->","yoast_head_json":{"title":"LightX | Mounting Systems","robots":{"index":"index","follow":"follow","max-snippet":"max-snippet:-1","max-image-preview":"max-image-preview:large","max-video-preview":"max-video-preview:-1"},"canonical":"https:\/\/www.mounting-systems.com\/fr\/industrie-de-la-toiture\/systemes-pv\/toitures-terrasses\/lightx\/","og_locale":"fr_FR","og_type":"article","og_title":"LightX | Mounting Systems","og_url":"https:\/\/www.mounting-systems.com\/fr\/industrie-de-la-toiture\/systemes-pv\/toitures-terrasses\/lightx\/","og_site_name":"Mounting Systems","article_modified_time":"2026-05-05T10:06:08+00:00","og_image":[{"url":"https:\/\/www.mounting-systems.com\/wp-content\/uploads\/LightX-Speed_RGB_8K.png","type":"","width":"","height":""}],"twitter_card":"summary_large_image","twitter_misc":{"Dur\u00e9e de lecture estim\u00e9e":"1 minute"},"schema":{"@context":"https:\/\/schema.org","@graph":[{"@type":"WebPage","@id":"https:\/\/www.mounting-systems.com\/dach-gewerbe\/pv-systeme\/flachdachsysteme\/lightx\/","url":"https:\/\/www.mounting-systems.com\/dach-gewerbe\/pv-systeme\/flachdachsysteme\/lightx\/","name":"LightX | Mounting Systems","isPartOf":{"@id":"https:\/\/www.mounting-systems.com\/de\/#website"},"primaryImageOfPage":{"@id":"https:\/\/www.mounting-systems.com\/dach-gewerbe\/pv-systeme\/flachdachsysteme\/lightx\/#primaryimage"},"image":{"@id":"https:\/\/www.mounting-systems.com\/dach-gewerbe\/pv-systeme\/flachdachsysteme\/lightx\/#primaryimage"},"thumbnailUrl":"https:\/\/www.mounting-systems.com\/wp-content\/uploads\/LightX-Speed_RGB_8K.png","datePublished":"2025-05-06T15:58:12+00:00","dateModified":"2026-05-05T10:06:08+00:00","breadcrumb":{"@id":"https:\/\/www.mounting-systems.com\/dach-gewerbe\/pv-systeme\/flachdachsysteme\/lightx\/#breadcrumb"},"inLanguage":"fr-FR","potentialAction":[{"@type":"ReadAction","target":["https:\/\/www.mounting-systems.com\/dach-gewerbe\/pv-systeme\/flachdachsysteme\/lightx\/"]}]},{"@type":"ImageObject","inLanguage":"fr-FR","@id":"https:\/\/www.mounting-systems.com\/dach-gewerbe\/pv-systeme\/flachdachsysteme\/lightx\/#primaryimage","url":"https:\/\/www.mounting-systems.com\/wp-content\/uploads\/LightX-Speed_RGB_8K.png","contentUrl":"https:\/\/www.mounting-systems.com\/wp-content\/uploads\/LightX-Speed_RGB_8K.png"},{"@type":"BreadcrumbList","@id":"https:\/\/www.mounting-systems.com\/dach-gewerbe\/pv-systeme\/flachdachsysteme\/lightx\/#breadcrumb","itemListElement":[{"@type":"ListItem","position":1,"name":"Startseite","item":"https:\/\/www.mounting-systems.com\/"},{"@type":"ListItem","position":2,"name":"Dach &#038; Gewerbe","item":"https:\/\/www.mounting-systems.com\/dach-gewerbe\/"},{"@type":"ListItem","position":3,"name":"PV-Systeme","item":"https:\/\/www.mounting-systems.com\/dach-gewerbe\/pv-systeme\/"},{"@type":"ListItem","position":4,"name":"Flachdach","item":"https:\/\/www.mounting-systems.com\/dach-gewerbe\/pv-systeme\/flachdachsysteme\/"},{"@type":"ListItem","position":5,"name":"LightX"}]},{"@type":"WebSite","@id":"https:\/\/www.mounting-systems.com\/de\/#website","url":"https:\/\/www.mounting-systems.com\/de\/","name":"syst\u00e8mes de montage","description":"","publisher":{"@id":"https:\/\/www.mounting-systems.com\/de\/#organization"},"potentialAction":[{"@type":"SearchAction","target":{"@type":"EntryPoint","urlTemplate":"https:\/\/www.mounting-systems.com\/de\/?s={search_term_string}"},"query-input":{"@type":"PropertyValueSpecification","valueRequired":true,"valueName":"search_term_string"}}],"inLanguage":"fr-FR"},{"@type":"Organization","@id":"https:\/\/www.mounting-systems.com\/de\/#organization","name":"syst\u00e8mes de montage","url":"https:\/\/www.mounting-systems.com\/de\/","logo":{"@type":"ImageObject","inLanguage":"fr-FR","@id":"https:\/\/www.mounting-systems.com\/de\/#\/schema\/logo\/image\/","url":"https:\/\/www.mounting-systems.com\/wp-content\/uploads\/2021\/01\/MSG-Signet-white.png","contentUrl":"https:\/\/www.mounting-systems.com\/wp-content\/uploads\/2021\/01\/MSG-Signet-white.png","width":432,"height":552,"caption":"Mounting Systems"},"image":{"@id":"https:\/\/www.mounting-systems.com\/de\/#\/schema\/logo\/image\/"}}]}},"_links":{"self":[{"href":"https:\/\/www.mounting-systems.com\/fr\/wp-json\/wp\/v2\/pages\/24700","targetHints":{"allow":["GET"]}}],"collection":[{"href":"https:\/\/www.mounting-systems.com\/fr\/wp-json\/wp\/v2\/pages"}],"about":[{"href":"https:\/\/www.mounting-systems.com\/fr\/wp-json\/wp\/v2\/types\/page"}],"author":[{"embeddable":true,"href":"https:\/\/www.mounting-systems.com\/fr\/wp-json\/wp\/v2\/users\/9"}],"replies":[{"embeddable":true,"href":"https:\/\/www.mounting-systems.com\/fr\/wp-json\/wp\/v2\/comments?post=24700"}],"version-history":[{"count":3,"href":"https:\/\/www.mounting-systems.com\/fr\/wp-json\/wp\/v2\/pages\/24700\/revisions"}],"predecessor-version":[{"id":26359,"href":"https:\/\/www.mounting-systems.com\/fr\/wp-json\/wp\/v2\/pages\/24700\/revisions\/26359"}],"up":[{"embeddable":true,"href":"https:\/\/www.mounting-systems.com\/fr\/wp-json\/wp\/v2\/pages\/605"}],"wp:attachment":[{"href":"https:\/\/www.mounting-systems.com\/fr\/wp-json\/wp\/v2\/media?parent=24700"}],"wp:term":[{"taxonomy":"category","embeddable":true,"href":"https:\/\/www.mounting-systems.com\/fr\/wp-json\/wp\/v2\/categories?post=24700"},{"taxonomy":"post_tag","embeddable":true,"href":"https:\/\/www.mounting-systems.com\/fr\/wp-json\/wp\/v2\/tags?post=24700"}],"curies":[{"name":"wp","href":"https:\/\/api.w.org\/{rel}","templated":true}]}}