{"id":575,"date":"2021-01-22T19:05:20","date_gmt":"2021-01-22T18:05:20","guid":{"rendered":"https:\/\/www.mounting-systems.com\/?page_id=575"},"modified":"2026-03-17T17:08:20","modified_gmt":"2026-03-17T16:08:20","slug":"persona-de-contacto","status":"publish","type":"page","link":"https:\/\/www.mounting-systems.com\/es\/dach-gewerbe\/ansprechpartner\/","title":{"rendered":"P\u00f3ngase en contacto con"},"content":{"rendered":"<div class=\"wp-block-cover has-custom-content-position is-position-bottom-center a-innerblock\">\n    <img loading=\"lazy\" decoding=\"async\" width=\"1345\" height=\"747\" src=\"https:\/\/www.mounting-systems.com\/wp-content\/uploads\/2021\/05\/MSY-Earth-Wandtattoo.jpg\" class=\"hero-image-bg\" alt=\"Globo terr\u00e1queo de noche como s\u00edmbolo de la presencia mundial de Mounting Systems, renderizaci\u00f3n 3D\" style=\"filter: brightness(0.75)\" srcset=\"https:\/\/www.mounting-systems.com\/wp-content\/uploads\/2021\/05\/MSY-Earth-Wandtattoo.jpg 1345w, https:\/\/www.mounting-systems.com\/wp-content\/uploads\/2021\/05\/MSY-Earth-Wandtattoo-800x444.jpg 800w, https:\/\/www.mounting-systems.com\/wp-content\/uploads\/2021\/05\/MSY-Earth-Wandtattoo-768x427.jpg 768w\" sizes=\"auto, (max-width: 1345px) 100vw, 1345px\" \/>    <div class=\"wp-block-cover__inner-container\">\n                   <h1 class=\"has-text-align-center arrow-animation\" style=\"color: #ffffff;\">Texto de prueba<\/h1>\n                <div class=\"arrow-down hero-arrow\"><img decoding=\"async\" src=\"https:\/\/www.mounting-systems.com\/wp-content\/themes\/mosys\/images\/hero-arrow.svg\" alt=\"Icono de desplazamiento hacia abajo\"><\/div>\n    <\/div>\n<\/div>\n<div class=\"print-only p-hero-image\">\n    <img loading=\"lazy\" decoding=\"async\" width=\"1345\" height=\"747\" src=\"https:\/\/www.mounting-systems.com\/wp-content\/uploads\/2021\/05\/MSY-Earth-Wandtattoo.jpg\" class=\"attachment-full size-full\" alt=\"Globo terr\u00e1queo de noche como s\u00edmbolo de la presencia mundial de Mounting Systems, renderizaci\u00f3n 3D\" style=\"filter: brightness(0.75)\" srcset=\"https:\/\/www.mounting-systems.com\/wp-content\/uploads\/2021\/05\/MSY-Earth-Wandtattoo.jpg 1345w, https:\/\/www.mounting-systems.com\/wp-content\/uploads\/2021\/05\/MSY-Earth-Wandtattoo-800x444.jpg 800w, https:\/\/www.mounting-systems.com\/wp-content\/uploads\/2021\/05\/MSY-Earth-Wandtattoo-768x427.jpg 768w\" sizes=\"auto, (max-width: 1345px) 100vw, 1345px\" \/><\/div>\n\n\n\n<div class=\"wp-block-group section-headline a-innerblock\"  id=\"sales\">\n    <div class=\"wp-block-group__inner-container\">\n                        <h2>Personas de contacto<\/h2>\n                <\/div>\n<\/div>\n\n\n<div class=\"wp-block-group cols-1\"><div class=\"wp-block-group__inner-container is-layout-flow wp-block-group-is-layout-flow\">\n\n<article>\n    <div class=\"a-innerblock block-onearticle-wrapper\">\n        <div class=\"a-innerblock block-newsheader-wrapper\">\n            <div class=\"block-newsheader-inner\" style=\"\">\n                <div class=\"text-wrapper\">\n                                                <div class=\"section-title\">\n                                <span>Categor\u00eda<\/span>\n                            <\/div>\n                                                                                                <h3>Alcanza a tus contactos<\/h3>\n                                                                <!--  -->\n                                            <div>\n                            <p><\/p>\n                        <\/div>\n                                                        <\/div>\n            <\/div>\n        <\/div>\n    <\/div>\n<\/article>\n\n\n\n<div class=\"wp-block-group cols-1 contactpersons\">\n    <div class=\"wp-block-group__inner-container\">\n        <div class=\"wp-block-columns\">\n            <div class=\"wp-block-column\">\n                                                            <div class=\"a-innerblock block-contactperson-wrapper\">\n                            <div class=\"a-innerblock block-cp-wrapper-inner\">\n                                <div class=\"img-wrapper\" style=\"background: url() no-repeat; background-size: cover;\">\n                                <\/div>\n                                <div class=\"text-wrapper\">\n                                    <p><strong>Nombre Apellido<\/strong><br \/>\n<span style=\"color: #00b0a1;\">Posici\u00f3n<\/span><span class=\"flag-img\">\u00a0\u00a0 \u00a0 \u00a0<\/span><\/p>\n<p>Direcci\u00f3n<\/p>\n<p>Correo electr\u00f3nico<\/p>\n                                <\/div>\n                            <\/div>\n                        <\/div>\n                                            <div class=\"a-innerblock block-contactperson-wrapper\">\n                            <div class=\"a-innerblock block-cp-wrapper-inner\">\n                                <div class=\"img-wrapper\" style=\"background: url() no-repeat; background-size: cover;\">\n                                <\/div>\n                                <div class=\"text-wrapper\">\n                                    <p><strong>Nombre Apellido<\/strong><br \/>\n<span style=\"color: #00b0a1;\">Posici\u00f3n<\/span><span class=\"flag-img\">\u00a0\u00a0 \u00a0 \u00a0<\/span><\/p>\n<p>Direcci\u00f3n<\/p>\n<p>Correo electr\u00f3nico<\/p>\n                                <\/div>\n                            <\/div>\n                        <\/div>\n                                                <\/div>\n        <\/div>\n    <\/div>\n<\/div><\/div><\/div>\n\n\n\n<div id=\"techsupport\" class=\"wp-block-group cols-2\"><div class=\"wp-block-group__inner-container is-layout-flow wp-block-group-is-layout-flow\">\n<div class=\"wp-block-columns is-style-default is-layout-flex wp-container-core-columns-is-layout-9d6595d7 wp-block-columns-is-layout-flex\">\n<div class=\"wp-block-column is-layout-flow wp-block-column-is-layout-flow\">\n<figure class=\"wp-block-image size-full is-style-default\"><img loading=\"lazy\" decoding=\"async\" width=\"400\" height=\"400\" src=\"https:\/\/www.mounting-systems.com\/wp-content\/uploads\/technical_support_mounting_systems-1.jpg\" alt=\"\" class=\"wp-image-19262\" srcset=\"https:\/\/www.mounting-systems.com\/wp-content\/uploads\/technical_support_mounting_systems-1.jpg 400w, https:\/\/www.mounting-systems.com\/wp-content\/uploads\/technical_support_mounting_systems-1-150x150.jpg 150w, https:\/\/www.mounting-systems.com\/wp-content\/uploads\/technical_support_mounting_systems-1-12x12.jpg 12w\" sizes=\"auto, (max-width: 400px) 100vw, 400px\" \/><\/figure>\n<\/div>\n\n\n\n<div class=\"wp-block-column is-layout-flow wp-block-column-is-layout-flow\">\n\n<article>\n    <div class=\"a-innerblock block-onearticle-wrapper\">\n        <div class=\"a-innerblock block-newsheader-wrapper\">\n            <div class=\"block-newsheader-inner\" style=\"\">\n                <div class=\"text-wrapper\">\n                                                <div class=\"section-title\">\n                                <span>Encabezado<\/span>\n                            <\/div>\n                                                                                                <h3>Texto descriptivo <\/h3>\n                                                                <!--  -->\n                                            <div><ul>\n<li><span style=\"color: #00b0a1;\">Servicios<\/span><\/li>\n<\/ul>\n<p><b>Enlace de contacto<\/b><\/p>\n<\/div>\n                                                        <\/div>\n            <\/div>\n        <\/div>\n    <\/div>\n<\/article><\/div>\n<\/div>\n<\/div><\/div>","protected":false},"excerpt":{"rendered":"","protected":false},"author":9,"featured_media":0,"parent":557,"menu_order":3,"comment_status":"closed","ping_status":"closed","template":"","meta":{"_acf_changed":false,"footnotes":""},"categories":[18],"tags":[],"class_list":["post-575","page","type-page","status-publish","hentry","category-dach-gewerbe"],"acf":[],"yoast_head":"<!-- This site is optimized with the Yoast SEO plugin v27.5 - https:\/\/yoast.com\/product\/yoast-seo-wordpress\/ -->\n<title>Ansprechpartner - Mounting Systems<\/title>\n<meta name=\"description\" content=\"Hier finden und erreichen Sie einen passenden Ansprechpartner vom Vertrieb bis zum Sales Support.\" \/>\n<meta name=\"robots\" content=\"index, follow, max-snippet:-1, max-image-preview:large, max-video-preview:-1\" \/>\n<link rel=\"canonical\" href=\"https:\/\/www.mounting-systems.com\/es\/comercio-de-tejados\/persona-de-contacto\/\" \/>\n<meta property=\"og:locale\" content=\"es_ES\" \/>\n<meta property=\"og:type\" content=\"article\" \/>\n<meta property=\"og:title\" content=\"Ansprechpartner - Mounting Systems\" \/>\n<meta property=\"og:description\" content=\"Hier finden und erreichen Sie einen passenden Ansprechpartner vom Vertrieb bis zum Sales Support.\" \/>\n<meta property=\"og:url\" content=\"https:\/\/www.mounting-systems.com\/es\/comercio-de-tejados\/persona-de-contacto\/\" \/>\n<meta property=\"og:site_name\" content=\"Mounting Systems\" \/>\n<meta property=\"article:modified_time\" content=\"2026-03-17T16:08:20+00:00\" \/>\n<meta property=\"og:image\" content=\"https:\/\/www.mounting-systems.com\/wp-content\/uploads\/technical_support_mounting_systems-1.jpg\" \/>\n<meta name=\"twitter:card\" content=\"summary_large_image\" \/>\n<meta name=\"twitter:label1\" content=\"Tiempo de lectura\" \/>\n\t<meta name=\"twitter:data1\" content=\"1 minuto\" \/>\n<script type=\"application\/ld+json\" class=\"yoast-schema-graph\">{\"@context\":\"https:\\\/\\\/schema.org\",\"@graph\":[{\"@type\":\"WebPage\",\"@id\":\"https:\\\/\\\/www.mounting-systems.com\\\/dach-gewerbe\\\/ansprechpartner\\\/\",\"url\":\"https:\\\/\\\/www.mounting-systems.com\\\/dach-gewerbe\\\/ansprechpartner\\\/\",\"name\":\"Ansprechpartner - Mounting Systems\",\"isPartOf\":{\"@id\":\"https:\\\/\\\/www.mounting-systems.com\\\/de\\\/#website\"},\"primaryImageOfPage\":{\"@id\":\"https:\\\/\\\/www.mounting-systems.com\\\/dach-gewerbe\\\/ansprechpartner\\\/#primaryimage\"},\"image\":{\"@id\":\"https:\\\/\\\/www.mounting-systems.com\\\/dach-gewerbe\\\/ansprechpartner\\\/#primaryimage\"},\"thumbnailUrl\":\"https:\\\/\\\/www.mounting-systems.com\\\/wp-content\\\/uploads\\\/technical_support_mounting_systems-1.jpg\",\"datePublished\":\"2021-01-22T18:05:20+00:00\",\"dateModified\":\"2026-03-17T16:08:20+00:00\",\"description\":\"Hier finden und erreichen Sie einen passenden Ansprechpartner vom Vertrieb bis zum Sales Support.\",\"breadcrumb\":{\"@id\":\"https:\\\/\\\/www.mounting-systems.com\\\/dach-gewerbe\\\/ansprechpartner\\\/#breadcrumb\"},\"inLanguage\":\"es\",\"potentialAction\":[{\"@type\":\"ReadAction\",\"target\":[\"https:\\\/\\\/www.mounting-systems.com\\\/dach-gewerbe\\\/ansprechpartner\\\/\"]}]},{\"@type\":\"ImageObject\",\"inLanguage\":\"es\",\"@id\":\"https:\\\/\\\/www.mounting-systems.com\\\/dach-gewerbe\\\/ansprechpartner\\\/#primaryimage\",\"url\":\"https:\\\/\\\/www.mounting-systems.com\\\/wp-content\\\/uploads\\\/technical_support_mounting_systems-1.jpg\",\"contentUrl\":\"https:\\\/\\\/www.mounting-systems.com\\\/wp-content\\\/uploads\\\/technical_support_mounting_systems-1.jpg\"},{\"@type\":\"BreadcrumbList\",\"@id\":\"https:\\\/\\\/www.mounting-systems.com\\\/dach-gewerbe\\\/ansprechpartner\\\/#breadcrumb\",\"itemListElement\":[{\"@type\":\"ListItem\",\"position\":1,\"name\":\"Startseite\",\"item\":\"https:\\\/\\\/www.mounting-systems.com\\\/\"},{\"@type\":\"ListItem\",\"position\":2,\"name\":\"Dach &#038; Gewerbe\",\"item\":\"https:\\\/\\\/www.mounting-systems.com\\\/dach-gewerbe\\\/\"},{\"@type\":\"ListItem\",\"position\":3,\"name\":\"Ansprechpartner\"}]},{\"@type\":\"WebSite\",\"@id\":\"https:\\\/\\\/www.mounting-systems.com\\\/de\\\/#website\",\"url\":\"https:\\\/\\\/www.mounting-systems.com\\\/de\\\/\",\"name\":\"Mounting Systems\",\"description\":\"\",\"publisher\":{\"@id\":\"https:\\\/\\\/www.mounting-systems.com\\\/de\\\/#organization\"},\"potentialAction\":[{\"@type\":\"SearchAction\",\"target\":{\"@type\":\"EntryPoint\",\"urlTemplate\":\"https:\\\/\\\/www.mounting-systems.com\\\/de\\\/?s={search_term_string}\"},\"query-input\":{\"@type\":\"PropertyValueSpecification\",\"valueRequired\":true,\"valueName\":\"search_term_string\"}}],\"inLanguage\":\"es\"},{\"@type\":\"Organization\",\"@id\":\"https:\\\/\\\/www.mounting-systems.com\\\/de\\\/#organization\",\"name\":\"Mounting Systems\",\"url\":\"https:\\\/\\\/www.mounting-systems.com\\\/de\\\/\",\"logo\":{\"@type\":\"ImageObject\",\"inLanguage\":\"es\",\"@id\":\"https:\\\/\\\/www.mounting-systems.com\\\/de\\\/#\\\/schema\\\/logo\\\/image\\\/\",\"url\":\"https:\\\/\\\/www.mounting-systems.com\\\/wp-content\\\/uploads\\\/2021\\\/01\\\/MSG-Signet-white.png\",\"contentUrl\":\"https:\\\/\\\/www.mounting-systems.com\\\/wp-content\\\/uploads\\\/2021\\\/01\\\/MSG-Signet-white.png\",\"width\":432,\"height\":552,\"caption\":\"Mounting Systems\"},\"image\":{\"@id\":\"https:\\\/\\\/www.mounting-systems.com\\\/de\\\/#\\\/schema\\\/logo\\\/image\\\/\"}}]}<\/script>\n<!-- \/ Yoast SEO plugin. -->","yoast_head_json":{"title":"Personas de contacto - Sistemas de montaje","description":"Aqu\u00ed puede encontrar y ponerse en contacto con la persona de contacto adecuada, desde Ventas hasta Soporte de Ventas.","robots":{"index":"index","follow":"follow","max-snippet":"max-snippet:-1","max-image-preview":"max-image-preview:large","max-video-preview":"max-video-preview:-1"},"canonical":"https:\/\/www.mounting-systems.com\/es\/comercio-de-tejados\/persona-de-contacto\/","og_locale":"es_ES","og_type":"article","og_title":"Ansprechpartner - Mounting Systems","og_description":"Hier finden und erreichen Sie einen passenden Ansprechpartner vom Vertrieb bis zum Sales Support.","og_url":"https:\/\/www.mounting-systems.com\/es\/comercio-de-tejados\/persona-de-contacto\/","og_site_name":"Mounting Systems","article_modified_time":"2026-03-17T16:08:20+00:00","og_image":[{"url":"https:\/\/www.mounting-systems.com\/wp-content\/uploads\/technical_support_mounting_systems-1.jpg","type":"","width":"","height":""}],"twitter_card":"summary_large_image","twitter_misc":{"Tiempo de lectura":"1 minuto"},"schema":{"@context":"https:\/\/schema.org","@graph":[{"@type":"WebPage","@id":"https:\/\/www.mounting-systems.com\/dach-gewerbe\/ansprechpartner\/","url":"https:\/\/www.mounting-systems.com\/dach-gewerbe\/ansprechpartner\/","name":"Personas de contacto - Sistemas de montaje","isPartOf":{"@id":"https:\/\/www.mounting-systems.com\/de\/#website"},"primaryImageOfPage":{"@id":"https:\/\/www.mounting-systems.com\/dach-gewerbe\/ansprechpartner\/#primaryimage"},"image":{"@id":"https:\/\/www.mounting-systems.com\/dach-gewerbe\/ansprechpartner\/#primaryimage"},"thumbnailUrl":"https:\/\/www.mounting-systems.com\/wp-content\/uploads\/technical_support_mounting_systems-1.jpg","datePublished":"2021-01-22T18:05:20+00:00","dateModified":"2026-03-17T16:08:20+00:00","description":"Aqu\u00ed puede encontrar y ponerse en contacto con la persona de contacto adecuada, desde Ventas hasta Soporte de Ventas.","breadcrumb":{"@id":"https:\/\/www.mounting-systems.com\/dach-gewerbe\/ansprechpartner\/#breadcrumb"},"inLanguage":"es","potentialAction":[{"@type":"ReadAction","target":["https:\/\/www.mounting-systems.com\/dach-gewerbe\/ansprechpartner\/"]}]},{"@type":"ImageObject","inLanguage":"es","@id":"https:\/\/www.mounting-systems.com\/dach-gewerbe\/ansprechpartner\/#primaryimage","url":"https:\/\/www.mounting-systems.com\/wp-content\/uploads\/technical_support_mounting_systems-1.jpg","contentUrl":"https:\/\/www.mounting-systems.com\/wp-content\/uploads\/technical_support_mounting_systems-1.jpg"},{"@type":"BreadcrumbList","@id":"https:\/\/www.mounting-systems.com\/dach-gewerbe\/ansprechpartner\/#breadcrumb","itemListElement":[{"@type":"ListItem","position":1,"name":"Startseite","item":"https:\/\/www.mounting-systems.com\/"},{"@type":"ListItem","position":2,"name":"Dach &#038; Gewerbe","item":"https:\/\/www.mounting-systems.com\/dach-gewerbe\/"},{"@type":"ListItem","position":3,"name":"Ansprechpartner"}]},{"@type":"WebSite","@id":"https:\/\/www.mounting-systems.com\/de\/#website","url":"https:\/\/www.mounting-systems.com\/de\/","name":"Sistemas de montaje","description":"","publisher":{"@id":"https:\/\/www.mounting-systems.com\/de\/#organization"},"potentialAction":[{"@type":"SearchAction","target":{"@type":"EntryPoint","urlTemplate":"https:\/\/www.mounting-systems.com\/de\/?s={search_term_string}"},"query-input":{"@type":"PropertyValueSpecification","valueRequired":true,"valueName":"search_term_string"}}],"inLanguage":"es"},{"@type":"Organization","@id":"https:\/\/www.mounting-systems.com\/de\/#organization","name":"Sistemas de montaje","url":"https:\/\/www.mounting-systems.com\/de\/","logo":{"@type":"ImageObject","inLanguage":"es","@id":"https:\/\/www.mounting-systems.com\/de\/#\/schema\/logo\/image\/","url":"https:\/\/www.mounting-systems.com\/wp-content\/uploads\/2021\/01\/MSG-Signet-white.png","contentUrl":"https:\/\/www.mounting-systems.com\/wp-content\/uploads\/2021\/01\/MSG-Signet-white.png","width":432,"height":552,"caption":"Mounting Systems"},"image":{"@id":"https:\/\/www.mounting-systems.com\/de\/#\/schema\/logo\/image\/"}}]}},"_links":{"self":[{"href":"https:\/\/www.mounting-systems.com\/es\/wp-json\/wp\/v2\/pages\/575","targetHints":{"allow":["GET"]}}],"collection":[{"href":"https:\/\/www.mounting-systems.com\/es\/wp-json\/wp\/v2\/pages"}],"about":[{"href":"https:\/\/www.mounting-systems.com\/es\/wp-json\/wp\/v2\/types\/page"}],"author":[{"embeddable":true,"href":"https:\/\/www.mounting-systems.com\/es\/wp-json\/wp\/v2\/users\/9"}],"replies":[{"embeddable":true,"href":"https:\/\/www.mounting-systems.com\/es\/wp-json\/wp\/v2\/comments?post=575"}],"version-history":[{"count":0,"href":"https:\/\/www.mounting-systems.com\/es\/wp-json\/wp\/v2\/pages\/575\/revisions"}],"up":[{"embeddable":true,"href":"https:\/\/www.mounting-systems.com\/es\/wp-json\/wp\/v2\/pages\/557"}],"wp:attachment":[{"href":"https:\/\/www.mounting-systems.com\/es\/wp-json\/wp\/v2\/media?parent=575"}],"wp:term":[{"taxonomy":"category","embeddable":true,"href":"https:\/\/www.mounting-systems.com\/es\/wp-json\/wp\/v2\/categories?post=575"},{"taxonomy":"post_tag","embeddable":true,"href":"https:\/\/www.mounting-systems.com\/es\/wp-json\/wp\/v2\/tags?post=575"}],"curies":[{"name":"wp","href":"https:\/\/api.w.org\/{rel}","templated":true}]}}