{"id":24700,"date":"2025-05-06T17:58:12","date_gmt":"2025-05-06T15:58:12","guid":{"rendered":"https:\/\/www.mounting-systems.com\/?page_id=24700"},"modified":"2026-04-01T15:32:27","modified_gmt":"2026-04-01T13:32:27","slug":"lightx","status":"publish","type":"page","link":"https:\/\/www.mounting-systems.com\/es\/dach-gewerbe\/pv-systeme\/flachdachsysteme\/lightx\/","title":{"rendered":"LightX"},"content":{"rendered":"<div class=\"wp-block-cover has-custom-content-position is-position-bottom-center a-innerblock\">\n    <img loading=\"lazy\" decoding=\"async\" width=\"1920\" height=\"1080\" src=\"https:\/\/www.mounting-systems.com\/wp-content\/uploads\/LightX-S-Hero.png\" class=\"hero-image-bg\" alt=\"Imagen del producto LightX-S, renderizado 3D\" style=\"filter: brightness(1)\" srcset=\"https:\/\/www.mounting-systems.com\/wp-content\/uploads\/LightX-S-Hero.png 1920w, https:\/\/www.mounting-systems.com\/wp-content\/uploads\/LightX-S-Hero-800x450.png 800w, https:\/\/www.mounting-systems.com\/wp-content\/uploads\/LightX-S-Hero-768x432.png 768w, https:\/\/www.mounting-systems.com\/wp-content\/uploads\/LightX-S-Hero-1536x864.png 1536w, https:\/\/www.mounting-systems.com\/wp-content\/uploads\/LightX-S-Hero-18x10.png 18w\" sizes=\"auto, (max-width: 1920px) 100vw, 1920px\" \/>    <div class=\"wp-block-cover__inner-container\">\n                   <h1 class=\"has-text-align-center arrow-animation\" style=\"color: #ffffff;\">El nuevo sistema de cubierta plana LightX<\/h1>\n                <div class=\"arrow-down hero-arrow\"><img decoding=\"async\" src=\"https:\/\/www.mounting-systems.com\/wp-content\/themes\/mosys\/images\/hero-arrow.svg\" alt=\"Icono de desplazamiento hacia abajo\"><\/div>\n    <\/div>\n<\/div>\n<div class=\"print-only p-hero-image\">\n    <img loading=\"lazy\" decoding=\"async\" width=\"1920\" height=\"1080\" src=\"https:\/\/www.mounting-systems.com\/wp-content\/uploads\/LightX-S-Hero.png\" class=\"attachment-full size-full\" alt=\"Imagen del producto LightX-S, renderizado 3D\" style=\"filter: brightness(1)\" srcset=\"https:\/\/www.mounting-systems.com\/wp-content\/uploads\/LightX-S-Hero.png 1920w, https:\/\/www.mounting-systems.com\/wp-content\/uploads\/LightX-S-Hero-800x450.png 800w, https:\/\/www.mounting-systems.com\/wp-content\/uploads\/LightX-S-Hero-768x432.png 768w, https:\/\/www.mounting-systems.com\/wp-content\/uploads\/LightX-S-Hero-1536x864.png 1536w, https:\/\/www.mounting-systems.com\/wp-content\/uploads\/LightX-S-Hero-18x10.png 18w\" sizes=\"auto, (max-width: 1920px) 100vw, 1920px\" \/><\/div>\n\n\n<div class=\"wp-block-group section fullsize\"><div class=\"wp-block-group__inner-container is-layout-constrained wp-block-group-is-layout-constrained\">\n<div class=\"wp-block-group cols-2\"><div class=\"wp-block-group__inner-container is-layout-constrained wp-block-group-is-layout-constrained\">\n<div class=\"wp-block-columns is-layout-flex wp-container-core-columns-is-layout-9d6595d7 wp-block-columns-is-layout-flex\">\n<div class=\"wp-block-column is-layout-flow wp-block-column-is-layout-flow\">\n\n<div class=\"a-innerblock accordion-list accordion-reg-list block-accordion-wrapper\">\n    <div class=\"a-innerblock block-newsheader-wrapper\">\n        <div class=\"block-newsheader-inner\">\n            <div class=\"text-wrapper\">\n                                        <div class=\"section-title\">\n                            <span>LightX<\/span>\n                        <\/div>\n                                                                                                            <h2>Ligero. Eficiente. Preparado para el futuro<\/h2>\n                                                                                                                                        <div class=\"teaser-text\"><p><!--ScriptorStartFragment--><span style=\"color: #1d1d22;\">Nuestros \u00faltimos sistemas de cubierta plana marcan la pauta en tecnolog\u00eda de montaje fotovoltaico. Al utilizar elevaciones ligeramente lastradas, reducimos significativamente la carga del tejado y permitimos una adaptaci\u00f3n flexible a diferentes tipos de tejado.<\/span><\/p>\n<p><span style=\"color: #1d1d22;\"><span style=\"color: #5a595f;\">Gracias a la optimizaci\u00f3n aerodin\u00e1mica y al dise\u00f1o modular, nuestros sistemas ofrecen una instalaci\u00f3n r\u00e1pida y el m\u00e1ximo rendimiento energ\u00e9tico. Adem\u00e1s, los materiales de alta calidad, como el aluminio y el acero inoxidable, garantizan una larga vida \u00fatil y una gran resistencia a la corrosi\u00f3n.\u00a0<\/span> <!--ScriptorEndFragment--><\/span><br \/>\n<!--ScriptorEndFragment--><\/p>\n<\/div>\n                                                <\/div>\n        <\/div>\n    <\/div>\n        <div class=\"block-accordion-wrapper-inner\">\n                    <ul class=\"level-1\">\n                                    <li class=\"accordion-wrapper border-b\">\n                                                    <h3 class=\"c-title accordion-btn font-l\">LightX<\/h3>\n                                                <div class=\"accordion-txt\">\n                            <p><!--ScriptorStartFragment--><\/p>\n<div><\/div>\n<p><img loading=\"lazy\" decoding=\"async\" class=\"alignnone size-full wp-image-24746\" src=\"https:\/\/www.mounting-systems.com\/wp-content\/uploads\/Stuetzen.png\" alt=\"\" width=\"500\" height=\"300\" srcset=\"https:\/\/www.mounting-systems.com\/wp-content\/uploads\/Stuetzen.png 500w, https:\/\/www.mounting-systems.com\/wp-content\/uploads\/Stuetzen-18x12.png 18w\" sizes=\"auto, (max-width: 500px) 100vw, 500px\" \/><\/p>\n<div><\/div>\n<div><\/div>\n<div><\/div>\n<div class=\"scriptor-paragraph\"><span style=\"color: #00b0a1;\"><span style=\"color: #1d1d22;\">Se han desarrollado dos nuevos soportes especialmente para el <\/span>\u00a0LightX<\/span>para ahorrar material. Estos innovadores soportes no s\u00f3lo ofrecen una fijaci\u00f3n estable y segura de los m\u00f3dulos fotovoltaicos, sino que tambi\u00e9n reducen el consumo de material, lo que se traduce en un mayor ahorro de costes. Esto hace que nuestro sistema sea a\u00fan m\u00e1s atractivo para proyectos de orientaci\u00f3n econ\u00f3mica.<!--ScriptorEndFragment--><\/div>\n                        <\/div>\n                    <\/li>\n                                    <li class=\"accordion-wrapper border-b\">\n                                                    <h3 class=\"c-title accordion-btn font-l\">Velocidad<\/h3>\n                                                <div class=\"accordion-txt\">\n                            <p><!--ScriptorStartFragment--><\/p>\n<div class=\"scriptor-paragraph\"><span style=\"color: #00b0a1;\">Velocidad LightX<\/span> es el sistema m\u00e1s eficiente de la familia LightX, desarrollado para instalaciones especialmente r\u00e1pidas en cubiertas planas.<\/div>\n<div><\/div>\n<ul>\n<li class=\"scriptor-paragraph\">Componentes premontados<\/li>\n<li class=\"scriptor-paragraph\">Sujeci\u00f3n preposicionada<\/li>\n<li class=\"scriptor-paragraph\">Alfombrillas protectoras de nuevo desarrollo<\/li>\n<\/ul>\n<p>Reduzca el tiempo de instalaci\u00f3n y los costes de mano de obra a la vez que protege el tejado y el sistema. La protecci\u00f3n contra rayos integrada opcional convierte a LightX Speed en una soluci\u00f3n de futuro para proyectos profesionales.<!--ScriptorEndFragment--><\/p>\n                        <\/div>\n                    <\/li>\n                            <\/ul>\n            <\/div>\n<\/div><\/div>\n\n\n\n<div class=\"wp-block-column is-vertically-aligned-center is-layout-flow wp-block-column-is-layout-flow\">\n<figure class=\"wp-block-image size-full\"><img loading=\"lazy\" decoding=\"async\" width=\"1920\" height=\"1080\" src=\"https:\/\/www.mounting-systems.com\/wp-content\/uploads\/LightX-Speed_RGB_8K.png\" alt=\"\" class=\"wp-image-24717\" srcset=\"https:\/\/www.mounting-systems.com\/wp-content\/uploads\/LightX-Speed_RGB_8K.png 1920w, https:\/\/www.mounting-systems.com\/wp-content\/uploads\/LightX-Speed_RGB_8K-800x450.png 800w, https:\/\/www.mounting-systems.com\/wp-content\/uploads\/LightX-Speed_RGB_8K-768x432.png 768w, https:\/\/www.mounting-systems.com\/wp-content\/uploads\/LightX-Speed_RGB_8K-1536x864.png 1536w, https:\/\/www.mounting-systems.com\/wp-content\/uploads\/LightX-Speed_RGB_8K-18x10.png 18w\" sizes=\"auto, (max-width: 1920px) 100vw, 1920px\" \/><figcaption class=\"wp-element-caption\">Velocidad LightX<\/figcaption><\/figure>\n<\/div>\n<\/div>\n<\/div><\/div>\n<\/div><\/div>\n\n\n\n<div id=\"speed\" class=\"wp-block-group section fullsize has-black-color has-very-light-gray-background-color has-text-color has-background has-link-color wp-elements-f82d880572286600cf5b1242900c2d76\"><div class=\"wp-block-group__inner-container is-layout-constrained wp-block-group-is-layout-constrained\">\n\n<div class=\"a-innerblock block-newsheader-wrapper green\">\n    <div class=\"block-newsheader-inner\">\n        <div class=\"text-wrapper\">\n                                <div class=\"section-title\">\n                        <span>Pre-montado<\/span>\n                    <\/div>\n                                                <h2>Velocidad LightX<\/h2>\n                                    <\/div>\n    <\/div>\n<\/div>\n\n\n<div class=\"wp-block-group cols-2\"><div class=\"wp-block-group__inner-container is-layout-constrained wp-block-group-is-layout-constrained\">\n<div class=\"wp-block-columns is-layout-flex wp-container-core-columns-is-layout-9d6595d7 wp-block-columns-is-layout-flex\">\n<div class=\"wp-block-column is-layout-flow wp-block-column-is-layout-flow\">\n\n<div class=\"a-innerblock accordion-list accordion-reg-list block-accordion-wrapper\">\n    <div class=\"a-innerblock block-newsheader-wrapper\">\n        <div class=\"block-newsheader-inner\">\n            <div class=\"text-wrapper\">\n                                                                            <\/div>\n        <\/div>\n    <\/div>\n        <div class=\"block-accordion-wrapper-inner first-opened\">\n                    <ul class=\"level-1\">\n                                    <li class=\"accordion-wrapper border-b\">\n                                                    <h4 class=\"c-title accordion-btn font-l\">De un vistazo<\/h4>\n                                                <div class=\"accordion-txt\">\n                            <ul>\n<li>Carriles premontados: instalaci\u00f3n m\u00e1s r\u00e1pida<\/li>\n<li>Tres tornillos, sin conexiones: montaje r\u00e1pido y sencillo<\/li>\n<li>Alfombrillas protectoras universales: sustituyen a las bandejas de lastre<\/li>\n<li>Herramienta de instalaci\u00f3n gratuita<\/li>\n<li>Sujeci\u00f3n en el lado largo para opciones de instalaci\u00f3n vers\u00e1tiles<\/li>\n<\/ul>\n<ul class=\"icon-list\">\n<li><img loading=\"lazy\" decoding=\"async\" class=\"alignnone size-full wp-image-2847\" src=\"https:\/\/www.mounting-systems.com\/wp-content\/uploads\/2021\/03\/0_Flachdach_DISTR.png\" alt=\"\" width=\"48\" height=\"48\" \/> Tejado plano<\/li>\n<li><img loading=\"lazy\" decoding=\"async\" class=\"alignnone size-full wp-image-2859\" src=\"https:\/\/www.mounting-systems.com\/wp-content\/uploads\/2021\/03\/Gerahmtesmodul.png\" alt=\"\" width=\"48\" height=\"48\" \/> M\u00f3dulo enmarcado<\/li>\n<li><img loading=\"lazy\" decoding=\"async\" class=\"alignnone size-full wp-image-2862\" src=\"https:\/\/www.mounting-systems.com\/wp-content\/uploads\/2021\/03\/Quermontage.png\" alt=\"\" width=\"48\" height=\"48\" \/> Montaje transversal<\/li>\n<li><img loading=\"lazy\" decoding=\"async\" class=\"alignnone wp-image-2861 size-full\" src=\"https:\/\/www.mounting-systems.com\/wp-content\/uploads\/2021\/03\/Ost-West-Ausrichtung.png\" alt=\"\" width=\"48\" height=\"48\" \/> Orientaci\u00f3n este-oeste<\/li>\n<li><\/li>\n<\/ul>\n                        <\/div>\n                    <\/li>\n                                    <li class=\"accordion-wrapper border-b\">\n                                                    <h4 class=\"c-title accordion-btn font-l\">Garant\u00eda<\/h4>\n                                                <div class=\"accordion-txt\">\n                            <p>Todos los componentes son de aluminio y acero inoxidable y pueden reciclarse por completo. La alta resistencia a la corrosi\u00f3n garantiza una vida \u00fatil m\u00e1xima. Le ofrecemos una garant\u00eda de 10 a\u00f1os para nuestros sistemas de montaje.<\/p>\n                        <\/div>\n                    <\/li>\n                            <\/ul>\n            <\/div>\n<\/div><\/div>\n\n\n\n<div class=\"wp-block-column is-layout-flow wp-block-column-is-layout-flow\">\n\n<div class=\"swiper-container-wrapper a-innerblock\">\n    <div class=\"swiper-container gallery-top\">\n        <div class=\"swiper-wrapper\">\n                                                <div class=\"swiper-slide\">\n                                                    <figure class=\"scale-img swiper-slide-img\">\n                                <img loading=\"lazy\" decoding=\"async\" class=\"slide-img\" src=\"https:\/\/www.mounting-systems.com\/wp-content\/uploads\/710-0315_Schiene-800x800.png\" alt=\"Pista LightX Speed premontada, renderizaci\u00f3n 3D\" width=\"800\" height=\"800\">\n                                <figcaption>Carril premontado<\/figcaption>\n                            <\/figure>\n                                            <\/div>\n                                <div class=\"swiper-slide\">\n                                                    <figure class=\"scale-img swiper-slide-img\">\n                                <img loading=\"lazy\" decoding=\"async\" class=\"slide-img\" src=\"https:\/\/www.mounting-systems.com\/wp-content\/uploads\/711-0261-LightX-Speed-Stuetze_grey-800x800.png\" alt=\"Centro premontado compatible con LightX Speed, renderizado 3D\" width=\"800\" height=\"800\">\n                                <figcaption>Soporte central premontado<\/figcaption>\n                            <\/figure>\n                                            <\/div>\n                                <div class=\"swiper-slide\">\n                                                    <figure class=\"scale-img swiper-slide-img\">\n                                <img loading=\"lazy\" decoding=\"async\" class=\"slide-img\" src=\"https:\/\/www.mounting-systems.com\/wp-content\/uploads\/814-0791_Bautenschutzmatte-800x800.png\" alt=\"Estera de protecci\u00f3n de edificios, renderizado 3D\" width=\"800\" height=\"800\">\n                                <figcaption>Estera de protecci\u00f3n de edificios<\/figcaption>\n                            <\/figure>\n                                            <\/div>\n                    <\/div>\n    <\/div>\n    <div class=\"swiper-container gallery-thumbs\">\n        <div class=\"swiper-wrapper\">\n                                                    <figure class=\"swiper-slide-img swiper-slide swiper-thumb\">\n                            <img decoding=\"async\" class=\"slide-img\" src=\"https:\/\/www.mounting-systems.com\/wp-content\/uploads\/710-0315_Schiene-150x150.png\" alt=\"Pista LightX Speed premontada, renderizaci\u00f3n 3D\">\n                        <\/figure>\n                                                        <figure class=\"swiper-slide-img swiper-slide swiper-thumb\">\n                            <img decoding=\"async\" class=\"slide-img\" src=\"https:\/\/www.mounting-systems.com\/wp-content\/uploads\/711-0261-LightX-Speed-Stuetze_grey-150x150.png\" alt=\"Centro premontado compatible con LightX Speed, renderizado 3D\">\n                        <\/figure>\n                                                        <figure class=\"swiper-slide-img swiper-slide swiper-thumb\">\n                            <img decoding=\"async\" class=\"slide-img\" src=\"https:\/\/www.mounting-systems.com\/wp-content\/uploads\/814-0791_Bautenschutzmatte-150x150.png\" alt=\"Estera de protecci\u00f3n de edificios, renderizado 3D\">\n                        <\/figure>\n                                        <\/div>\n    <\/div>\n<\/div><\/div>\n<\/div>\n<\/div><\/div>\n<\/div><\/div>","protected":false},"excerpt":{"rendered":"","protected":false},"author":9,"featured_media":0,"parent":605,"menu_order":0,"comment_status":"closed","ping_status":"closed","template":"","meta":{"_acf_changed":false,"footnotes":""},"categories":[18],"tags":[],"class_list":["post-24700","page","type-page","status-publish","hentry","category-dach-gewerbe"],"acf":[],"yoast_head":"<!-- This site is optimized with the Yoast SEO plugin v27.5 - https:\/\/yoast.com\/product\/yoast-seo-wordpress\/ -->\n<title>LightX - Mounting Systems<\/title>\n<meta name=\"robots\" content=\"index, follow, max-snippet:-1, max-image-preview:large, max-video-preview:-1\" \/>\n<link rel=\"canonical\" href=\"https:\/\/www.mounting-systems.com\/es\/comercio-de-tejados\/sistemas-fotovoltaicos\/sistemas-de-cubierta-plana\/lightx\/\" \/>\n<meta property=\"og:locale\" content=\"es_ES\" \/>\n<meta property=\"og:type\" content=\"article\" \/>\n<meta property=\"og:title\" content=\"LightX - Mounting Systems\" \/>\n<meta property=\"og:url\" content=\"https:\/\/www.mounting-systems.com\/es\/comercio-de-tejados\/sistemas-fotovoltaicos\/sistemas-de-cubierta-plana\/lightx\/\" \/>\n<meta property=\"og:site_name\" content=\"Mounting Systems\" \/>\n<meta property=\"article:modified_time\" content=\"2026-04-01T13:32:27+00:00\" \/>\n<meta property=\"og:image\" content=\"https:\/\/www.mounting-systems.com\/wp-content\/uploads\/LightX-Speed_RGB_8K.png\" \/>\n<meta name=\"twitter:card\" content=\"summary_large_image\" \/>\n<meta name=\"twitter:label1\" content=\"Tiempo de lectura\" \/>\n\t<meta name=\"twitter:data1\" content=\"1 minuto\" \/>\n<script type=\"application\/ld+json\" class=\"yoast-schema-graph\">{\"@context\":\"https:\\\/\\\/schema.org\",\"@graph\":[{\"@type\":\"WebPage\",\"@id\":\"https:\\\/\\\/www.mounting-systems.com\\\/dach-gewerbe\\\/pv-systeme\\\/flachdachsysteme\\\/lightx\\\/\",\"url\":\"https:\\\/\\\/www.mounting-systems.com\\\/dach-gewerbe\\\/pv-systeme\\\/flachdachsysteme\\\/lightx\\\/\",\"name\":\"LightX - Mounting Systems\",\"isPartOf\":{\"@id\":\"https:\\\/\\\/www.mounting-systems.com\\\/de\\\/#website\"},\"primaryImageOfPage\":{\"@id\":\"https:\\\/\\\/www.mounting-systems.com\\\/dach-gewerbe\\\/pv-systeme\\\/flachdachsysteme\\\/lightx\\\/#primaryimage\"},\"image\":{\"@id\":\"https:\\\/\\\/www.mounting-systems.com\\\/dach-gewerbe\\\/pv-systeme\\\/flachdachsysteme\\\/lightx\\\/#primaryimage\"},\"thumbnailUrl\":\"https:\\\/\\\/www.mounting-systems.com\\\/wp-content\\\/uploads\\\/LightX-Speed_RGB_8K.png\",\"datePublished\":\"2025-05-06T15:58:12+00:00\",\"dateModified\":\"2026-04-01T13:32:27+00:00\",\"breadcrumb\":{\"@id\":\"https:\\\/\\\/www.mounting-systems.com\\\/dach-gewerbe\\\/pv-systeme\\\/flachdachsysteme\\\/lightx\\\/#breadcrumb\"},\"inLanguage\":\"es\",\"potentialAction\":[{\"@type\":\"ReadAction\",\"target\":[\"https:\\\/\\\/www.mounting-systems.com\\\/dach-gewerbe\\\/pv-systeme\\\/flachdachsysteme\\\/lightx\\\/\"]}]},{\"@type\":\"ImageObject\",\"inLanguage\":\"es\",\"@id\":\"https:\\\/\\\/www.mounting-systems.com\\\/dach-gewerbe\\\/pv-systeme\\\/flachdachsysteme\\\/lightx\\\/#primaryimage\",\"url\":\"https:\\\/\\\/www.mounting-systems.com\\\/wp-content\\\/uploads\\\/LightX-Speed_RGB_8K.png\",\"contentUrl\":\"https:\\\/\\\/www.mounting-systems.com\\\/wp-content\\\/uploads\\\/LightX-Speed_RGB_8K.png\"},{\"@type\":\"BreadcrumbList\",\"@id\":\"https:\\\/\\\/www.mounting-systems.com\\\/dach-gewerbe\\\/pv-systeme\\\/flachdachsysteme\\\/lightx\\\/#breadcrumb\",\"itemListElement\":[{\"@type\":\"ListItem\",\"position\":1,\"name\":\"Startseite\",\"item\":\"https:\\\/\\\/www.mounting-systems.com\\\/\"},{\"@type\":\"ListItem\",\"position\":2,\"name\":\"Dach &#038; Gewerbe\",\"item\":\"https:\\\/\\\/www.mounting-systems.com\\\/dach-gewerbe\\\/\"},{\"@type\":\"ListItem\",\"position\":3,\"name\":\"PV-Systeme\",\"item\":\"https:\\\/\\\/www.mounting-systems.com\\\/dach-gewerbe\\\/pv-systeme\\\/\"},{\"@type\":\"ListItem\",\"position\":4,\"name\":\"Flachdach\",\"item\":\"https:\\\/\\\/www.mounting-systems.com\\\/dach-gewerbe\\\/pv-systeme\\\/flachdachsysteme\\\/\"},{\"@type\":\"ListItem\",\"position\":5,\"name\":\"LightX\"}]},{\"@type\":\"WebSite\",\"@id\":\"https:\\\/\\\/www.mounting-systems.com\\\/de\\\/#website\",\"url\":\"https:\\\/\\\/www.mounting-systems.com\\\/de\\\/\",\"name\":\"Mounting Systems\",\"description\":\"\",\"publisher\":{\"@id\":\"https:\\\/\\\/www.mounting-systems.com\\\/de\\\/#organization\"},\"potentialAction\":[{\"@type\":\"SearchAction\",\"target\":{\"@type\":\"EntryPoint\",\"urlTemplate\":\"https:\\\/\\\/www.mounting-systems.com\\\/de\\\/?s={search_term_string}\"},\"query-input\":{\"@type\":\"PropertyValueSpecification\",\"valueRequired\":true,\"valueName\":\"search_term_string\"}}],\"inLanguage\":\"es\"},{\"@type\":\"Organization\",\"@id\":\"https:\\\/\\\/www.mounting-systems.com\\\/de\\\/#organization\",\"name\":\"Mounting Systems\",\"url\":\"https:\\\/\\\/www.mounting-systems.com\\\/de\\\/\",\"logo\":{\"@type\":\"ImageObject\",\"inLanguage\":\"es\",\"@id\":\"https:\\\/\\\/www.mounting-systems.com\\\/de\\\/#\\\/schema\\\/logo\\\/image\\\/\",\"url\":\"https:\\\/\\\/www.mounting-systems.com\\\/wp-content\\\/uploads\\\/2021\\\/01\\\/MSG-Signet-white.png\",\"contentUrl\":\"https:\\\/\\\/www.mounting-systems.com\\\/wp-content\\\/uploads\\\/2021\\\/01\\\/MSG-Signet-white.png\",\"width\":432,\"height\":552,\"caption\":\"Mounting Systems\"},\"image\":{\"@id\":\"https:\\\/\\\/www.mounting-systems.com\\\/de\\\/#\\\/schema\\\/logo\\\/image\\\/\"}}]}<\/script>\n<!-- \/ Yoast SEO plugin. -->","yoast_head_json":{"title":"LightX - Sistemas de montaje","robots":{"index":"index","follow":"follow","max-snippet":"max-snippet:-1","max-image-preview":"max-image-preview:large","max-video-preview":"max-video-preview:-1"},"canonical":"https:\/\/www.mounting-systems.com\/es\/comercio-de-tejados\/sistemas-fotovoltaicos\/sistemas-de-cubierta-plana\/lightx\/","og_locale":"es_ES","og_type":"article","og_title":"LightX - Mounting Systems","og_url":"https:\/\/www.mounting-systems.com\/es\/comercio-de-tejados\/sistemas-fotovoltaicos\/sistemas-de-cubierta-plana\/lightx\/","og_site_name":"Mounting Systems","article_modified_time":"2026-04-01T13:32:27+00:00","og_image":[{"url":"https:\/\/www.mounting-systems.com\/wp-content\/uploads\/LightX-Speed_RGB_8K.png","type":"","width":"","height":""}],"twitter_card":"summary_large_image","twitter_misc":{"Tiempo de lectura":"1 minuto"},"schema":{"@context":"https:\/\/schema.org","@graph":[{"@type":"WebPage","@id":"https:\/\/www.mounting-systems.com\/dach-gewerbe\/pv-systeme\/flachdachsysteme\/lightx\/","url":"https:\/\/www.mounting-systems.com\/dach-gewerbe\/pv-systeme\/flachdachsysteme\/lightx\/","name":"LightX - Sistemas de montaje","isPartOf":{"@id":"https:\/\/www.mounting-systems.com\/de\/#website"},"primaryImageOfPage":{"@id":"https:\/\/www.mounting-systems.com\/dach-gewerbe\/pv-systeme\/flachdachsysteme\/lightx\/#primaryimage"},"image":{"@id":"https:\/\/www.mounting-systems.com\/dach-gewerbe\/pv-systeme\/flachdachsysteme\/lightx\/#primaryimage"},"thumbnailUrl":"https:\/\/www.mounting-systems.com\/wp-content\/uploads\/LightX-Speed_RGB_8K.png","datePublished":"2025-05-06T15:58:12+00:00","dateModified":"2026-04-01T13:32:27+00:00","breadcrumb":{"@id":"https:\/\/www.mounting-systems.com\/dach-gewerbe\/pv-systeme\/flachdachsysteme\/lightx\/#breadcrumb"},"inLanguage":"es","potentialAction":[{"@type":"ReadAction","target":["https:\/\/www.mounting-systems.com\/dach-gewerbe\/pv-systeme\/flachdachsysteme\/lightx\/"]}]},{"@type":"ImageObject","inLanguage":"es","@id":"https:\/\/www.mounting-systems.com\/dach-gewerbe\/pv-systeme\/flachdachsysteme\/lightx\/#primaryimage","url":"https:\/\/www.mounting-systems.com\/wp-content\/uploads\/LightX-Speed_RGB_8K.png","contentUrl":"https:\/\/www.mounting-systems.com\/wp-content\/uploads\/LightX-Speed_RGB_8K.png"},{"@type":"BreadcrumbList","@id":"https:\/\/www.mounting-systems.com\/dach-gewerbe\/pv-systeme\/flachdachsysteme\/lightx\/#breadcrumb","itemListElement":[{"@type":"ListItem","position":1,"name":"Startseite","item":"https:\/\/www.mounting-systems.com\/"},{"@type":"ListItem","position":2,"name":"Dach &#038; Gewerbe","item":"https:\/\/www.mounting-systems.com\/dach-gewerbe\/"},{"@type":"ListItem","position":3,"name":"PV-Systeme","item":"https:\/\/www.mounting-systems.com\/dach-gewerbe\/pv-systeme\/"},{"@type":"ListItem","position":4,"name":"Flachdach","item":"https:\/\/www.mounting-systems.com\/dach-gewerbe\/pv-systeme\/flachdachsysteme\/"},{"@type":"ListItem","position":5,"name":"LightX"}]},{"@type":"WebSite","@id":"https:\/\/www.mounting-systems.com\/de\/#website","url":"https:\/\/www.mounting-systems.com\/de\/","name":"sistemas de montaje","description":"","publisher":{"@id":"https:\/\/www.mounting-systems.com\/de\/#organization"},"potentialAction":[{"@type":"SearchAction","target":{"@type":"EntryPoint","urlTemplate":"https:\/\/www.mounting-systems.com\/de\/?s={search_term_string}"},"query-input":{"@type":"PropertyValueSpecification","valueRequired":true,"valueName":"search_term_string"}}],"inLanguage":"es"},{"@type":"Organization","@id":"https:\/\/www.mounting-systems.com\/de\/#organization","name":"sistemas de montaje","url":"https:\/\/www.mounting-systems.com\/de\/","logo":{"@type":"ImageObject","inLanguage":"es","@id":"https:\/\/www.mounting-systems.com\/de\/#\/schema\/logo\/image\/","url":"https:\/\/www.mounting-systems.com\/wp-content\/uploads\/2021\/01\/MSG-Signet-white.png","contentUrl":"https:\/\/www.mounting-systems.com\/wp-content\/uploads\/2021\/01\/MSG-Signet-white.png","width":432,"height":552,"caption":"Mounting Systems"},"image":{"@id":"https:\/\/www.mounting-systems.com\/de\/#\/schema\/logo\/image\/"}}]}},"_links":{"self":[{"href":"https:\/\/www.mounting-systems.com\/es\/wp-json\/wp\/v2\/pages\/24700","targetHints":{"allow":["GET"]}}],"collection":[{"href":"https:\/\/www.mounting-systems.com\/es\/wp-json\/wp\/v2\/pages"}],"about":[{"href":"https:\/\/www.mounting-systems.com\/es\/wp-json\/wp\/v2\/types\/page"}],"author":[{"embeddable":true,"href":"https:\/\/www.mounting-systems.com\/es\/wp-json\/wp\/v2\/users\/9"}],"replies":[{"embeddable":true,"href":"https:\/\/www.mounting-systems.com\/es\/wp-json\/wp\/v2\/comments?post=24700"}],"version-history":[{"count":2,"href":"https:\/\/www.mounting-systems.com\/es\/wp-json\/wp\/v2\/pages\/24700\/revisions"}],"predecessor-version":[{"id":25631,"href":"https:\/\/www.mounting-systems.com\/es\/wp-json\/wp\/v2\/pages\/24700\/revisions\/25631"}],"up":[{"embeddable":true,"href":"https:\/\/www.mounting-systems.com\/es\/wp-json\/wp\/v2\/pages\/605"}],"wp:attachment":[{"href":"https:\/\/www.mounting-systems.com\/es\/wp-json\/wp\/v2\/media?parent=24700"}],"wp:term":[{"taxonomy":"category","embeddable":true,"href":"https:\/\/www.mounting-systems.com\/es\/wp-json\/wp\/v2\/categories?post=24700"},{"taxonomy":"post_tag","embeddable":true,"href":"https:\/\/www.mounting-systems.com\/es\/wp-json\/wp\/v2\/tags?post=24700"}],"curies":[{"name":"wp","href":"https:\/\/api.w.org\/{rel}","templated":true}]}}