{"id":15114,"date":"2022-05-02T14:10:34","date_gmt":"2022-05-02T12:10:34","guid":{"rendered":"https:\/\/www.mounting-systems.com\/?page_id=15114"},"modified":"2024-08-20T12:41:42","modified_gmt":"2024-08-20T10:41:42","slug":"fd3-ew-2","status":"publish","type":"page","link":"https:\/\/www.mounting-systems.com\/en\/dach-gewerbe\/pv-systeme\/flachdachsysteme\/fd3-ew-2\/","title":{"rendered":"FD3-EW Premium Line"},"content":{"rendered":"<div class=\"wp-block-cover has-custom-content-position is-position-bottom-center a-innerblock\">\n    <img loading=\"lazy\" decoding=\"async\" width=\"1920\" height=\"1080\" src=\"https:\/\/www.mounting-systems.com\/wp-content\/uploads\/2022\/04\/Mounting_Systems_FD3-Premium-Line.jpg\" class=\"hero-image-bg\" alt=\"FD3-EW Product image, 3D rendering\" style=\"filter: brightness(0.98)\" srcset=\"https:\/\/www.mounting-systems.com\/wp-content\/uploads\/2022\/04\/Mounting_Systems_FD3-Premium-Line.jpg 1920w, https:\/\/www.mounting-systems.com\/wp-content\/uploads\/2022\/04\/Mounting_Systems_FD3-Premium-Line-800x450.jpg 800w, https:\/\/www.mounting-systems.com\/wp-content\/uploads\/2022\/04\/Mounting_Systems_FD3-Premium-Line-768x432.jpg 768w, https:\/\/www.mounting-systems.com\/wp-content\/uploads\/2022\/04\/Mounting_Systems_FD3-Premium-Line-1536x864.jpg 1536w\" sizes=\"auto, (max-width: 1920px) 100vw, 1920px\" \/>    <div class=\"wp-block-cover__inner-container\">\n                <div class=\"arrow-down hero-arrow\"><img decoding=\"async\" src=\"https:\/\/www.mounting-systems.com\/wp-content\/themes\/mosys\/images\/hero-arrow.svg\" alt=\"Scroll down icon\"><\/div>\n    <\/div>\n<\/div>\n<div class=\"print-only p-hero-image\">\n    <img loading=\"lazy\" decoding=\"async\" width=\"1920\" height=\"1080\" src=\"https:\/\/www.mounting-systems.com\/wp-content\/uploads\/2022\/04\/Mounting_Systems_FD3-Premium-Line.jpg\" class=\"attachment-full size-full\" alt=\"FD3-EW Product image, 3D rendering\" style=\"filter: brightness(0.98)\" srcset=\"https:\/\/www.mounting-systems.com\/wp-content\/uploads\/2022\/04\/Mounting_Systems_FD3-Premium-Line.jpg 1920w, https:\/\/www.mounting-systems.com\/wp-content\/uploads\/2022\/04\/Mounting_Systems_FD3-Premium-Line-800x450.jpg 800w, https:\/\/www.mounting-systems.com\/wp-content\/uploads\/2022\/04\/Mounting_Systems_FD3-Premium-Line-768x432.jpg 768w, https:\/\/www.mounting-systems.com\/wp-content\/uploads\/2022\/04\/Mounting_Systems_FD3-Premium-Line-1536x864.jpg 1536w\" sizes=\"auto, (max-width: 1920px) 100vw, 1920px\" \/><\/div>\n\n\n<div class=\"wp-block-group cols-1-small has-black-color has-text-color\"><div class=\"wp-block-group__inner-container is-layout-flow wp-block-group-is-layout-flow\">\n<div class=\"wp-block-columns is-layout-flex wp-container-core-columns-is-layout-9d6595d7 wp-block-columns-is-layout-flex\">\n<div class=\"wp-block-column is-layout-flow wp-block-column-is-layout-flow\">\n\n<div class=\"a-innerblock block-newsheader-wrapper green\">\n    <div class=\"block-newsheader-inner\">\n        <div class=\"text-wrapper\">\n                                <div class=\"section-title\">\n                        <span>Flat-Roof<\/span>\n                    <\/div>\n                                                <h2>FD3-EW Premium Line<\/h2>\n                                    <\/div>\n    <\/div>\n<\/div>\n\n\n<h3 class=\"wp-block-heading\">Technical details<\/h3>\n\n\n\n<figure class=\"wp-block-table is-style-regular\"><table><tbody><tr><td>Application<\/td><td>Flat-Roof<\/td><\/tr><tr><td>Roofing<\/td><td>For all roof coverings<\/td><\/tr><tr><td>Roof inclination<\/td><td>Up to 5\u00b0<\/td><\/tr><tr><td>Building height<\/td><td>Max. 30 m<br>(depending on wind loads on site,<br>higher buildings on request)<\/td><\/tr><tr><td>Module Inclination<\/td><td>10\u00b0<\/td><\/tr><tr><td>Module width<\/td><td>990 mm - 1134 mm<\/td><\/tr><tr><td>Module length<\/td><td>Up to 2300 mm<\/td><\/tr><tr><td>Support<\/td><td>Zamac<\/td><\/tr><tr><td>Supporting profiles<\/td><td>Aluminum (EN AW 6063 T66)<\/td><\/tr><tr><td>Sheet metal components<\/td><td>Galvanised steel<br>(DX51A+ZM310\/Magnelis\u00ae ZM250)<\/td><\/tr><tr><td>Small parts<\/td><td>Stainless steel (V2A)<\/td><\/tr><tr><td>Colour<\/td><td>Zinc, Aluminium<\/td><\/tr><tr><td>Warranty<\/td><td>10 years<\/td><\/tr><\/tbody><\/table><\/figure>\n\n\n\n<p class=\"is-style-more-btn\"><a href=\"https:\/\/www.mounting-systems.com\/en\/residential-and-commercial\/pv-systems\/fd3-premium-line\/\">Product overview<\/a><\/p>\n\n\n\n<p class=\"is-style-more-btn\"><a href=\"https:\/\/www.mounting-systems.com\/en\/residential-and-commercial\/downloads\/\" data-type=\"URL\" data-id=\"https:\/\/www.mounting-systems.com\/dach-gewerbe\/downloads\">Downloads<\/a><\/p>\n<\/div>\n<\/div>\n<\/div><\/div>\n\n\n\n<p><\/p>","protected":false},"excerpt":{"rendered":"<p>Technische Daten Einsatzort Flachdach Dacheindeckung F\u00fcr alle Dachuntergr\u00fcnde geeignet Dachneigung bis 5\u00b0 Geb\u00e4udeh\u00f6he Max. 30 m(abh\u00e4ngig von den Windlastenvor Ort, h\u00f6here Geb\u00e4ude auf Anfrage) Anstellwinkel 10\u00b0 Modulbreite Von 990 mm bis 1134 mm Modull\u00e4nge Bis zu 2300 mm St\u00fctzen Zamak Gestellprofile Aluminium (EN AW 6063 T66) Blechkomponenten Verzinkter Stahl(DX51A+ZM310\/Magnelis\u00ae ZM250) Kleinteile Edelstahl (V2A) Farbe Zink, [&hellip;]<\/p>\n","protected":false},"author":9,"featured_media":0,"parent":605,"menu_order":0,"comment_status":"closed","ping_status":"closed","template":"page-pvsysteme.php","meta":{"_acf_changed":false,"footnotes":""},"categories":[18],"tags":[],"class_list":["post-15114","page","type-page","status-publish","hentry","category-dach-gewerbe"],"acf":[],"yoast_head":"<!-- This site is optimized with the Yoast SEO plugin v27.5 - https:\/\/yoast.com\/product\/yoast-seo-wordpress\/ -->\n<title>FD3-EW Premium Line - Mounting Systems<\/title>\n<meta name=\"description\" content=\"Bei Schr\u00e4g\u2013 und Aufdach im Einsatz bietet das Pitched System freie Modulausrichtung und ist f\u00fcr beliebige Dacheindeckungen geeignet.\" \/>\n<meta name=\"robots\" content=\"index, follow, max-snippet:-1, max-image-preview:large, max-video-preview:-1\" \/>\n<link rel=\"canonical\" href=\"https:\/\/www.mounting-systems.com\/en\/residential-and-commercial\/pv-systems\/flat-roof-systems\/fd3-ew-2\/\" \/>\n<meta property=\"og:locale\" content=\"en_US\" \/>\n<meta property=\"og:type\" content=\"article\" \/>\n<meta property=\"og:title\" content=\"FD3-EW Premium Line - Mounting Systems\" \/>\n<meta property=\"og:description\" content=\"Bei Schr\u00e4g\u2013 und Aufdach im Einsatz bietet das Pitched System freie Modulausrichtung und ist f\u00fcr beliebige Dacheindeckungen geeignet.\" \/>\n<meta property=\"og:url\" content=\"https:\/\/www.mounting-systems.com\/en\/residential-and-commercial\/pv-systems\/flat-roof-systems\/fd3-ew-2\/\" \/>\n<meta property=\"og:site_name\" content=\"Mounting Systems\" \/>\n<meta property=\"article:modified_time\" content=\"2024-08-20T10:41:42+00:00\" \/>\n<meta name=\"twitter:card\" content=\"summary_large_image\" \/>\n<meta name=\"twitter:label1\" content=\"Est. reading time\" \/>\n\t<meta name=\"twitter:data1\" content=\"1 minute\" \/>\n<script type=\"application\/ld+json\" class=\"yoast-schema-graph\">{\"@context\":\"https:\\\/\\\/schema.org\",\"@graph\":[{\"@type\":\"WebPage\",\"@id\":\"https:\\\/\\\/www.mounting-systems.com\\\/dach-gewerbe\\\/pv-systeme\\\/flachdachsysteme\\\/fd3-ew-2\\\/\",\"url\":\"https:\\\/\\\/www.mounting-systems.com\\\/dach-gewerbe\\\/pv-systeme\\\/flachdachsysteme\\\/fd3-ew-2\\\/\",\"name\":\"FD3-EW Premium Line - Mounting Systems\",\"isPartOf\":{\"@id\":\"https:\\\/\\\/www.mounting-systems.com\\\/de\\\/#website\"},\"datePublished\":\"2022-05-02T12:10:34+00:00\",\"dateModified\":\"2024-08-20T10:41:42+00:00\",\"description\":\"Bei Schr\u00e4g\u2013 und Aufdach im Einsatz bietet das Pitched System freie Modulausrichtung und ist f\u00fcr beliebige Dacheindeckungen geeignet.\",\"breadcrumb\":{\"@id\":\"https:\\\/\\\/www.mounting-systems.com\\\/dach-gewerbe\\\/pv-systeme\\\/flachdachsysteme\\\/fd3-ew-2\\\/#breadcrumb\"},\"inLanguage\":\"en-US\",\"potentialAction\":[{\"@type\":\"ReadAction\",\"target\":[\"https:\\\/\\\/www.mounting-systems.com\\\/dach-gewerbe\\\/pv-systeme\\\/flachdachsysteme\\\/fd3-ew-2\\\/\"]}]},{\"@type\":\"BreadcrumbList\",\"@id\":\"https:\\\/\\\/www.mounting-systems.com\\\/dach-gewerbe\\\/pv-systeme\\\/flachdachsysteme\\\/fd3-ew-2\\\/#breadcrumb\",\"itemListElement\":[{\"@type\":\"ListItem\",\"position\":1,\"name\":\"Startseite\",\"item\":\"https:\\\/\\\/www.mounting-systems.com\\\/\"},{\"@type\":\"ListItem\",\"position\":2,\"name\":\"Dach &#038; Gewerbe\",\"item\":\"https:\\\/\\\/www.mounting-systems.com\\\/dach-gewerbe\\\/\"},{\"@type\":\"ListItem\",\"position\":3,\"name\":\"PV-Systeme\",\"item\":\"https:\\\/\\\/www.mounting-systems.com\\\/dach-gewerbe\\\/pv-systeme\\\/\"},{\"@type\":\"ListItem\",\"position\":4,\"name\":\"Flachdach\",\"item\":\"https:\\\/\\\/www.mounting-systems.com\\\/dach-gewerbe\\\/pv-systeme\\\/flachdachsysteme\\\/\"},{\"@type\":\"ListItem\",\"position\":5,\"name\":\"FD3-EW Premium Line\"}]},{\"@type\":\"WebSite\",\"@id\":\"https:\\\/\\\/www.mounting-systems.com\\\/de\\\/#website\",\"url\":\"https:\\\/\\\/www.mounting-systems.com\\\/de\\\/\",\"name\":\"Mounting Systems\",\"description\":\"\",\"publisher\":{\"@id\":\"https:\\\/\\\/www.mounting-systems.com\\\/de\\\/#organization\"},\"potentialAction\":[{\"@type\":\"SearchAction\",\"target\":{\"@type\":\"EntryPoint\",\"urlTemplate\":\"https:\\\/\\\/www.mounting-systems.com\\\/de\\\/?s={search_term_string}\"},\"query-input\":{\"@type\":\"PropertyValueSpecification\",\"valueRequired\":true,\"valueName\":\"search_term_string\"}}],\"inLanguage\":\"en-US\"},{\"@type\":\"Organization\",\"@id\":\"https:\\\/\\\/www.mounting-systems.com\\\/de\\\/#organization\",\"name\":\"Mounting Systems\",\"url\":\"https:\\\/\\\/www.mounting-systems.com\\\/de\\\/\",\"logo\":{\"@type\":\"ImageObject\",\"inLanguage\":\"en-US\",\"@id\":\"https:\\\/\\\/www.mounting-systems.com\\\/de\\\/#\\\/schema\\\/logo\\\/image\\\/\",\"url\":\"https:\\\/\\\/www.mounting-systems.com\\\/wp-content\\\/uploads\\\/2021\\\/01\\\/MSG-Signet-white.png\",\"contentUrl\":\"https:\\\/\\\/www.mounting-systems.com\\\/wp-content\\\/uploads\\\/2021\\\/01\\\/MSG-Signet-white.png\",\"width\":432,\"height\":552,\"caption\":\"Mounting Systems\"},\"image\":{\"@id\":\"https:\\\/\\\/www.mounting-systems.com\\\/de\\\/#\\\/schema\\\/logo\\\/image\\\/\"}}]}<\/script>\n<!-- \/ Yoast SEO plugin. -->","yoast_head_json":{"title":"FD3-EW Premium Line - Mounting Systems","description":"For pitched and on-roof applications, the Pitched System offers free module alignment and is suitable for any roof covering.","robots":{"index":"index","follow":"follow","max-snippet":"max-snippet:-1","max-image-preview":"max-image-preview:large","max-video-preview":"max-video-preview:-1"},"canonical":"https:\/\/www.mounting-systems.com\/en\/residential-and-commercial\/pv-systems\/flat-roof-systems\/fd3-ew-2\/","og_locale":"en_US","og_type":"article","og_title":"FD3-EW Premium Line - Mounting Systems","og_description":"Bei Schr\u00e4g\u2013 und Aufdach im Einsatz bietet das Pitched System freie Modulausrichtung und ist f\u00fcr beliebige Dacheindeckungen geeignet.","og_url":"https:\/\/www.mounting-systems.com\/en\/residential-and-commercial\/pv-systems\/flat-roof-systems\/fd3-ew-2\/","og_site_name":"Mounting Systems","article_modified_time":"2024-08-20T10:41:42+00:00","twitter_card":"summary_large_image","twitter_misc":{"Est. reading time":"1 minute"},"schema":{"@context":"https:\/\/schema.org","@graph":[{"@type":"WebPage","@id":"https:\/\/www.mounting-systems.com\/dach-gewerbe\/pv-systeme\/flachdachsysteme\/fd3-ew-2\/","url":"https:\/\/www.mounting-systems.com\/dach-gewerbe\/pv-systeme\/flachdachsysteme\/fd3-ew-2\/","name":"FD3-EW Premium Line - Mounting Systems","isPartOf":{"@id":"https:\/\/www.mounting-systems.com\/de\/#website"},"datePublished":"2022-05-02T12:10:34+00:00","dateModified":"2024-08-20T10:41:42+00:00","description":"For pitched and on-roof applications, the Pitched System offers free module alignment and is suitable for any roof covering.","breadcrumb":{"@id":"https:\/\/www.mounting-systems.com\/dach-gewerbe\/pv-systeme\/flachdachsysteme\/fd3-ew-2\/#breadcrumb"},"inLanguage":"en-US","potentialAction":[{"@type":"ReadAction","target":["https:\/\/www.mounting-systems.com\/dach-gewerbe\/pv-systeme\/flachdachsysteme\/fd3-ew-2\/"]}]},{"@type":"BreadcrumbList","@id":"https:\/\/www.mounting-systems.com\/dach-gewerbe\/pv-systeme\/flachdachsysteme\/fd3-ew-2\/#breadcrumb","itemListElement":[{"@type":"ListItem","position":1,"name":"Startseite","item":"https:\/\/www.mounting-systems.com\/"},{"@type":"ListItem","position":2,"name":"Dach &#038; Gewerbe","item":"https:\/\/www.mounting-systems.com\/dach-gewerbe\/"},{"@type":"ListItem","position":3,"name":"PV-Systeme","item":"https:\/\/www.mounting-systems.com\/dach-gewerbe\/pv-systeme\/"},{"@type":"ListItem","position":4,"name":"Flachdach","item":"https:\/\/www.mounting-systems.com\/dach-gewerbe\/pv-systeme\/flachdachsysteme\/"},{"@type":"ListItem","position":5,"name":"FD3-EW Premium Line"}]},{"@type":"WebSite","@id":"https:\/\/www.mounting-systems.com\/de\/#website","url":"https:\/\/www.mounting-systems.com\/de\/","name":"mounting systems","description":"","publisher":{"@id":"https:\/\/www.mounting-systems.com\/de\/#organization"},"potentialAction":[{"@type":"SearchAction","target":{"@type":"EntryPoint","urlTemplate":"https:\/\/www.mounting-systems.com\/de\/?s={search_term_string}"},"query-input":{"@type":"PropertyValueSpecification","valueRequired":true,"valueName":"search_term_string"}}],"inLanguage":"en-US"},{"@type":"Organization","@id":"https:\/\/www.mounting-systems.com\/de\/#organization","name":"mounting systems","url":"https:\/\/www.mounting-systems.com\/de\/","logo":{"@type":"ImageObject","inLanguage":"en-US","@id":"https:\/\/www.mounting-systems.com\/de\/#\/schema\/logo\/image\/","url":"https:\/\/www.mounting-systems.com\/wp-content\/uploads\/2021\/01\/MSG-Signet-white.png","contentUrl":"https:\/\/www.mounting-systems.com\/wp-content\/uploads\/2021\/01\/MSG-Signet-white.png","width":432,"height":552,"caption":"Mounting Systems"},"image":{"@id":"https:\/\/www.mounting-systems.com\/de\/#\/schema\/logo\/image\/"}}]}},"_links":{"self":[{"href":"https:\/\/www.mounting-systems.com\/en\/wp-json\/wp\/v2\/pages\/15114","targetHints":{"allow":["GET"]}}],"collection":[{"href":"https:\/\/www.mounting-systems.com\/en\/wp-json\/wp\/v2\/pages"}],"about":[{"href":"https:\/\/www.mounting-systems.com\/en\/wp-json\/wp\/v2\/types\/page"}],"author":[{"embeddable":true,"href":"https:\/\/www.mounting-systems.com\/en\/wp-json\/wp\/v2\/users\/9"}],"replies":[{"embeddable":true,"href":"https:\/\/www.mounting-systems.com\/en\/wp-json\/wp\/v2\/comments?post=15114"}],"version-history":[{"count":0,"href":"https:\/\/www.mounting-systems.com\/en\/wp-json\/wp\/v2\/pages\/15114\/revisions"}],"up":[{"embeddable":true,"href":"https:\/\/www.mounting-systems.com\/en\/wp-json\/wp\/v2\/pages\/605"}],"wp:attachment":[{"href":"https:\/\/www.mounting-systems.com\/en\/wp-json\/wp\/v2\/media?parent=15114"}],"wp:term":[{"taxonomy":"category","embeddable":true,"href":"https:\/\/www.mounting-systems.com\/en\/wp-json\/wp\/v2\/categories?post=15114"},{"taxonomy":"post_tag","embeddable":true,"href":"https:\/\/www.mounting-systems.com\/en\/wp-json\/wp\/v2\/tags?post=15114"}],"curies":[{"name":"wp","href":"https:\/\/api.w.org\/{rel}","templated":true}]}}