{"id":557,"date":"2021-01-22T18:53:05","date_gmt":"2021-01-22T17:53:05","guid":{"rendered":"https:\/\/www.mounting-systems.com\/?page_id=557"},"modified":"2026-04-01T15:36:09","modified_gmt":"2026-04-01T13:36:09","slug":"dach-gewerbe","status":"publish","type":"page","link":"https:\/\/www.mounting-systems.com\/de\/dach-gewerbe\/","title":{"rendered":"Dach &#038; Gewerbe"},"content":{"rendered":"\n\n<div class=\"wp-block-cover has-custom-content-position is-position-bottom-center a-innerblock\">\n    <img loading=\"lazy\" decoding=\"async\" width=\"1920\" height=\"1278\" src=\"https:\/\/www.mounting-systems.com\/wp-content\/uploads\/2021\/10\/Pitched-Roof-Mounting-Systems.jpg\" class=\"hero-image-bg\" alt=\"Pitched Produktbild, 3D-Rendering\" style=\"filter: brightness(1)\" srcset=\"https:\/\/www.mounting-systems.com\/wp-content\/uploads\/2021\/10\/Pitched-Roof-Mounting-Systems.jpg 1920w, https:\/\/www.mounting-systems.com\/wp-content\/uploads\/2021\/10\/Pitched-Roof-Mounting-Systems-800x533.jpg 800w, https:\/\/www.mounting-systems.com\/wp-content\/uploads\/2021\/10\/Pitched-Roof-Mounting-Systems-1623x1080.jpg 1623w, https:\/\/www.mounting-systems.com\/wp-content\/uploads\/2021\/10\/Pitched-Roof-Mounting-Systems-768x511.jpg 768w, https:\/\/www.mounting-systems.com\/wp-content\/uploads\/2021\/10\/Pitched-Roof-Mounting-Systems-1536x1022.jpg 1536w, https:\/\/www.mounting-systems.com\/wp-content\/uploads\/2021\/10\/Pitched-Roof-Mounting-Systems-18x12.jpg 18w\" sizes=\"auto, (max-width: 1920px) 100vw, 1920px\" \/>    <div class=\"wp-block-cover__inner-container\">\n                   <h1 class=\"has-text-align-center arrow-animation\" style=\"color: #ffffff;\">PV-Montagesysteme f\u00fcr den Dach- und Gewerbebereich <\/h1>\n                <div class=\"arrow-down hero-arrow\"><img decoding=\"async\" src=\"https:\/\/www.mounting-systems.com\/wp-content\/themes\/mosys\/images\/hero-arrow.svg\" alt=\"Scroll down icon\"><\/div>\n    <\/div>\n<\/div>\n<div class=\"print-only p-hero-image\">\n    <img loading=\"lazy\" decoding=\"async\" width=\"1920\" height=\"1278\" src=\"https:\/\/www.mounting-systems.com\/wp-content\/uploads\/2021\/10\/Pitched-Roof-Mounting-Systems.jpg\" class=\"attachment-full size-full\" alt=\"Pitched Produktbild, 3D-Rendering\" style=\"filter: brightness(1)\" srcset=\"https:\/\/www.mounting-systems.com\/wp-content\/uploads\/2021\/10\/Pitched-Roof-Mounting-Systems.jpg 1920w, https:\/\/www.mounting-systems.com\/wp-content\/uploads\/2021\/10\/Pitched-Roof-Mounting-Systems-800x533.jpg 800w, https:\/\/www.mounting-systems.com\/wp-content\/uploads\/2021\/10\/Pitched-Roof-Mounting-Systems-1623x1080.jpg 1623w, https:\/\/www.mounting-systems.com\/wp-content\/uploads\/2021\/10\/Pitched-Roof-Mounting-Systems-768x511.jpg 768w, https:\/\/www.mounting-systems.com\/wp-content\/uploads\/2021\/10\/Pitched-Roof-Mounting-Systems-1536x1022.jpg 1536w, https:\/\/www.mounting-systems.com\/wp-content\/uploads\/2021\/10\/Pitched-Roof-Mounting-Systems-18x12.jpg 18w\" sizes=\"auto, (max-width: 1920px) 100vw, 1920px\" \/><\/div>\n\n\n<div class=\"wp-block-group fullsize cols-3\"><div class=\"wp-block-group__inner-container is-layout-flow wp-block-group-is-layout-flow\">\n<div class=\"wp-block-columns is-layout-flex wp-container-core-columns-is-layout-9d6595d7 wp-block-columns-is-layout-flex\">\n<div class=\"wp-block-column is-layout-flow wp-block-column-is-layout-flow\" style=\"flex-basis:50%\">\n\n<div class=\"a-innerblock block-tile-wrapper block-tilevariant-wrapper has-white-color\">\n    <div class=\"hero-image-bg\" style=\"filter: brightness(1);\">\n        <img loading=\"lazy\" decoding=\"async\" width=\"1920\" height=\"1080\" src=\"https:\/\/www.mounting-systems.com\/wp-content\/uploads\/2021\/09\/logistik_mounting_systems-1.jpg\" class=\"attachment-full size-full\" alt=\"Fahrende LKWs an einer sonnigen Landstrasse, Foto\" srcset=\"https:\/\/www.mounting-systems.com\/wp-content\/uploads\/2021\/09\/logistik_mounting_systems-1.jpg 1920w, https:\/\/www.mounting-systems.com\/wp-content\/uploads\/2021\/09\/logistik_mounting_systems-1-800x450.jpg 800w, https:\/\/www.mounting-systems.com\/wp-content\/uploads\/2021\/09\/logistik_mounting_systems-1-768x432.jpg 768w, https:\/\/www.mounting-systems.com\/wp-content\/uploads\/2021\/09\/logistik_mounting_systems-1-1536x864.jpg 1536w\" sizes=\"auto, (max-width: 1920px) 100vw, 1920px\" \/>    <\/div>\n    <div class=\"block-tile-inner\">\n                    <a href=\"\/dach-gewerbe\/made-in-germany\/\" class=\"touch-disable\">\n                <div class=\"overlay\"><\/div>\n                <span class=\"sr-only\">Wir sind Hersteller &#8211; Mehr erfahren<\/span>\n            <\/a>\n                            <div class=\"text-wrapper\">\n                                    <div class=\"section-title\">\n                        <a href=\"\/dach-gewerbe\/made-in-germany\/\">\n                            <span>Wir sind Hersteller<\/span>\n                        <\/a>\n                    <\/div>\n                                <div class=\"headline-wrapper\">\n                    <div class=\"font-xl\">\n                        <a href=\"\/dach-gewerbe\/made-in-germany\/\">Qualit\u00e4t<br \/>\r\nMade in Germany<\/a>\n                    <\/div>\n                <\/div>\n                                    <div class=\"more-btn\"><a href=\"\/dach-gewerbe\/made-in-germany\/\">Mehr erfahren<\/a><\/div>\n                            <\/div>\n            <\/div>\n<\/div><\/div>\n\n\n\n<div class=\"wp-block-column is-layout-flow wp-block-column-is-layout-flow\" style=\"flex-basis:50%\">\n\n<div class=\"a-innerblock block-tile-wrapper block-tilevariant-wrapper has-white-color\">\n    <div class=\"hero-image-bg\" style=\"filter: brightness(0.95);\">\n        <img loading=\"lazy\" decoding=\"async\" width=\"900\" height=\"1000\" src=\"https:\/\/www.mounting-systems.com\/wp-content\/uploads\/ETN_Button.png\" class=\"attachment-full size-full\" alt=\"Trapeze Produktbild mit ETN Icon, 3D-Rendering\" srcset=\"https:\/\/www.mounting-systems.com\/wp-content\/uploads\/ETN_Button.png 900w, https:\/\/www.mounting-systems.com\/wp-content\/uploads\/ETN_Button-720x800.png 720w, https:\/\/www.mounting-systems.com\/wp-content\/uploads\/ETN_Button-768x853.png 768w, https:\/\/www.mounting-systems.com\/wp-content\/uploads\/ETN_Button-11x12.png 11w\" sizes=\"auto, (max-width: 900px) 100vw, 900px\" \/>    <\/div>\n    <div class=\"block-tile-inner\">\n                    <a href=\"\/dach-gewerbe\/news\" class=\"touch-disable\">\n                <div class=\"overlay\"><\/div>\n                <span class=\"sr-only\">News &#8211; Mehr erfahren<\/span>\n            <\/a>\n                            <div class=\"text-wrapper\">\n                                    <div class=\"section-title\">\n                        <a href=\"\/dach-gewerbe\/news\">\n                            <span>News<\/span>\n                        <\/a>\n                    <\/div>\n                                <div class=\"headline-wrapper\">\n                    <div class=\"font-xl\">\n                        <a href=\"\/dach-gewerbe\/news\">Neuigkeiten aus dem Dach- und Gewerbebereich<\/a>\n                    <\/div>\n                <\/div>\n                                    <div class=\"more-btn\"><a href=\"\/dach-gewerbe\/news\">Mehr erfahren<\/a><\/div>\n                            <\/div>\n            <\/div>\n<\/div><\/div>\n<\/div>\n<\/div><\/div>\n\n\n\n\n<div class=\"wp-block-group section-headline a-innerblock\" >\n    <div class=\"wp-block-group__inner-container\">\n                        <h2>Unsere Leistungen<\/h2>\n                <\/div>\n<\/div>\n\n\n<div id=\"pv-systeme\" class=\"wp-block-group cols-2\"><div class=\"wp-block-group__inner-container is-layout-flow wp-block-group-is-layout-flow\">\n<div class=\"wp-block-columns is-layout-flex wp-container-core-columns-is-layout-9d6595d7 wp-block-columns-is-layout-flex\">\n<div class=\"wp-block-column is-vertically-aligned-center is-layout-flow wp-block-column-is-layout-flow\">\n<figure class=\"wp-block-image size-full is-resized\"><img loading=\"lazy\" decoding=\"async\" width=\"683\" height=\"768\" src=\"https:\/\/www.mounting-systems.com\/wp-content\/uploads\/2021\/01\/lay-p312m2174530_3.jpg\" alt=\"Aufnahme eines Solarparks als Referenzprojekt von Mounting Systems. Foto\" class=\"wp-image-624\" style=\"aspect-ratio:0.8893419124673505;width:436px;height:auto\"\/><\/figure>\n<\/div>\n\n\n\n<div class=\"wp-block-column is-layout-flow wp-block-column-is-layout-flow\">\n\n<article>\n    <div class=\"a-innerblock block-onearticle-wrapper\">\n        <div class=\"a-innerblock block-newsheader-wrapper\">\n            <div class=\"block-newsheader-inner\" style=\"\">\n                <div class=\"text-wrapper\">\n                                                <div class=\"section-title\">\n                                <span>Unsere Mission<\/span>\n                            <\/div>\n                                                                                                <h3>Unsere Montagesysteme und Serviceleistungen erleichtern t\u00e4glich die Arbeit von Gro\u00dfh\u00e4ndlern, Projektierern und Installateuren<\/h3>\n                                                                <!--  -->\n                                            <div><p>Wir sind seid mehr als drei Jahrzehnten der verl\u00e4ssliche Partner f\u00fcr Gro\u00dfh\u00e4ndler, Installateure und Projektierer (EPC). Wir entwickeln und produzieren innovative, montagefreundliche und langlebige PV-Unterkonstruktionen und bieten Ihnen einen umfassenden Produkt- und Kundenservice.<\/p>\n<\/div>\n                                                        <\/div>\n            <\/div>\n        <\/div>\n    <\/div>\n<\/article>\n\n\n<p class=\"is-style-more-btn\"><\/p>\n<\/div>\n<\/div>\n<\/div><\/div>\n\n\n\n<div class=\"wp-block-group cols-2\"><div class=\"wp-block-group__inner-container is-layout-flow wp-block-group-is-layout-flow\">\n<div class=\"wp-block-columns is-layout-flex wp-container-core-columns-is-layout-9d6595d7 wp-block-columns-is-layout-flex\">\n<div class=\"wp-block-column is-layout-flow wp-block-column-is-layout-flow\">\n\n<article>\n    <div class=\"a-innerblock block-onearticle-wrapper\">\n        <div class=\"a-innerblock block-newsheader-wrapper\">\n            <div class=\"block-newsheader-inner\" style=\"\">\n                <div class=\"text-wrapper\">\n                                                <div class=\"section-title\">\n                                <span>Innovation &#038; Entwicklung<\/span>\n                            <\/div>\n                                                                                                <h3>Mit Teamgeist und fachlicher Kompetenz meistern wir jede Herausforderung <\/h3>\n                                                                <!--  -->\n                                            <div><p>Profitieren Sie von unserer hauseigenen Entwicklungsabteilung, die \u00fcber langj\u00e4hrige, internationale und branchen\u00fcbergreifende Engineering-Erfahrung verf\u00fcgt. Mit einem gro\u00dfartigen Team von Ingenieuren und Designern, die eng mit einem Netzwerk von Installateuren und Branchenexperten zusammenarbeiten, k\u00f6nnen wir uns als Hersteller flexibel und schnell an die sich st\u00e4ndig \u00e4ndernden Marktanforderungen anpassen.<\/p>\n<\/div>\n                                                        <\/div>\n            <\/div>\n        <\/div>\n    <\/div>\n<\/article><\/div>\n\n\n\n<div class=\"wp-block-column is-vertically-aligned-center is-layout-flow wp-block-column-is-layout-flow\"><div class=\"wp-block-image is-style-default\">\n<figure class=\"aligncenter size-full is-resized\"><img loading=\"lazy\" decoding=\"async\" width=\"1080\" height=\"1080\" src=\"https:\/\/www.mounting-systems.com\/wp-content\/uploads\/2022\/12\/Trapezeschiene-Hochkant_2.jpg\" alt=\"E-Port Premium Nahaufnahme der Module am Dach, 3D-Rendering\" class=\"wp-image-17122\" style=\"width:503px;height:auto\" srcset=\"https:\/\/www.mounting-systems.com\/wp-content\/uploads\/2022\/12\/Trapezeschiene-Hochkant_2.jpg 1080w, https:\/\/www.mounting-systems.com\/wp-content\/uploads\/2022\/12\/Trapezeschiene-Hochkant_2-800x800.jpg 800w, https:\/\/www.mounting-systems.com\/wp-content\/uploads\/2022\/12\/Trapezeschiene-Hochkant_2-150x150.jpg 150w, https:\/\/www.mounting-systems.com\/wp-content\/uploads\/2022\/12\/Trapezeschiene-Hochkant_2-768x768.jpg 768w\" sizes=\"auto, (max-width: 1080px) 100vw, 1080px\" \/><\/figure>\n<\/div><\/div>\n<\/div>\n<\/div><\/div>\n\n\n\n<div id=\"referenzen\" class=\"wp-block-group cols-2\"><div class=\"wp-block-group__inner-container is-layout-flow wp-block-group-is-layout-flow\"><\/div><\/div>\n\n\n\n<div id=\"arbeitshilfen\" class=\"wp-block-group cols-2\"><div class=\"wp-block-group__inner-container is-layout-flow wp-block-group-is-layout-flow\">\n<div class=\"wp-block-columns is-style-default is-layout-flex wp-container-core-columns-is-layout-9d6595d7 wp-block-columns-is-layout-flex\">\n<div class=\"wp-block-column is-layout-flow wp-block-column-is-layout-flow\">\n\n<div class=\"a-innerblock accordion-list accordion-reg-list block-accordion-wrapper is-style-more-btn\">\n    <div class=\"a-innerblock block-newsheader-wrapper is-style-more-btn\">\n        <div class=\"block-newsheader-inner\">\n            <div class=\"text-wrapper\">\n                                        <div class=\"section-title\">\n                            <span>Arbeitshilfen<\/span>\n                        <\/div>\n                                                                                                            <h3>Sparen Sie Zeit und Wege mit unserem digitalen Showroom und unserer Auslegungssoftware<\/h3>\n                                                                                                        <\/div>\n        <\/div>\n    <\/div>\n        <div class=\"block-accordion-wrapper-inner\">\n                    <ul class=\"level-1\">\n                                    <li class=\"accordion-wrapper border-b\">\n                                                    <h4 class=\"c-title accordion-btn font-l\">Digitaler Showroom<\/h4>\n                                                <div class=\"accordion-txt\">\n                            <p>Ob vom Smartphone, Tablet oder Desktop aus: Gewinnen Sie dank der interaktiven dreidimensionalen Darstellungen, der animierten Explosionszeichnungen und der zahlreichen Detailaufnahmen ein tiefes Verst\u00e4ndnis von unseren Montagesystemen.<\/p>\n                        <\/div>\n                    <\/li>\n                                    <li class=\"accordion-wrapper border-b\">\n                                                    <h4 class=\"c-title accordion-btn font-l\">Installation Videos<\/h4>\n                                                <div class=\"accordion-txt\">\n                            <p>Auf unserem YouTube Kanal finden Sie Tutorials zur Montage unserer Produkte.<\/p>\n                        <\/div>\n                    <\/li>\n                            <\/ul>\n            <\/div>\n<\/div><\/div>\n\n\n\n<div class=\"wp-block-column is-vertically-aligned-center is-layout-flow wp-block-column-is-layout-flow\"><div class=\"wp-block-image\">\n<figure class=\"aligncenter size-full\"><img loading=\"lazy\" decoding=\"async\" width=\"400\" height=\"400\" src=\"https:\/\/www.mounting-systems.com\/wp-content\/uploads\/2023\/01\/28-Jahre-Erfahrung-Know-How-Kopie.png\" alt=\"\" class=\"wp-image-17529\" srcset=\"https:\/\/www.mounting-systems.com\/wp-content\/uploads\/2023\/01\/28-Jahre-Erfahrung-Know-How-Kopie.png 400w, https:\/\/www.mounting-systems.com\/wp-content\/uploads\/2023\/01\/28-Jahre-Erfahrung-Know-How-Kopie-150x150.png 150w\" sizes=\"auto, (max-width: 400px) 100vw, 400px\" \/><\/figure>\n<\/div><\/div>\n<\/div>\n<\/div><\/div>\n\n\n\n<div class=\"wp-block-group\"><div class=\"wp-block-group__inner-container is-layout-flow wp-block-group-is-layout-flow\"><\/div><\/div>\n","protected":false},"excerpt":{"rendered":"","protected":false},"author":9,"featured_media":0,"parent":0,"menu_order":10,"comment_status":"closed","ping_status":"closed","template":"","meta":{"_acf_changed":false,"footnotes":""},"categories":[18],"tags":[],"class_list":["post-557","page","type-page","status-publish","hentry","category-dach-gewerbe"],"acf":[],"yoast_head":"<!-- This site is optimized with the Yoast SEO plugin v27.5 - https:\/\/yoast.com\/product\/yoast-seo-wordpress\/ -->\n<title>Dach &amp; Gewerbe - Mounting Systems<\/title>\n<meta name=\"description\" content=\"Profitieren Sie von unserer hauseigenen Entwicklungsabteilung, die \u00fcber langj\u00e4hrige Engineering-Erfahrung verf\u00fcgt.\" \/>\n<meta name=\"robots\" content=\"index, follow, max-snippet:-1, max-image-preview:large, max-video-preview:-1\" \/>\n<link rel=\"canonical\" href=\"https:\/\/www.mounting-systems.com\/de\/dach-gewerbe\/\" \/>\n<meta property=\"og:locale\" content=\"de_DE\" \/>\n<meta property=\"og:type\" content=\"article\" \/>\n<meta property=\"og:title\" content=\"Dach &amp; Gewerbe - Mounting Systems\" \/>\n<meta property=\"og:description\" content=\"Profitieren Sie von unserer hauseigenen Entwicklungsabteilung, die \u00fcber langj\u00e4hrige Engineering-Erfahrung verf\u00fcgt.\" \/>\n<meta property=\"og:url\" content=\"https:\/\/www.mounting-systems.com\/de\/dach-gewerbe\/\" \/>\n<meta property=\"og:site_name\" content=\"Mounting Systems\" \/>\n<meta property=\"article:modified_time\" content=\"2026-04-01T13:36:09+00:00\" \/>\n<meta property=\"og:image\" content=\"https:\/\/www.mounting-systems.com\/wp-content\/uploads\/2021\/01\/lay-p312m2174530_3.jpg\" \/>\n<meta name=\"twitter:card\" content=\"summary_large_image\" \/>\n<meta name=\"twitter:label1\" content=\"Gesch\u00e4tzte Lesezeit\" \/>\n\t<meta name=\"twitter:data1\" content=\"1\u00a0Minute\" \/>\n<script type=\"application\/ld+json\" class=\"yoast-schema-graph\">{\"@context\":\"https:\\\/\\\/schema.org\",\"@graph\":[{\"@type\":\"WebPage\",\"@id\":\"https:\\\/\\\/www.mounting-systems.com\\\/dach-gewerbe\\\/\",\"url\":\"https:\\\/\\\/www.mounting-systems.com\\\/dach-gewerbe\\\/\",\"name\":\"Dach & Gewerbe - Mounting Systems\",\"isPartOf\":{\"@id\":\"https:\\\/\\\/www.mounting-systems.com\\\/de\\\/#website\"},\"primaryImageOfPage\":{\"@id\":\"https:\\\/\\\/www.mounting-systems.com\\\/dach-gewerbe\\\/#primaryimage\"},\"image\":{\"@id\":\"https:\\\/\\\/www.mounting-systems.com\\\/dach-gewerbe\\\/#primaryimage\"},\"thumbnailUrl\":\"https:\\\/\\\/www.mounting-systems.com\\\/wp-content\\\/uploads\\\/2021\\\/01\\\/lay-p312m2174530_3.jpg\",\"datePublished\":\"2021-01-22T17:53:05+00:00\",\"dateModified\":\"2026-04-01T13:36:09+00:00\",\"description\":\"Profitieren Sie von unserer hauseigenen Entwicklungsabteilung, die \u00fcber langj\u00e4hrige Engineering-Erfahrung verf\u00fcgt.\",\"breadcrumb\":{\"@id\":\"https:\\\/\\\/www.mounting-systems.com\\\/dach-gewerbe\\\/#breadcrumb\"},\"inLanguage\":\"de\",\"potentialAction\":[{\"@type\":\"ReadAction\",\"target\":[\"https:\\\/\\\/www.mounting-systems.com\\\/dach-gewerbe\\\/\"]}]},{\"@type\":\"ImageObject\",\"inLanguage\":\"de\",\"@id\":\"https:\\\/\\\/www.mounting-systems.com\\\/dach-gewerbe\\\/#primaryimage\",\"url\":\"https:\\\/\\\/www.mounting-systems.com\\\/wp-content\\\/uploads\\\/2021\\\/01\\\/lay-p312m2174530_3.jpg\",\"contentUrl\":\"https:\\\/\\\/www.mounting-systems.com\\\/wp-content\\\/uploads\\\/2021\\\/01\\\/lay-p312m2174530_3.jpg\"},{\"@type\":\"BreadcrumbList\",\"@id\":\"https:\\\/\\\/www.mounting-systems.com\\\/dach-gewerbe\\\/#breadcrumb\",\"itemListElement\":[{\"@type\":\"ListItem\",\"position\":1,\"name\":\"Startseite\",\"item\":\"https:\\\/\\\/www.mounting-systems.com\\\/\"},{\"@type\":\"ListItem\",\"position\":2,\"name\":\"Dach &#038; Gewerbe\"}]},{\"@type\":\"WebSite\",\"@id\":\"https:\\\/\\\/www.mounting-systems.com\\\/de\\\/#website\",\"url\":\"https:\\\/\\\/www.mounting-systems.com\\\/de\\\/\",\"name\":\"Mounting Systems\",\"description\":\"\",\"publisher\":{\"@id\":\"https:\\\/\\\/www.mounting-systems.com\\\/de\\\/#organization\"},\"potentialAction\":[{\"@type\":\"SearchAction\",\"target\":{\"@type\":\"EntryPoint\",\"urlTemplate\":\"https:\\\/\\\/www.mounting-systems.com\\\/de\\\/?s={search_term_string}\"},\"query-input\":{\"@type\":\"PropertyValueSpecification\",\"valueRequired\":true,\"valueName\":\"search_term_string\"}}],\"inLanguage\":\"de\"},{\"@type\":\"Organization\",\"@id\":\"https:\\\/\\\/www.mounting-systems.com\\\/de\\\/#organization\",\"name\":\"Mounting Systems\",\"url\":\"https:\\\/\\\/www.mounting-systems.com\\\/de\\\/\",\"logo\":{\"@type\":\"ImageObject\",\"inLanguage\":\"de\",\"@id\":\"https:\\\/\\\/www.mounting-systems.com\\\/de\\\/#\\\/schema\\\/logo\\\/image\\\/\",\"url\":\"https:\\\/\\\/www.mounting-systems.com\\\/wp-content\\\/uploads\\\/2021\\\/01\\\/MSG-Signet-white.png\",\"contentUrl\":\"https:\\\/\\\/www.mounting-systems.com\\\/wp-content\\\/uploads\\\/2021\\\/01\\\/MSG-Signet-white.png\",\"width\":432,\"height\":552,\"caption\":\"Mounting Systems\"},\"image\":{\"@id\":\"https:\\\/\\\/www.mounting-systems.com\\\/de\\\/#\\\/schema\\\/logo\\\/image\\\/\"}}]}<\/script>\n<!-- \/ Yoast SEO plugin. -->","yoast_head_json":{"title":"Dach & Gewerbe - Mounting Systems","description":"Profitieren Sie von unserer hauseigenen Entwicklungsabteilung, die \u00fcber langj\u00e4hrige Engineering-Erfahrung verf\u00fcgt.","robots":{"index":"index","follow":"follow","max-snippet":"max-snippet:-1","max-image-preview":"max-image-preview:large","max-video-preview":"max-video-preview:-1"},"canonical":"https:\/\/www.mounting-systems.com\/de\/dach-gewerbe\/","og_locale":"de_DE","og_type":"article","og_title":"Dach & Gewerbe - Mounting Systems","og_description":"Profitieren Sie von unserer hauseigenen Entwicklungsabteilung, die \u00fcber langj\u00e4hrige Engineering-Erfahrung verf\u00fcgt.","og_url":"https:\/\/www.mounting-systems.com\/de\/dach-gewerbe\/","og_site_name":"Mounting Systems","article_modified_time":"2026-04-01T13:36:09+00:00","og_image":[{"url":"https:\/\/www.mounting-systems.com\/wp-content\/uploads\/2021\/01\/lay-p312m2174530_3.jpg","type":"","width":"","height":""}],"twitter_card":"summary_large_image","twitter_misc":{"Gesch\u00e4tzte Lesezeit":"1\u00a0Minute"},"schema":{"@context":"https:\/\/schema.org","@graph":[{"@type":"WebPage","@id":"https:\/\/www.mounting-systems.com\/dach-gewerbe\/","url":"https:\/\/www.mounting-systems.com\/dach-gewerbe\/","name":"Dach & Gewerbe - Mounting Systems","isPartOf":{"@id":"https:\/\/www.mounting-systems.com\/de\/#website"},"primaryImageOfPage":{"@id":"https:\/\/www.mounting-systems.com\/dach-gewerbe\/#primaryimage"},"image":{"@id":"https:\/\/www.mounting-systems.com\/dach-gewerbe\/#primaryimage"},"thumbnailUrl":"https:\/\/www.mounting-systems.com\/wp-content\/uploads\/2021\/01\/lay-p312m2174530_3.jpg","datePublished":"2021-01-22T17:53:05+00:00","dateModified":"2026-04-01T13:36:09+00:00","description":"Profitieren Sie von unserer hauseigenen Entwicklungsabteilung, die \u00fcber langj\u00e4hrige Engineering-Erfahrung verf\u00fcgt.","breadcrumb":{"@id":"https:\/\/www.mounting-systems.com\/dach-gewerbe\/#breadcrumb"},"inLanguage":"de","potentialAction":[{"@type":"ReadAction","target":["https:\/\/www.mounting-systems.com\/dach-gewerbe\/"]}]},{"@type":"ImageObject","inLanguage":"de","@id":"https:\/\/www.mounting-systems.com\/dach-gewerbe\/#primaryimage","url":"https:\/\/www.mounting-systems.com\/wp-content\/uploads\/2021\/01\/lay-p312m2174530_3.jpg","contentUrl":"https:\/\/www.mounting-systems.com\/wp-content\/uploads\/2021\/01\/lay-p312m2174530_3.jpg"},{"@type":"BreadcrumbList","@id":"https:\/\/www.mounting-systems.com\/dach-gewerbe\/#breadcrumb","itemListElement":[{"@type":"ListItem","position":1,"name":"Startseite","item":"https:\/\/www.mounting-systems.com\/"},{"@type":"ListItem","position":2,"name":"Dach &#038; Gewerbe"}]},{"@type":"WebSite","@id":"https:\/\/www.mounting-systems.com\/de\/#website","url":"https:\/\/www.mounting-systems.com\/de\/","name":"Mounting Systems","description":"","publisher":{"@id":"https:\/\/www.mounting-systems.com\/de\/#organization"},"potentialAction":[{"@type":"SearchAction","target":{"@type":"EntryPoint","urlTemplate":"https:\/\/www.mounting-systems.com\/de\/?s={search_term_string}"},"query-input":{"@type":"PropertyValueSpecification","valueRequired":true,"valueName":"search_term_string"}}],"inLanguage":"de"},{"@type":"Organization","@id":"https:\/\/www.mounting-systems.com\/de\/#organization","name":"Mounting Systems","url":"https:\/\/www.mounting-systems.com\/de\/","logo":{"@type":"ImageObject","inLanguage":"de","@id":"https:\/\/www.mounting-systems.com\/de\/#\/schema\/logo\/image\/","url":"https:\/\/www.mounting-systems.com\/wp-content\/uploads\/2021\/01\/MSG-Signet-white.png","contentUrl":"https:\/\/www.mounting-systems.com\/wp-content\/uploads\/2021\/01\/MSG-Signet-white.png","width":432,"height":552,"caption":"Mounting Systems"},"image":{"@id":"https:\/\/www.mounting-systems.com\/de\/#\/schema\/logo\/image\/"}}]}},"_links":{"self":[{"href":"https:\/\/www.mounting-systems.com\/de\/wp-json\/wp\/v2\/pages\/557","targetHints":{"allow":["GET"]}}],"collection":[{"href":"https:\/\/www.mounting-systems.com\/de\/wp-json\/wp\/v2\/pages"}],"about":[{"href":"https:\/\/www.mounting-systems.com\/de\/wp-json\/wp\/v2\/types\/page"}],"author":[{"embeddable":true,"href":"https:\/\/www.mounting-systems.com\/de\/wp-json\/wp\/v2\/users\/9"}],"replies":[{"embeddable":true,"href":"https:\/\/www.mounting-systems.com\/de\/wp-json\/wp\/v2\/comments?post=557"}],"version-history":[{"count":7,"href":"https:\/\/www.mounting-systems.com\/de\/wp-json\/wp\/v2\/pages\/557\/revisions"}],"predecessor-version":[{"id":25635,"href":"https:\/\/www.mounting-systems.com\/de\/wp-json\/wp\/v2\/pages\/557\/revisions\/25635"}],"wp:attachment":[{"href":"https:\/\/www.mounting-systems.com\/de\/wp-json\/wp\/v2\/media?parent=557"}],"wp:term":[{"taxonomy":"category","embeddable":true,"href":"https:\/\/www.mounting-systems.com\/de\/wp-json\/wp\/v2\/categories?post=557"},{"taxonomy":"post_tag","embeddable":true,"href":"https:\/\/www.mounting-systems.com\/de\/wp-json\/wp\/v2\/tags?post=557"}],"curies":[{"name":"wp","href":"https:\/\/api.w.org\/{rel}","templated":true}]}}