{"id":15036,"date":"2022-04-29T12:18:59","date_gmt":"2022-04-29T10:18:59","guid":{"rendered":"https:\/\/www.mounting-systems.com\/?page_id=15036"},"modified":"2024-08-20T12:41:15","modified_gmt":"2024-08-20T10:41:15","slug":"fd3-s-2","status":"publish","type":"page","link":"https:\/\/www.mounting-systems.com\/de\/dach-gewerbe\/pv-systeme\/flachdachsysteme\/fd3-s-2\/","title":{"rendered":"FD3-S Premium Line"},"content":{"rendered":"\n\n<div class=\"wp-block-cover has-custom-content-position is-position-bottom-center a-innerblock\">\n    <img loading=\"lazy\" decoding=\"async\" width=\"1920\" height=\"1080\" src=\"https:\/\/www.mounting-systems.com\/wp-content\/uploads\/2022\/05\/MSY-FD3-S-2x4-1.jpg\" class=\"hero-image-bg\" alt=\"FD3-S Produktbild, 3D-Rendering\" style=\"filter: brightness(0.98)\" srcset=\"https:\/\/www.mounting-systems.com\/wp-content\/uploads\/2022\/05\/MSY-FD3-S-2x4-1.jpg 1920w, https:\/\/www.mounting-systems.com\/wp-content\/uploads\/2022\/05\/MSY-FD3-S-2x4-1-800x450.jpg 800w, https:\/\/www.mounting-systems.com\/wp-content\/uploads\/2022\/05\/MSY-FD3-S-2x4-1-768x432.jpg 768w, https:\/\/www.mounting-systems.com\/wp-content\/uploads\/2022\/05\/MSY-FD3-S-2x4-1-1536x864.jpg 1536w\" sizes=\"auto, (max-width: 1920px) 100vw, 1920px\" \/>    <div class=\"wp-block-cover__inner-container\">\n                <div class=\"arrow-down hero-arrow\"><img decoding=\"async\" src=\"https:\/\/www.mounting-systems.com\/wp-content\/themes\/mosys\/images\/hero-arrow.svg\" alt=\"Scroll down icon\"><\/div>\n    <\/div>\n<\/div>\n<div class=\"print-only p-hero-image\">\n    <img loading=\"lazy\" decoding=\"async\" width=\"1920\" height=\"1080\" src=\"https:\/\/www.mounting-systems.com\/wp-content\/uploads\/2022\/05\/MSY-FD3-S-2x4-1.jpg\" class=\"attachment-full size-full\" alt=\"FD3-S Produktbild, 3D-Rendering\" style=\"filter: brightness(0.98)\" srcset=\"https:\/\/www.mounting-systems.com\/wp-content\/uploads\/2022\/05\/MSY-FD3-S-2x4-1.jpg 1920w, https:\/\/www.mounting-systems.com\/wp-content\/uploads\/2022\/05\/MSY-FD3-S-2x4-1-800x450.jpg 800w, https:\/\/www.mounting-systems.com\/wp-content\/uploads\/2022\/05\/MSY-FD3-S-2x4-1-768x432.jpg 768w, https:\/\/www.mounting-systems.com\/wp-content\/uploads\/2022\/05\/MSY-FD3-S-2x4-1-1536x864.jpg 1536w\" sizes=\"auto, (max-width: 1920px) 100vw, 1920px\" \/><\/div>\n\n\n<div class=\"wp-block-group cols-1-small has-black-color has-text-color\"><div class=\"wp-block-group__inner-container is-layout-flow wp-block-group-is-layout-flow\">\n<div class=\"wp-block-columns is-layout-flex wp-container-core-columns-is-layout-9d6595d7 wp-block-columns-is-layout-flex\">\n<div class=\"wp-block-column is-layout-flow wp-block-column-is-layout-flow\">\n\n<div class=\"a-innerblock block-newsheader-wrapper green\">\n    <div class=\"block-newsheader-inner\">\n        <div class=\"text-wrapper\">\n                                <div class=\"section-title\">\n                        <span>Flachdach<\/span>\n                    <\/div>\n                                                <h2>FD3-S Premium Line<\/h2>\n                                    <\/div>\n    <\/div>\n<\/div>\n\n\n<h3 class=\"wp-block-heading\">Technische Daten<\/h3>\n\n\n\n<figure class=\"wp-block-table is-style-regular\"><table><tbody><tr><td>Einsatzort<\/td><td>Flachdach<\/td><\/tr><tr><td>Dacheindeckung<\/td><td>F\u00fcr alle Dachuntergr\u00fcnde geeignet<\/td><\/tr><tr><td>Dachneigung<\/td><td>bis 5\u00b0<\/td><\/tr><tr><td>Geb\u00e4udeh\u00f6he<\/td><td>Max. 30 m<br>(abh\u00e4ngig von den Windlasten<br>vor Ort, h\u00f6here Geb\u00e4ude auf Anfrage)<\/td><\/tr><tr><td>Anstellwinkel<\/td><td>10\u00b0 oder 15\u00b0<\/td><\/tr><tr><td>Modulbreite<\/td><td>10\u00b0: 990\u2009mm &#8211; 1150\u2009mm<br>15\u00b0: 950\u2009mm &#8211; 1122\u2009mm<\/td><\/tr><tr><td>Modull\u00e4nge<\/td><td>Bis zu 2300 mm<\/td><\/tr><tr><td>St\u00fctzen<\/td><td>Zamak<\/td><\/tr><tr><td>Gestellprofile<\/td><td>Aluminium (EN AW 6063 T66)<\/td><\/tr><tr><td>Blechkomponenten<\/td><td>Verzinkter Stahl<br>(DX51A+ZM310\/Magnelis\u00ae ZM250)<\/td><\/tr><tr><td>Kleinteile<\/td><td>Edelstahl (V2A)<\/td><\/tr><tr><td>Farbe<\/td><td>Zink, Aluminium<\/td><\/tr><tr><td>Gew\u00e4hrleistung<\/td><td>10 Jahre<\/td><\/tr><\/tbody><\/table><\/figure>\n\n\n\n<p class=\"is-style-more-btn\"><a href=\"https:\/\/www.mounting-systems.com\/dach-gewerbe\/pv-systeme\/fd3-premium-line\/\">Produkt\u00fcbersicht<\/a><\/p>\n\n\n\n<p class=\"is-style-more-btn\"><a href=\"https:\/\/www.mounting-systems.com\/dach-gewerbe\/downloads\/#fd3-downloads\">Downloads<\/a><\/p>\n<\/div>\n<\/div>\n<\/div><\/div>\n\n\n\n<p><\/p>\n","protected":false},"excerpt":{"rendered":"<p>Technische Daten Einsatzort Flachdach Dacheindeckung F\u00fcr alle Dachuntergr\u00fcnde geeignet Dachneigung bis 5\u00b0 Geb\u00e4udeh\u00f6he Max. 30 m(abh\u00e4ngig von den Windlastenvor Ort, h\u00f6here Geb\u00e4ude auf Anfrage) Anstellwinkel 10\u00b0 oder 15\u00b0 Modulbreite 10\u00b0: 990\u2009mm &#8211; 1150\u2009mm15\u00b0: 950\u2009mm &#8211; 1122\u2009mm Modull\u00e4nge Bis zu 2300 mm St\u00fctzen Zamak Gestellprofile Aluminium (EN AW 6063 T66) Blechkomponenten Verzinkter Stahl(DX51A+ZM310\/Magnelis\u00ae ZM250) Kleinteile Edelstahl [&hellip;]<\/p>\n","protected":false},"author":9,"featured_media":0,"parent":605,"menu_order":0,"comment_status":"closed","ping_status":"closed","template":"page-pvsysteme.php","meta":{"_acf_changed":false,"footnotes":""},"categories":[18],"tags":[],"class_list":["post-15036","page","type-page","status-publish","hentry","category-dach-gewerbe"],"acf":[],"yoast_head":"<!-- This site is optimized with the Yoast SEO plugin v27.5 - https:\/\/yoast.com\/product\/yoast-seo-wordpress\/ -->\n<title>FD3-S Premium Line - Mounting Systems<\/title>\n<meta name=\"description\" content=\"Bei Schr\u00e4g\u2013 und Aufdach im Einsatz bietet das Pitched System freie Modulausrichtung und ist f\u00fcr beliebige Dacheindeckungen geeignet.\" \/>\n<meta name=\"robots\" content=\"index, follow, max-snippet:-1, max-image-preview:large, max-video-preview:-1\" \/>\n<link rel=\"canonical\" href=\"https:\/\/www.mounting-systems.com\/de\/dach-gewerbe\/pv-systeme\/flachdachsysteme\/fd3-s-2\/\" \/>\n<meta property=\"og:locale\" content=\"de_DE\" \/>\n<meta property=\"og:type\" content=\"article\" \/>\n<meta property=\"og:title\" content=\"FD3-S Premium Line - Mounting Systems\" \/>\n<meta property=\"og:description\" content=\"Bei Schr\u00e4g\u2013 und Aufdach im Einsatz bietet das Pitched System freie Modulausrichtung und ist f\u00fcr beliebige Dacheindeckungen geeignet.\" \/>\n<meta property=\"og:url\" content=\"https:\/\/www.mounting-systems.com\/de\/dach-gewerbe\/pv-systeme\/flachdachsysteme\/fd3-s-2\/\" \/>\n<meta property=\"og:site_name\" content=\"Mounting Systems\" \/>\n<meta property=\"article:modified_time\" content=\"2024-08-20T10:41:15+00:00\" \/>\n<meta name=\"twitter:card\" content=\"summary_large_image\" \/>\n<meta name=\"twitter:label1\" content=\"Gesch\u00e4tzte Lesezeit\" \/>\n\t<meta name=\"twitter:data1\" content=\"1\u00a0Minute\" \/>\n<script type=\"application\/ld+json\" class=\"yoast-schema-graph\">{\"@context\":\"https:\\\/\\\/schema.org\",\"@graph\":[{\"@type\":\"WebPage\",\"@id\":\"https:\\\/\\\/www.mounting-systems.com\\\/dach-gewerbe\\\/pv-systeme\\\/flachdachsysteme\\\/fd3-s-2\\\/\",\"url\":\"https:\\\/\\\/www.mounting-systems.com\\\/dach-gewerbe\\\/pv-systeme\\\/flachdachsysteme\\\/fd3-s-2\\\/\",\"name\":\"FD3-S Premium Line - Mounting Systems\",\"isPartOf\":{\"@id\":\"https:\\\/\\\/www.mounting-systems.com\\\/de\\\/#website\"},\"datePublished\":\"2022-04-29T10:18:59+00:00\",\"dateModified\":\"2024-08-20T10:41:15+00:00\",\"description\":\"Bei Schr\u00e4g\u2013 und Aufdach im Einsatz bietet das Pitched System freie Modulausrichtung und ist f\u00fcr beliebige Dacheindeckungen geeignet.\",\"breadcrumb\":{\"@id\":\"https:\\\/\\\/www.mounting-systems.com\\\/dach-gewerbe\\\/pv-systeme\\\/flachdachsysteme\\\/fd3-s-2\\\/#breadcrumb\"},\"inLanguage\":\"de\",\"potentialAction\":[{\"@type\":\"ReadAction\",\"target\":[\"https:\\\/\\\/www.mounting-systems.com\\\/dach-gewerbe\\\/pv-systeme\\\/flachdachsysteme\\\/fd3-s-2\\\/\"]}]},{\"@type\":\"BreadcrumbList\",\"@id\":\"https:\\\/\\\/www.mounting-systems.com\\\/dach-gewerbe\\\/pv-systeme\\\/flachdachsysteme\\\/fd3-s-2\\\/#breadcrumb\",\"itemListElement\":[{\"@type\":\"ListItem\",\"position\":1,\"name\":\"Startseite\",\"item\":\"https:\\\/\\\/www.mounting-systems.com\\\/\"},{\"@type\":\"ListItem\",\"position\":2,\"name\":\"Dach &#038; Gewerbe\",\"item\":\"https:\\\/\\\/www.mounting-systems.com\\\/dach-gewerbe\\\/\"},{\"@type\":\"ListItem\",\"position\":3,\"name\":\"PV-Systeme\",\"item\":\"https:\\\/\\\/www.mounting-systems.com\\\/dach-gewerbe\\\/pv-systeme\\\/\"},{\"@type\":\"ListItem\",\"position\":4,\"name\":\"Flachdach\",\"item\":\"https:\\\/\\\/www.mounting-systems.com\\\/dach-gewerbe\\\/pv-systeme\\\/flachdachsysteme\\\/\"},{\"@type\":\"ListItem\",\"position\":5,\"name\":\"FD3-S Premium Line\"}]},{\"@type\":\"WebSite\",\"@id\":\"https:\\\/\\\/www.mounting-systems.com\\\/de\\\/#website\",\"url\":\"https:\\\/\\\/www.mounting-systems.com\\\/de\\\/\",\"name\":\"Mounting Systems\",\"description\":\"\",\"publisher\":{\"@id\":\"https:\\\/\\\/www.mounting-systems.com\\\/de\\\/#organization\"},\"potentialAction\":[{\"@type\":\"SearchAction\",\"target\":{\"@type\":\"EntryPoint\",\"urlTemplate\":\"https:\\\/\\\/www.mounting-systems.com\\\/de\\\/?s={search_term_string}\"},\"query-input\":{\"@type\":\"PropertyValueSpecification\",\"valueRequired\":true,\"valueName\":\"search_term_string\"}}],\"inLanguage\":\"de\"},{\"@type\":\"Organization\",\"@id\":\"https:\\\/\\\/www.mounting-systems.com\\\/de\\\/#organization\",\"name\":\"Mounting Systems\",\"url\":\"https:\\\/\\\/www.mounting-systems.com\\\/de\\\/\",\"logo\":{\"@type\":\"ImageObject\",\"inLanguage\":\"de\",\"@id\":\"https:\\\/\\\/www.mounting-systems.com\\\/de\\\/#\\\/schema\\\/logo\\\/image\\\/\",\"url\":\"https:\\\/\\\/www.mounting-systems.com\\\/wp-content\\\/uploads\\\/2021\\\/01\\\/MSG-Signet-white.png\",\"contentUrl\":\"https:\\\/\\\/www.mounting-systems.com\\\/wp-content\\\/uploads\\\/2021\\\/01\\\/MSG-Signet-white.png\",\"width\":432,\"height\":552,\"caption\":\"Mounting Systems\"},\"image\":{\"@id\":\"https:\\\/\\\/www.mounting-systems.com\\\/de\\\/#\\\/schema\\\/logo\\\/image\\\/\"}}]}<\/script>\n<!-- \/ Yoast SEO plugin. -->","yoast_head_json":{"title":"FD3-S Premium Line - Mounting Systems","description":"Bei Schr\u00e4g\u2013 und Aufdach im Einsatz bietet das Pitched System freie Modulausrichtung und ist f\u00fcr beliebige Dacheindeckungen geeignet.","robots":{"index":"index","follow":"follow","max-snippet":"max-snippet:-1","max-image-preview":"max-image-preview:large","max-video-preview":"max-video-preview:-1"},"canonical":"https:\/\/www.mounting-systems.com\/de\/dach-gewerbe\/pv-systeme\/flachdachsysteme\/fd3-s-2\/","og_locale":"de_DE","og_type":"article","og_title":"FD3-S Premium Line - Mounting Systems","og_description":"Bei Schr\u00e4g\u2013 und Aufdach im Einsatz bietet das Pitched System freie Modulausrichtung und ist f\u00fcr beliebige Dacheindeckungen geeignet.","og_url":"https:\/\/www.mounting-systems.com\/de\/dach-gewerbe\/pv-systeme\/flachdachsysteme\/fd3-s-2\/","og_site_name":"Mounting Systems","article_modified_time":"2024-08-20T10:41:15+00:00","twitter_card":"summary_large_image","twitter_misc":{"Gesch\u00e4tzte Lesezeit":"1\u00a0Minute"},"schema":{"@context":"https:\/\/schema.org","@graph":[{"@type":"WebPage","@id":"https:\/\/www.mounting-systems.com\/dach-gewerbe\/pv-systeme\/flachdachsysteme\/fd3-s-2\/","url":"https:\/\/www.mounting-systems.com\/dach-gewerbe\/pv-systeme\/flachdachsysteme\/fd3-s-2\/","name":"FD3-S Premium Line - Mounting Systems","isPartOf":{"@id":"https:\/\/www.mounting-systems.com\/de\/#website"},"datePublished":"2022-04-29T10:18:59+00:00","dateModified":"2024-08-20T10:41:15+00:00","description":"Bei Schr\u00e4g\u2013 und Aufdach im Einsatz bietet das Pitched System freie Modulausrichtung und ist f\u00fcr beliebige Dacheindeckungen geeignet.","breadcrumb":{"@id":"https:\/\/www.mounting-systems.com\/dach-gewerbe\/pv-systeme\/flachdachsysteme\/fd3-s-2\/#breadcrumb"},"inLanguage":"de","potentialAction":[{"@type":"ReadAction","target":["https:\/\/www.mounting-systems.com\/dach-gewerbe\/pv-systeme\/flachdachsysteme\/fd3-s-2\/"]}]},{"@type":"BreadcrumbList","@id":"https:\/\/www.mounting-systems.com\/dach-gewerbe\/pv-systeme\/flachdachsysteme\/fd3-s-2\/#breadcrumb","itemListElement":[{"@type":"ListItem","position":1,"name":"Startseite","item":"https:\/\/www.mounting-systems.com\/"},{"@type":"ListItem","position":2,"name":"Dach &#038; Gewerbe","item":"https:\/\/www.mounting-systems.com\/dach-gewerbe\/"},{"@type":"ListItem","position":3,"name":"PV-Systeme","item":"https:\/\/www.mounting-systems.com\/dach-gewerbe\/pv-systeme\/"},{"@type":"ListItem","position":4,"name":"Flachdach","item":"https:\/\/www.mounting-systems.com\/dach-gewerbe\/pv-systeme\/flachdachsysteme\/"},{"@type":"ListItem","position":5,"name":"FD3-S Premium Line"}]},{"@type":"WebSite","@id":"https:\/\/www.mounting-systems.com\/de\/#website","url":"https:\/\/www.mounting-systems.com\/de\/","name":"Mounting Systems","description":"","publisher":{"@id":"https:\/\/www.mounting-systems.com\/de\/#organization"},"potentialAction":[{"@type":"SearchAction","target":{"@type":"EntryPoint","urlTemplate":"https:\/\/www.mounting-systems.com\/de\/?s={search_term_string}"},"query-input":{"@type":"PropertyValueSpecification","valueRequired":true,"valueName":"search_term_string"}}],"inLanguage":"de"},{"@type":"Organization","@id":"https:\/\/www.mounting-systems.com\/de\/#organization","name":"Mounting Systems","url":"https:\/\/www.mounting-systems.com\/de\/","logo":{"@type":"ImageObject","inLanguage":"de","@id":"https:\/\/www.mounting-systems.com\/de\/#\/schema\/logo\/image\/","url":"https:\/\/www.mounting-systems.com\/wp-content\/uploads\/2021\/01\/MSG-Signet-white.png","contentUrl":"https:\/\/www.mounting-systems.com\/wp-content\/uploads\/2021\/01\/MSG-Signet-white.png","width":432,"height":552,"caption":"Mounting Systems"},"image":{"@id":"https:\/\/www.mounting-systems.com\/de\/#\/schema\/logo\/image\/"}}]}},"_links":{"self":[{"href":"https:\/\/www.mounting-systems.com\/de\/wp-json\/wp\/v2\/pages\/15036","targetHints":{"allow":["GET"]}}],"collection":[{"href":"https:\/\/www.mounting-systems.com\/de\/wp-json\/wp\/v2\/pages"}],"about":[{"href":"https:\/\/www.mounting-systems.com\/de\/wp-json\/wp\/v2\/types\/page"}],"author":[{"embeddable":true,"href":"https:\/\/www.mounting-systems.com\/de\/wp-json\/wp\/v2\/users\/9"}],"replies":[{"embeddable":true,"href":"https:\/\/www.mounting-systems.com\/de\/wp-json\/wp\/v2\/comments?post=15036"}],"version-history":[{"count":0,"href":"https:\/\/www.mounting-systems.com\/de\/wp-json\/wp\/v2\/pages\/15036\/revisions"}],"up":[{"embeddable":true,"href":"https:\/\/www.mounting-systems.com\/de\/wp-json\/wp\/v2\/pages\/605"}],"wp:attachment":[{"href":"https:\/\/www.mounting-systems.com\/de\/wp-json\/wp\/v2\/media?parent=15036"}],"wp:term":[{"taxonomy":"category","embeddable":true,"href":"https:\/\/www.mounting-systems.com\/de\/wp-json\/wp\/v2\/categories?post=15036"},{"taxonomy":"post_tag","embeddable":true,"href":"https:\/\/www.mounting-systems.com\/de\/wp-json\/wp\/v2\/tags?post=15036"}],"curies":[{"name":"wp","href":"https:\/\/api.w.org\/{rel}","templated":true}]}}